{"id":99,"date":"2013-06-10T01:45:25","date_gmt":"2013-06-10T04:45:25","guid":{"rendered":"http:\/\/biucsproject.org\/blog\/?page_id=99"},"modified":"2013-06-13T23:46:08","modified_gmt":"2013-06-14T02:46:08","slug":"a-vida-eterna","status":"publish","type":"page","link":"https:\/\/biucsproject.org\/blog\/profecia-social\/a-vida-eterna\/","title":{"rendered":"A Vida Eterna"},"content":{"rendered":"<p><iframe loading=\"lazy\" src=\"http:\/\/biucsproject.org\/music\/general\/general_allan_kardec.htm\" height=\"41\" width=\"68\" frameborder=\"0\" scrolling=\"no\"><\/iframe><\/p>\n<p style=\"text-align: right;\" align=\"JUSTIFY\"><b>&#8220;<em>Viver muito. Eis a ambi\u00e7\u00e3o de quase todos.<br \/>\n<\/em><em>Poucos, por\u00e9m, t\u00eam ambi\u00e7\u00e3o de viver bem.<\/em>&#8221;<br \/>\n(John Hughes)<\/b><\/p>\n<p align=\"JUSTIFY\">O espiritismo \u00e9 uma filosofia com bases cient\u00edficas e conseq\u00fc\u00eancias religiosas. No campo cient\u00edfico faz a prova da sobreviv\u00eancia da alma. Como filosofia vem trazer luz sobre problemas como a exist\u00eancia de Deus, da alma da reencarna\u00e7\u00e3o, do livre arb\u00edtrio e do determinismo, das causas e objetivos dessa exist\u00eancia na Terra. Como religi\u00e3o orienta o homem no sentido do ensino moral do Evangelho de Cristo, e \u00e9 a revivesc\u00eancia do cristianismo na pureza e na simplicidade dos tempos de Jesus e da \u00e9poca apost\u00f3lica.<\/p>\n<p align=\"JUSTIFY\">N\u00e3o tem dogmas, rituais, liturgia, sacerd\u00f3cio organizado, santos. N\u00e3o se utiliza incenso, velas, amuletos, n\u00e3o tem liga\u00e7\u00e3o com quiromancia e cartomancia, etc.<\/p>\n<p>Os princ\u00edpios fundamentais da doutrina esp\u00edrita s\u00e3o:<\/p>\n<p>1) Deus;<br \/>\n2) evolu\u00e7\u00e3o;<br \/>\n3) reencarna\u00e7\u00e3o;<br \/>\n4) sobreviv\u00eancia da alma;<br \/>\n5) lei de causa e efeito;<br \/>\n6) pluralidade dos mundos habitados.<\/p>\n<p align=\"JUSTIFY\"><em>Deus<\/em>:\u00a0O espiritismo n\u00e3o conhece o Deus Uno e Trino (Pai, Filho, Esp\u00edrito Santo) dos crist\u00e3os, mas somente o Deus Uno. Deus existe, pois n\u00e3o h\u00e1 efeito sem causa. Tamb\u00e9m h\u00e1 nos homens um sentimento instintivo que lhes diz: &#8220;Deus existe&#8221;.<\/p>\n<p align=\"JUSTIFY\">Segundo o espiritismo, o dogma da Sant\u00edssima Trindade foi criado na Idade M\u00e9dia.<\/p>\n<p align=\"JUSTIFY\"><em>Anjos<\/em>:\u00a0O espiritismo n\u00e3o fala em anjos, mas em esp\u00edritos desencarnados que chegaram ao grau m\u00e1ximo de perfei\u00e7\u00e3o. Para os crist\u00e3os, judeus e islamitas os anjos s\u00e3o esp\u00edritos que jamais encarnaram.<\/p>\n<p align=\"JUSTIFY\"><em>Dem\u00f4nios<\/em>:\u00a0Tamb\u00e9m n\u00e3o usa esta terminologia, mas fala em esp\u00edritos maus, esp\u00edritos imperfeitos que praticam o mal no espa\u00e7o.<\/p>\n<p align=\"JUSTIFY\"><em>Homem<\/em>:\u00a0O corpo \u00e9 tempor\u00e1rio, inv\u00f3lucro da alma; e \u00e9 seu instrumento, mas somente necess\u00e1rio nos primeiros graus de progresso, na inf\u00e2ncia e adolesc\u00eancia da alma. Chegando esta a um certo grau de perfei\u00e7\u00e3o, essa uni\u00e3o com o corpo \u00e9 prescind\u00edvel, fazendo-se o progresso na sua vida de esp\u00edrito.<\/p>\n<p align=\"JUSTIFY\">Segundo Allan Kardec, todas as\u00a0<em>almas<\/em>\u00a0foram criadas por Deus totalmente iguais e destinadas a evoluir irresistivelmente rumo \u00e0 perfei\u00e7\u00e3o, sem possibilidade de retrocesso. Deus criou as almas desde toda a eternidade (preexist\u00eancia). A doutrina crist\u00e3 cat\u00f3lica diz que Deus cria a nossa alma imortal no momento da concep\u00e7\u00e3o (n\u00e3o h\u00e1 preexist\u00eancia).<\/p>\n<p align=\"JUSTIFY\"><em>Perisp\u00edrito<\/em>\u00a0&#8211; envolvendo o germe de um fruto h\u00e1 o perisperma. Do mesmo modo uma subst\u00e2ncia que, por compara\u00e7\u00e3o, se pode chamar de perisp\u00edrito, serve de envolt\u00f3rio ao esp\u00edrito propriamente dito. N\u00e3o existe alma sem perisp\u00edrito. chama-se tamb\u00e9m\u00a0<em>corpo astral<\/em>,\u00a0<em>corpo flu\u00eddico<\/em>\u00a0da alma,\u00a0<em>corpo ps\u00edquico<\/em>,\u00a0<em>ectoplasma<\/em>. Esse \u00e9 de mat\u00e9ria et\u00e9rea (energia metaf\u00edsica): sua subst\u00e2ncia \u00e9 haurida do fluido universal ou c\u00f3smico, que o forma e alimenta como o ar forma e alimenta o corpo material do homem. Atravessa todas as mat\u00e9rias. O esp\u00edrito manda no perisp\u00edrito e muda-lhe as qualidades, d\u00e1-lhe as apar\u00eancias que quiser: visibilidade, tangibilidade, opacidade. Nesses casos o perisp\u00edrito pode denotar calor, ser apalpado, oferecer resist\u00eancia de um corpo s\u00f3lido; agarra os circunstantes, deixa marcas na pele, d\u00e1 pancadas e, de s\u00fabito, dissipa-se na sombra. \u00c9 assim que um esp\u00edrito se faz vis\u00edvel a um encarnado que possua a vista ps\u00edquica. Cria objetos. Assim, pessoas podem entrar em contato com outras pessoas atrav\u00e9s de seu perisp\u00edrito e perceber pensamentos por intui\u00e7\u00e3o (Ex.: &#8211; Mas voc\u00ea me tirou a palavra da boca! Ou: &#8211; Era isso mesmo que eu estava pensando).<\/p>\n<p align=\"JUSTIFY\">A comunica\u00e7\u00e3o dos m\u00e9diuns com os esp\u00edritos \u00e9 poss\u00edvel atrav\u00e9s dos perisp\u00edritos, esses devem estar num mesmo grau de afinidade. Todos os fen\u00f4menos extraordin\u00e1rios, milagres, s\u00e3o explicados pelo perisp\u00edrito. Portanto, para os esp\u00edritas\u00a0<em>n\u00e3o h\u00e1 milagres<\/em>.<\/p>\n<p align=\"JUSTIFY\"><em>Pecado original<\/em>:\u00a0N\u00e3o existe para o espiritismo, o que existe \u00e9 o pecado feito pelo homem nas encarna\u00e7\u00f5es anteriores.<\/p>\n<p align=\"JUSTIFY\"><em>C\u00e9u<\/em>:\u00a0Ap\u00f3s uma longa s\u00e9rie de reencarna\u00e7\u00f5es o homem atinge o estado de puro esp\u00edrito. Essa situa\u00e7\u00e3o corresponde ao que a B\u00edblia chama de c\u00e9u.<\/p>\n<p align=\"JUSTIFY\"><em>Purgat\u00f3rio<\/em>:\u00a0A purifica\u00e7\u00e3o das almas imperfeitas se realiza atrav\u00e9s das m\u00faltiplas reencarna\u00e7\u00f5es, cuja purifica\u00e7\u00e3o se pode dar aqui na Terra como em outro planeta. O purgat\u00f3rio \u00e9 a Terra ou um outro planeta.<\/p>\n<p align=\"JUSTIFY\"><em>Inferno<\/em>:\u00a0Um lugar de castigo por toda a eternidade n\u00e3o existe, pois isso n\u00e3o teria sentido e seria contra a sabedoria divina, segundo Allan Kardec. C\u00e9u e inferno s\u00e3o dogmas criados na Idade M\u00e9dia que tornaram o cristianismo obscuro, segundo o espiritismo.<\/p>\n<p align=\"JUSTIFY\"><em>Novo Testamento<\/em>:\u00a0Aceita Cristo e a sua moral. Cristo existiu, mas n\u00e3o era Deus. Aperfei\u00e7oou-se atrav\u00e9s de muitas reencarna\u00e7\u00f5es e conseguiu a escala final das perfei\u00e7\u00f5es.<\/p>\n<p align=\"JUSTIFY\">Cristo foi um m\u00e9dium incompar\u00e1vel. Mandado por Deus \u00e0 terra, veio ensinar-nos como \u00e9 que podemos nos aperfei\u00e7oar. Cristo n\u00e3o \u00e9 o nosso salvador. O homem salva-se a si mesmo, seguindo o caminho de Cristo. Jesus morreu apenas para dar um exemplo de conformidade \u00e0 vontade divina.<\/p>\n<p align=\"right\">BIBLIOGRAFIA &#8211; WILGES, Irineu. Cultura religiosa:\u00a0<em>as religi\u00f5es no mundo<\/em>.\u00a08\u00aa cd. Petr\u00f3polis: Vozes, 1996.<\/p>\n<hr \/>\n<p align=\"JUSTIFY\">Certas rela\u00e7\u00f5es s\u00e3o regulamentadas conforme o texto &#8220;<a href=\"http:\/\/biucsproject.org\/general\/general_114204.htm\">Profecia Social<\/a>&#8220;, de forma que ningu\u00e9m pode agir contrariando regras da natureza ou de forma exclusivamente abusiva, somos limitados e proibidos de interromper ou interferir em projetos regulamentados por entidades superiores.<\/p>\n<hr \/>\n<p align=\"JUSTIFY\">Nosso c\u00e9rebro trabalha em freq\u00fc\u00eancias de ondas el\u00e9tricas. Cada indiv\u00edduo possui um ritmo diferente e particular, de forma que permanecemos isolados dos pensamentos alheios. Algumas vezes essa barreira se rompe e as freq\u00fc\u00eancias s\u00e3o igualadas por uma fra\u00e7\u00e3o de tempo, causando situa\u00e7\u00f5es como adivinhar uma m\u00fasica ou adivinhar palavras que seriam ditas por outra pessoa que est\u00e1 perto.<\/p>\n<p align=\"JUSTIFY\">Similar a transfer\u00eancia de ondas de uma torre para um aparelho de r\u00e1dio, metaforicamente somos um r\u00e1dio em que o sintonizador permanece movimentando-se constantemente, variando o recebimento de freq\u00fc\u00eancias de forma fren\u00e9tica e aleat\u00f3ria. Perceba que as freq\u00fc\u00eancias de onda s\u00e3o infinitas e o r\u00e1dio usa uma fra\u00e7\u00e3o limitad\u00edssima de ondas. Desta forma, esta compara\u00e7\u00e3o est\u00e1 fora de escala mas serve para exemplificar essas situa\u00e7\u00f5es.<\/p>\n<p align=\"JUSTIFY\">Quando h\u00e1 uma coincid\u00eancia de freq\u00fc\u00eancia, normalmente entre duas pessoas, h\u00e1 uma ligeira comunica\u00e7\u00e3o do tipo emissor-receptor. O c\u00e9rebro processa o pequeno trecho-fragmento recebido e o compara com os trechos contidos em sua mem\u00f3ria, como um computador consulta seu banco de dados, encontrando assim a continua\u00e7\u00e3o de um pensamento pronto. Por esse motivo os clich\u00eas, prov\u00e9rbios e ditados populares s\u00e3o normalmente mais f\u00e1ceis de se adivinhar assim como letras ou sons de m\u00fasicas. \u00c9 uma quest\u00e3o de estat\u00edstica matem\u00e1tica.<\/p>\n<p><script type=\"text\/javascript\">\/\/ <![CDATA[\ngoogle_ad_client = \"pub-6584850994269096\"; \/* 160x600, criado 27\/11\/08 *\/ google_ad_slot = \"9472601414\"; google_ad_width = 160; google_ad_height = 600;\n\/\/ ]]><\/script><script type=\"text\/javascript\" src=\"http:\/\/pagead2.googlesyndication.com\/pagead\/show_ads.js\">\/\/ <![CDATA[\n\n\n\/\/ ]]><\/script><\/p>\n","protected":false},"excerpt":{"rendered":"<p>&#8220;Viver muito. Eis a ambi\u00e7\u00e3o de quase todos. Poucos, por\u00e9m, t\u00eam ambi\u00e7\u00e3o de viver bem.&#8221; (John Hughes) O espiritismo \u00e9 [&hellip;]<\/p>\n","protected":false},"author":2,"featured_media":0,"parent":91,"menu_order":3,"comment_status":"closed","ping_status":"open","template":"","meta":{"footnotes":""},"class_list":["post-99","page","type-page","status-publish","hentry"],"jetpack_sharing_enabled":true,"jetpack_shortlink":"https:\/\/wp.me\/P4gyB8-1B","_links":{"self":[{"href":"https:\/\/biucsproject.org\/blog\/wp-json\/wp\/v2\/pages\/99","targetHints":{"allow":["GET"]}}],"collection":[{"href":"https:\/\/biucsproject.org\/blog\/wp-json\/wp\/v2\/pages"}],"about":[{"href":"https:\/\/biucsproject.org\/blog\/wp-json\/wp\/v2\/types\/page"}],"author":[{"embeddable":true,"href":"https:\/\/biucsproject.org\/blog\/wp-json\/wp\/v2\/users\/2"}],"replies":[{"embeddable":true,"href":"https:\/\/biucsproject.org\/blog\/wp-json\/wp\/v2\/comments?post=99"}],"version-history":[{"count":7,"href":"https:\/\/biucsproject.org\/blog\/wp-json\/wp\/v2\/pages\/99\/revisions"}],"predecessor-version":[{"id":322,"href":"https:\/\/biucsproject.org\/blog\/wp-json\/wp\/v2\/pages\/99\/revisions\/322"}],"up":[{"embeddable":true,"href":"https:\/\/biucsproject.org\/blog\/wp-json\/wp\/v2\/pages\/91"}],"wp:attachment":[{"href":"https:\/\/biucsproject.org\/blog\/wp-json\/wp\/v2\/media?parent=99"}],"curies":[{"name":"wp","href":"https:\/\/api.w.org\/{rel}","templated":true}]}}