{"id":97,"date":"2013-06-10T01:43:32","date_gmt":"2013-06-10T04:43:32","guid":{"rendered":"http:\/\/biucsproject.org\/blog\/?page_id=97"},"modified":"2013-06-13T23:44:53","modified_gmt":"2013-06-14T02:44:53","slug":"decisao-nas-trevas","status":"publish","type":"page","link":"https:\/\/biucsproject.org\/blog\/profecia-social\/decisao-nas-trevas\/","title":{"rendered":"Decis\u00e3o nas Trevas"},"content":{"rendered":"<p><iframe loading=\"lazy\" src=\"http:\/\/biucsproject.org\/music\/general\/general_darkness_decision.htm\" height=\"41\" width=\"68\" frameborder=\"0\" scrolling=\"no\"><\/iframe><\/p>\n<p align=\"justify\"><img decoding=\"async\" class=\"alignright\" alt=\"\" src=\"http:\/\/biucsproject.org\/images\/mv_skull_smoke.gif\" \/>ORGANIZADOR DE OBSESS\u00d5ES &#8211; Caros companheiros, atualmente o nosso problema intricado \u00e9 o Espiritismo. Ensinamentos renovadores em toda parte, horizontes claros na mente humana&#8230;<\/p>\n<p align=\"justify\">UM OBSERVADOR DAS TREVAS &#8211; Isso mesmo. Verdadeira l\u00e1stima!<\/p>\n<p align=\"justify\">ORGANIZADOR DE OBSESS\u00d5ES &#8211; Os esp\u00edritas criam atmosfera semelhante \u00e0 que se conheceu nos tempos de Cristo. N\u00e3o h\u00e1 meio de isol\u00e1-los nas preces inativas. Por mais sugiramos encantamentos com melodias e aromas, rituais e pain\u00e9is, mas se afastam das sedu\u00e7\u00f5es magn\u00e9ticas, atirando-se ao ex\u00e9rcito do bem. Ao inv\u00e9s de arcas m\u00edsticas, preferem tijolos para casas beneficientes. Em vez de se ajoelharem, caminham&#8230; Trocam perfumados unguentos por suor desagrad\u00e1vel, desde que possam servir aos semelhantes. Quadro igual ao da \u00e9poca de Jesus, em que se realizavam caravanas de socorro aos infelizes, onde os infelizes estivessem. Sabem voc\u00eas que tudo isso ocorre em preju\u00edzo nosso, de vez que precisamos das energias do homem, tanto quanto o homem necessita dos recursos do boi. (O g\u00eanio das sombras piscou os olhos.) Indispens\u00e1vel encontrar o processo de esmag\u00e1-los, destru\u00ed-los&#8230;<\/p>\n<p align=\"justify\">UM OBSESSOR EXALTADO &#8211; Conv\u00e9m a guerra declarada, provoca\u00e7\u00e3o de recinto em recinto&#8230;<\/p>\n<p align=\"justify\">ORGANIZADOR DE OBSESS\u00d5ES &#8211; Bobagem! Persegui\u00e7\u00e3o \u00e9 benef\u00edcio aos perseguidos. Deve ser feita apenas em nossa pr\u00f3pria fam\u00edlia, quando quisermos acordar um companheiro e torn\u00e1-lo mais vantajoso&#8230;<\/p>\n<p align=\"justify\">UM OBSESSOR VIOLENTO &#8211; Pode-se promover o exterm\u00ednio de todos eles&#8230; Desastres, envenenamentos&#8230; Um ve\u00edculo motorizado \u00e9 a morte de galochas, um medicamento mal dosado patrocina a desencarna\u00e7\u00e3o por descuido&#8230;<\/p>\n<p align=\"justify\">ORGANIZADOR DE OBSESS\u00d5ES &#8211; Morte assim n\u00e3o resolve. (Sorriu, brejeiro.) Voc\u00eas sabem que desde a crucifica\u00e7\u00e3o de Jesus n\u00e3o valem v\u00edtimas p\u00fablicas. V\u00edtimas s\u00e3o cartazes de propaganda para as ideias que representam. Que adianta retirar essa gente do corpo f\u00edsico? Engrossaria aqui a fileira dos que nos combatem. Imperioso inventar diferentes empresas de anula\u00e7\u00e3o.<\/p>\n<p align=\"justify\">UM MALFEITOR RECRUTA &#8211; Penso que seria \u00f3timo se consegu\u00edssemos formar falanges e falanges de obsessores, capazes de invadir os lares e as institui\u00e7\u00f5es esp\u00edritas, gerando a loucura em massa.<\/p>\n<p align=\"justify\">ORGANIZADOR DE OBSESS\u00d5ES &#8211; Medida contraproducente. As perturba\u00e7\u00f5es multiplicadas induziriam os esp\u00edritas a mais amplos estudos e observa\u00e7\u00f5es dos princ\u00edpios que abra\u00e7am&#8230; E voc\u00eas n\u00e3o desconhecem que o Espiritismo, quanto mais observado, mais luz fornece ao pensamento&#8230; Ora, \u00e9 claro que a luz n\u00e3o nos permite o servi\u00e7o da sombra&#8230;<\/p>\n<p align=\"justify\">UM OBSESSOR CONFUSIONISTA &#8211; Ser\u00e1 poss\u00edvel engenhar novos truques, novas mistifica\u00e7\u00f5es&#8230;<\/p>\n<p align=\"justify\">ORGANIZADOR DE OBSESS\u00d5ES &#8211; Tolice! Isso traria mais estudo&#8230;<\/p>\n<p align=\"justify\">UM MALFEITOR ANTIGO &#8211; Cal\u00fanias e disc\u00f3rdias, cr\u00edticas e esc\u00e1rnios nunca foram empregados em v\u00e3o&#8230;<\/p>\n<p align=\"justify\">ORGANIZADOR DE OBSESS\u00d5ES &#8211; Tudo isso \u00e9 t\u00e9cnica superada. O povo em si quer rendimento de boas obras. Toda pessoa injuriada vence facilmente essas tram\u00f3ias, desde que se conserve trabalhando&#8230;<\/p>\n<p align=\"justify\">UM OBSESSOR FABRICANTE DE D\u00daVIDAS &#8211; A melhor provid\u00eancia seria, decerto, a d\u00favida. As maiores cerebra\u00e7\u00f5es caem pela incerteza, imitando \u00e1rvores poderosas quando sufocadas pela erva-de-passarinho&#8230; Procuremos atrasar o passo dos esp\u00edritas, instilando-lhes a vacila\u00e7\u00e3o em mat\u00e9ria de f\u00e9&#8230; Bastar\u00e1 um tanto mais de trabalho em nossas organiza\u00e7\u00f5es e desconfiar\u00e3o da Provid\u00eancia Divida e da imortalidade da alma, acabando com a mediunidade e arquivando as doutrinas pregadas por eles mesmos&#8230;<\/p>\n<p align=\"justify\">ORGANIZADOR DE OBSESS\u00d5ES &#8211; A id\u00e9ia \u00e9 interessante, mas o tiro sairia pela culatra. Sobrariam aqueles de \u00e2nimo inquebrant\u00e1vel que, estimulados pela d\u00favida, se decidiriam por mais ampla incurs\u00e3o nos dom\u00ednios da realidade e, quando se pronunciassem, depois de mais amplas vis\u00f5es da vida, atrairiam multid\u00f5es contra o nosso pr\u00f3prio esfor\u00e7o.<\/p>\n<p align=\"justify\">UM VAMPIRIZADOR EXPERIENTE &#8211; Tenho um projeto que me parece vi\u00e1vel. Ser\u00e1 f\u00e1cil treinar alguns milhares de companheiros para a hipnose em larga escala e faremos que os esp\u00edritas se acreditem santos de carne e osso. Mobilizaremos legi\u00f5es de amigos nossos que lhes assoprem lisonja ao cora\u00e7\u00e3o, ocupando a mediunidade, seja na palavra falada ou escrita, para a sustenta\u00e7\u00e3o de elogios m\u00fatuos. Faremos que se suponham her\u00f3is e reis, m\u00edsticos e fidalgos reencarnados com t\u00edtulos honor\u00edficos, garantidos nos mundos superiores, como os beatos do tempo antigo se julgavam donos de poltronas cativas no reino dos C\u00e9us. Depois dessa primeira fase, estar\u00e3o dispostos a serem bonzinhos, a viverem na santa paz com todos. N\u00e3o mais abra\u00e7ar\u00e3o problemas; considerar\u00e3o a an\u00e1lise desnecess\u00e1ria; n\u00e3o estimar\u00e3o perder a companhia dos desencantados ou encarnados que os bajulem; ao inv\u00e9s de canseira, a servi\u00e7o dos outros, mergulhar\u00e3o a exist\u00eancia em medita\u00e7\u00f5es no colch\u00e3o de molas, esperando que os anjos lhes emprestem asas para a ascens\u00e3o aos Espa\u00e7os Felizes; usar\u00e3o o sil\u00eancio para que a verdade n\u00e3o os incomode e aproveitar\u00e3o a palavra, quando se trate de dourar a mentira que os favore\u00e7a.<\/p>\n<p align=\"justify\">Cada qual, assim, passar\u00e1 a viver entronizado na pequenina corte dos adoradores que lhes mantenham as ilus\u00f5es. Colocar\u00e3o considera\u00e7\u00f5es terrestres muito acima dos patrim\u00f4nios espirituais, para n\u00e3o ferirem a claque dos amigos que os incensem; abominar\u00e3o desgostos e aborrecimentos; nada querer\u00e3o com discernimento e racioc\u00ednio; dir\u00e3o que o mal ser\u00e1 apagado pela bondade de Deus e n\u00e3o se lembrar\u00e3o de que Deus espera por eles para que o bem triunfante do mal, estirando-se em medita\u00e7\u00f5es inoperantes acerca dos mil\u00eanios vindouros; fugir\u00e3o do mundo para n\u00e3o perderem a veste imaculada; detestar\u00e3o qualquer empreendimento que vise a movimentar as id\u00e9ias esp\u00edritas nas pra\u00e7as do mundo, a fim de n\u00e3o sofrerem incompreens\u00f5es e desgastes&#8230;<\/p>\n<p align=\"justify\">Em suma, h\u00e1 religi\u00f5es que possuem santos de pedra ou gesso, mas n\u00f3s, com a hipnose na base da a\u00e7\u00e3o, acabaremos improvisando neles santos de carne e osso por fora, conquanto prossigam na condi\u00e7\u00e3o de homens e mulheres por dentro&#8230;<\/p>\n<p align=\"justify\">Creio que, desse modo, enquanto estiverem preocupados em preservar a postura e a mascara dos santos, n\u00e3o dispor\u00e3o de tempo algum para os interesses do esp\u00edrito&#8230;<\/p>\n<p align=\"justify\">ORGANIZADOR DE OBSESS\u00d5ES &#8211; Excelente! Excelente! (O Chefe mostrou largo sorriso de satisfa\u00e7\u00e3o.) At\u00e9 que enfim! At\u00e9 que enfim!&#8230; M\u00e3os \u00e0 obra!&#8230;<\/p>\n<p align=\"justify\">MILHARES DE MALFEITORES E OBSESSORES &#8211; Muito bem!&#8230; Muito bem!&#8230;<\/p>\n<p align=\"right\"><b>(Contos desta e doutra vida &#8211; Cap\u00edtulo 38, P\u00e1gina 177.<br \/>\nFrancisco C\u00e2ndido Xavier, 1964 &#8211; Federa\u00e7\u00e3o Esp\u00edrita Brasileira)<\/b><\/p>\n","protected":false},"excerpt":{"rendered":"<p>ORGANIZADOR DE OBSESS\u00d5ES &#8211; Caros companheiros, atualmente o nosso problema intricado \u00e9 o Espiritismo. Ensinamentos renovadores em toda parte, horizontes [&hellip;]<\/p>\n","protected":false},"author":2,"featured_media":0,"parent":91,"menu_order":0,"comment_status":"closed","ping_status":"open","template":"","meta":{"footnotes":""},"class_list":["post-97","page","type-page","status-publish","hentry"],"jetpack_sharing_enabled":true,"jetpack_shortlink":"https:\/\/wp.me\/P4gyB8-1z","_links":{"self":[{"href":"https:\/\/biucsproject.org\/blog\/wp-json\/wp\/v2\/pages\/97","targetHints":{"allow":["GET"]}}],"collection":[{"href":"https:\/\/biucsproject.org\/blog\/wp-json\/wp\/v2\/pages"}],"about":[{"href":"https:\/\/biucsproject.org\/blog\/wp-json\/wp\/v2\/types\/page"}],"author":[{"embeddable":true,"href":"https:\/\/biucsproject.org\/blog\/wp-json\/wp\/v2\/users\/2"}],"replies":[{"embeddable":true,"href":"https:\/\/biucsproject.org\/blog\/wp-json\/wp\/v2\/comments?post=97"}],"version-history":[{"count":2,"href":"https:\/\/biucsproject.org\/blog\/wp-json\/wp\/v2\/pages\/97\/revisions"}],"predecessor-version":[{"id":321,"href":"https:\/\/biucsproject.org\/blog\/wp-json\/wp\/v2\/pages\/97\/revisions\/321"}],"up":[{"embeddable":true,"href":"https:\/\/biucsproject.org\/blog\/wp-json\/wp\/v2\/pages\/91"}],"wp:attachment":[{"href":"https:\/\/biucsproject.org\/blog\/wp-json\/wp\/v2\/media?parent=97"}],"curies":[{"name":"wp","href":"https:\/\/api.w.org\/{rel}","templated":true}]}}