{"id":93,"date":"2013-06-10T01:38:43","date_gmt":"2013-06-10T04:38:43","guid":{"rendered":"http:\/\/biucsproject.org\/blog\/?page_id=93"},"modified":"2013-06-13T23:43:58","modified_gmt":"2013-06-14T02:43:58","slug":"aprendizes-e-adversarios","status":"publish","type":"page","link":"https:\/\/biucsproject.org\/blog\/profecia-social\/aprendizes-e-adversarios\/","title":{"rendered":"Aprendizes e Advers\u00e1rios"},"content":{"rendered":"<p><iframe loading=\"lazy\" src=\"http:\/\/biucsproject.org\/music\/general\/general_145422.htm\" height=\"41\" width=\"68\" frameborder=\"0\" scrolling=\"no\"><\/iframe><br \/>\n<b><span style=\"font-size: large;\">Coment\u00e1rio<\/span><\/b><\/p>\n<p align=\"JUSTIFY\">&#8220;Sobre a justi\u00e7a de Deus e a revela\u00e7\u00e3o, pois, repetimos sempre: Um bom pai deixa sempre aos seus filhos uma porta aberta ao arrependimento. N\u00e3o lhe diz a raz\u00e3o que seria injusto privar para sempre, da felicidade eterna, todos aqueles cujo progresso n\u00e3o dependeu deles mesmos? N\u00e3o s\u00e3o todos os homens filhos de Deus? Somente entre os ego\u00edstas se encontram a iniq\u00fcidade, o \u00f3dio implac\u00e1vel e os castigos sem perd\u00e3o.<\/p>\n<p align=\"JUSTIFY\">Todos os Esp\u00edritos tendem \u00e0 perfei\u00e7\u00e3o e Deus lhes fornece os meios pelas provas da vida corp\u00f3rea; mas, em sua justi\u00e7a, lhes faculta realizar, em novas exist\u00eancias, o que n\u00e3o puderam fazer ou concluir numa primeira prova.<\/p>\n<p align=\"JUSTIFY\">N\u00e3o estaria de acordo com a eq\u00fcidade, nem com a bondade de Deus, castigar para sempre aqueles que encontraram obst\u00e1culos ao seu progresso, independentemente da sua vontade e pelo meio mesmo onde foram colocados. Se o destino do homem est\u00e1 irrevogavelmente fixado ap\u00f3s a sua morte, Deus n\u00e3o teria pesado as a\u00e7\u00f5es de todos na mesma balan\u00e7a, e n\u00e3o os teria tratado com imparcialidade.&#8221;<\/p>\n<p>(Psicografado &#8211; O Livro dos Esp\u00edritos, Allan Kardec)<br \/>\nT\u00edtulo do original: LE LIVRE DES ESPRITS<br \/>\nEdi\u00e7\u00e3o U.S.K.B. (1954)<\/p>\n<hr \/>\n<p><b><span style=\"font-size: x-large;\">Aprendizes e advers\u00e1rios<\/span><\/b><\/p>\n<p align=\"JUSTIFY\">Jonathan, Jess\u00e9 e Eliakim, funcion\u00e1rios do Templo de Jerusal\u00e9m, passando por Cafarnaum, procuraram Jesus no singelo domic\u00edlio de Sim\u00e3o Pedro.<\/p>\n<p align=\"JUSTIFY\">Recebidos pelo Senhor, entregaram-se, de imediato, \u00e0 conversa\u00e7\u00e3o.<\/p>\n<p align=\"JUSTIFY\">&#8211; Mestre &#8211; disse o primeiro -, soubemos que a tua palavra traz ao mundo as Boas Novas do Reino de Deus e, entusiasmados com as tuas concep\u00e7\u00f5es, hipotecamos ao teu minist\u00e9rio o nosso aplauso irrestrito. Aspiramos, Senhor, \u00e0 posi\u00e7\u00e3o de disc\u00edpulos teus&#8230; N\u00e3o obstante as obriga\u00e7\u00f5es que nos prendem ao Sagrado Tabern\u00e1culo de Israel, anelamos servir-te, aceitando-te as ideias e li\u00e7\u00f5es, com as quais seremos colunas de tua causa na cidade eleita do Povo Escolhido&#8230; Contudo, antes de solenizar nossos votos, desejamos ouvir-te quanto \u00e0 conduta que nos compete \u00e0 frente dos inimigos&#8230;<\/p>\n<p align=\"JUSTIFY\">&#8211; Messias, somos hostilizados por terr\u00edveis desafetos, no Santu\u00e1rio &#8211; exclamou o segundo -, e, extasiados com os teus ensinamentos, estimar\u00edamos acolher-te a orienta\u00e7\u00e3o.<\/p>\n<p align=\"JUSTIFY\">&#8211; Filho de Deus &#8211; pediu o terceiro -, ensina-nos como agir&#8230;<\/p>\n<p align=\"JUSTIFY\">Jesus meditou alguns instantes, e respondeu:<\/p>\n<p align=\"JUSTIFY\">&#8211; Primeiramente, \u00e9 justo considerar nossos advers\u00e1rios como instrutores. O inimigo v\u00ea junto de n\u00f3s a sombra que o amigo n\u00e3o deseja ver e pode ajudar-nos a fazer mais luz no caminho que nos \u00e9 pr\u00f3prio. Cabe-nos, desse modo, tolerar-lhe as admoesta\u00e7\u00f5es, com nobreza e serenidade, tal qual o ferro, que ap\u00f3s sofrer, pacientemente, o calor da forja, ainda suporta os golpes do malho com dignidade humilde, a fim de se adaptar \u00e0 utilidade e \u00e0 beleza.<\/p>\n<p align=\"JUSTIFY\">Os visitantes entreolharam-se, perplexos, e Jonathan retomou a palavra, perguntando:<\/p>\n<p align=\"JUSTIFY\">&#8211; Senhor, e se somos injuriados?<\/p>\n<p align=\"JUSTIFY\">&#8211; Adotemos o perd\u00e3o e o sil\u00eancio &#8211; disse Jesus. &#8211; Muita gente que insulta \u00e9 v\u00edtima de perturba\u00e7\u00e3o e enfermidade.<\/p>\n<p align=\"JUSTIFY\">&#8211; E se formos perseguidos? &#8211; Indagou Jess\u00e9.<\/p>\n<p align=\"JUSTIFY\">&#8211; Utilizemos a ora\u00e7\u00e3o em favor daqueles que nos afligem, para que n\u00e3o venhamos a cair no escuro n\u00edvel da ignor\u00e2ncia a que se acolhem.<\/p>\n<p align=\"JUSTIFY\">&#8211; Mestre, e se nos baterem, esmurrarem? &#8211; interrogou Eliakim. &#8211; Que fazer se a viol\u00eancia nos avilta e confunde?<\/p>\n<p align=\"JUSTIFY\">&#8211; Ainda assim &#8211; esclareceu o brando interpelado -, a paz \u00edntima deve ser o nosso asilo e o amor fraterno a nossa atitude, porquanto, quem procura seviciar o pr\u00f3ximo e dilacer\u00e1-lo est\u00e1 louco e merece compaix\u00e3o.<\/p>\n<p align=\"JUSTIFY\">&#8211; Senhor &#8211; insistiu Jonathan -, que resposta oferecer, ent\u00e3o, \u00e0 maledic\u00eancia, \u00e0 cal\u00fania e \u00e0 perversidade?<\/p>\n<p align=\"JUSTIFY\">O Cristo sorriu e precisou:<\/p>\n<p align=\"JUSTIFY\">&#8211; O maledicente guarda consigo o infort\u00fanio de descer \u00e0 condi\u00e7\u00e3o do verme que se alimenta com o lixo do mundo, o caluniador traz no cora\u00e7\u00e3o largas doses de fel e veneno que lhe flagelam a vida, e o perverso tem a infelicidade de cair nas armadilhas que tece para os outros. O perd\u00e3o \u00e9 a \u00fanica resposta que merecem, porque s\u00e3o bastante desditosos por si mesmos.<\/p>\n<p align=\"JUSTIFY\">&#8211; E que rea\u00e7\u00e3o assumir perante os que perseguem? &#8211; inquiriu Jess\u00e9, preocupado.<\/p>\n<p><img loading=\"lazy\" decoding=\"async\" alt=\"\" src=\"http:\/\/biucsproject.org\/images\/pic_eremita.jpg\" width=\"187\" height=\"390\" align=\"right\" \/><\/p>\n<p align=\"JUSTIFY\">&#8211; Quem persegue os semelhantes tem o esp\u00edrito em densas trevas e mais se assemelha ao cego desesperado que investe contra os fantasmas da pr\u00f3pria imagina\u00e7\u00e3o, arrojando-se ao fosso do sofrimento. Por esse motivo, o socorro espiritual \u00e9 o melhor rem\u00e9dio para os que nos atormentam&#8230;<\/p>\n<p align=\"JUSTIFY\">&#8211; E que puni\u00e7\u00e3o reservar aos que nos ferem o corpo, assaltando-nos o brio? &#8211; perguntou Eliakim, espantando. &#8211; Refiro-me \u00e0queles que nos vergastam a face e fazem sangrar o peito&#8230;<\/p>\n<p align=\"JUSTIFY\">&#8211; Quem golpeia pela espada, pela espada ser\u00e1 golpeado tamb\u00e9m, at\u00e9 que reine o Amor Puro na Terra &#8211; explicou o Mestre, sem pestanejar. &#8211; Quem se rende \u00e0s sugest\u00f5es do crime \u00e9 um doente perigoso que devemos corrigir com a reclus\u00e3o e com o tratamento indispens\u00e1vel. O sangue n\u00e3o apaga o sangue e o mal n\u00e3o retifica o mal&#8230;<\/p>\n<p align=\"JUSTIFY\">E, espraiando o olhar doce do l\u00facido pelos circunstantes, continuou:<\/p>\n<p align=\"JUSTIFY\">&#8211; \u00c9 imperioso saibamos amar e educar os semelhantes com a for\u00e7a de nossas convic\u00e7\u00f5es e conhecimentos, a fim de que o Reino de Deus se estenda no mundo&#8230; As Boas Novas de Salva\u00e7\u00e3o esperam que o santo ampare o pecador, que o s\u00e3o ajude ao enfermo, que a v\u00edtima auxilie o verdugo&#8230; Para isso, \u00e9 imprescind\u00edvel que o perd\u00e3o incondicional, com o olvido de todas as ofensas, assegure a paz e a renova\u00e7\u00e3o de tudo&#8230;<\/p>\n<p align=\"JUSTIFY\">Nesse \u00ednterim, uma crian\u00e7a doente chorou em alta voz num aposento cont\u00edguo.<\/p>\n<p align=\"JUSTIFY\">O Mestre pediu alguns instantes de espera e saiu para socorr\u00ea-la, mas, ao regressar, debalde buscou a presen\u00e7a dos aprendizes fervorosos e entusiastas.<\/p>\n<p align=\"JUSTIFY\">Na sala modesta de Pedro n\u00e3o havia ningu\u00e9m.<\/p>\n<p align=\"right\">(Contos Desta e Doutra Vida &#8211; Cap\u00edtulo 4, P\u00e1gina 23.<br \/>\nFrancisco C\u00e2ndido Xavier, 1964 &#8211; Federa\u00e7\u00e3o Esp\u00edrita Brasileira)<\/p>\n","protected":false},"excerpt":{"rendered":"<p>Coment\u00e1rio &#8220;Sobre a justi\u00e7a de Deus e a revela\u00e7\u00e3o, pois, repetimos sempre: Um bom pai deixa sempre aos seus filhos [&hellip;]<\/p>\n","protected":false},"author":2,"featured_media":0,"parent":91,"menu_order":0,"comment_status":"closed","ping_status":"open","template":"","meta":{"footnotes":""},"class_list":["post-93","page","type-page","status-publish","hentry"],"jetpack_sharing_enabled":true,"jetpack_shortlink":"https:\/\/wp.me\/P4gyB8-1v","_links":{"self":[{"href":"https:\/\/biucsproject.org\/blog\/wp-json\/wp\/v2\/pages\/93","targetHints":{"allow":["GET"]}}],"collection":[{"href":"https:\/\/biucsproject.org\/blog\/wp-json\/wp\/v2\/pages"}],"about":[{"href":"https:\/\/biucsproject.org\/blog\/wp-json\/wp\/v2\/types\/page"}],"author":[{"embeddable":true,"href":"https:\/\/biucsproject.org\/blog\/wp-json\/wp\/v2\/users\/2"}],"replies":[{"embeddable":true,"href":"https:\/\/biucsproject.org\/blog\/wp-json\/wp\/v2\/comments?post=93"}],"version-history":[{"count":4,"href":"https:\/\/biucsproject.org\/blog\/wp-json\/wp\/v2\/pages\/93\/revisions"}],"predecessor-version":[{"id":320,"href":"https:\/\/biucsproject.org\/blog\/wp-json\/wp\/v2\/pages\/93\/revisions\/320"}],"up":[{"embeddable":true,"href":"https:\/\/biucsproject.org\/blog\/wp-json\/wp\/v2\/pages\/91"}],"wp:attachment":[{"href":"https:\/\/biucsproject.org\/blog\/wp-json\/wp\/v2\/media?parent=93"}],"curies":[{"name":"wp","href":"https:\/\/api.w.org\/{rel}","templated":true}]}}