{"id":91,"date":"2013-06-10T01:36:58","date_gmt":"2013-06-10T04:36:58","guid":{"rendered":"http:\/\/biucsproject.org\/blog\/?page_id=91"},"modified":"2013-06-10T01:36:58","modified_gmt":"2013-06-10T04:36:58","slug":"profecia-social","status":"publish","type":"page","link":"https:\/\/biucsproject.org\/blog\/profecia-social\/","title":{"rendered":"Profecia Social"},"content":{"rendered":"<p align=\"center\"><img loading=\"lazy\" decoding=\"async\" alt=\"\" src=\"http:\/\/biucsproject.org\/images\/mv_electric_bolt_1.gif\" width=\"640\" height=\"42\" \/><\/p>\n<p align=\"JUSTIFY\">&#8220;O fisiologista narra tudo aquilo que v\u00ea. Orgulho dos homens que cr\u00eaem tudo saber e n\u00e3o admitem que alguma coisa possa ultrapassar seus conhecimentos. Sua pr\u00f3pria Ci\u00eancia os torna presun\u00e7osos; pensam que a natureza n\u00e3o pode ocultar-lhes nada.&#8221;<br \/>\n(Psicografado)<\/p>\n","protected":false},"excerpt":{"rendered":"<p>&#8220;O fisiologista narra tudo aquilo que v\u00ea. Orgulho dos homens que cr\u00eaem tudo saber e n\u00e3o admitem que alguma coisa [&hellip;]<\/p>\n","protected":false},"author":2,"featured_media":0,"parent":0,"menu_order":7,"comment_status":"closed","ping_status":"open","template":"","meta":{"footnotes":""},"class_list":["post-91","page","type-page","status-publish","hentry"],"jetpack_sharing_enabled":true,"jetpack_shortlink":"https:\/\/wp.me\/P4gyB8-1t","_links":{"self":[{"href":"https:\/\/biucsproject.org\/blog\/wp-json\/wp\/v2\/pages\/91","targetHints":{"allow":["GET"]}}],"collection":[{"href":"https:\/\/biucsproject.org\/blog\/wp-json\/wp\/v2\/pages"}],"about":[{"href":"https:\/\/biucsproject.org\/blog\/wp-json\/wp\/v2\/types\/page"}],"author":[{"embeddable":true,"href":"https:\/\/biucsproject.org\/blog\/wp-json\/wp\/v2\/users\/2"}],"replies":[{"embeddable":true,"href":"https:\/\/biucsproject.org\/blog\/wp-json\/wp\/v2\/comments?post=91"}],"version-history":[{"count":1,"href":"https:\/\/biucsproject.org\/blog\/wp-json\/wp\/v2\/pages\/91\/revisions"}],"predecessor-version":[{"id":92,"href":"https:\/\/biucsproject.org\/blog\/wp-json\/wp\/v2\/pages\/91\/revisions\/92"}],"wp:attachment":[{"href":"https:\/\/biucsproject.org\/blog\/wp-json\/wp\/v2\/media?parent=91"}],"curies":[{"name":"wp","href":"https:\/\/api.w.org\/{rel}","templated":true}]}}