{"id":81,"date":"2013-06-10T01:24:09","date_gmt":"2013-06-10T04:24:09","guid":{"rendered":"http:\/\/biucsproject.org\/blog\/?page_id=81"},"modified":"2013-06-10T01:25:59","modified_gmt":"2013-06-10T04:25:59","slug":"o-medo","status":"publish","type":"page","link":"https:\/\/biucsproject.org\/blog\/preconceito\/o-medo\/","title":{"rendered":"O Medo"},"content":{"rendered":"<p><span style=\"font-family: Verdana;\"><strong>O Maior Gigante da Alma<br \/>\n(Fernando Teixeira\u00a0 Andrade)<\/strong><\/span><\/p>\n<p align=\"JUSTIFY\">Para quem tem medo, e a nada se atreve, tudo \u00e9 ousado e perigoso. \u00c9 o medo que esteriliza nossos abra\u00e7os e cancela nossos afetos; que pro\u00edbe nossos beijos e nos coloca sempre do lado de c\u00e1 do muro. Esse medo que se enra\u00edza no cora\u00e7\u00e3o do homem impede-o de ver o mundo que se descortina para al\u00e9m do muro, como se o novo fosse sempre uma cilada, e o desconhecido tivesse sempre uma armadilha a amea\u00e7ar nossa ilus\u00e3o de seguran\u00e7a e certeza.<\/p>\n<p align=\"JUSTIFY\">O medo, j\u00e1 dizia Mira Y Lopes, \u00e9 o grande gigante da alma, \u00e9 a mais forte e mais at\u00e1vica das nossas emo\u00e7\u00f5es. Somos educados para o medo, para o n\u00e3o-ousar e, no entanto, os grandes saltos que demos, no tempo e no espa\u00e7o, na ci\u00eancia e na arte, na vida e no amor, foram transgress\u00f5es, e somente a coragem l\u00fadica pode trazer o novo, e a paisagem vasta que se descortina al\u00e9m dos muros que erguemos dentro e fora de n\u00f3s mesmos.<\/p>\n<p align=\"JUSTIFY\">E se Cristo n\u00e3o tivesse ousado saber-se o Messias Prometido? E se Galileu Galilei tivesse se acovardado, diante das evid\u00eancias que hoje aceitamos naturalmente? E se Freud tivesse se acovardado diante das profundezas do inconsciente? E se Picasso n\u00e3o tivesse se atrevido a distorcer as formas e a olhar como quem tivesse mil olhos? &#8220;A mente apavora o que n\u00e3o \u00e9 mesmo velho&#8221;, canta o poeta, expressando o choque do novo, o estranhamento do desconhecido.<\/p>\n<p align=\"JUSTIFY\"><em><strong>H\u00e1 um tempo em que \u00e9 preciso abandonar as roupas usadas, que j\u00e1 t\u00eam a forma do corpo, e esquecer os nossos caminhos, que nos levam sempre aos mesmos lugares. \u00c9 o tempo da travessia: e se n\u00e3o ousarmos faz\u00ea-la, teremos ficado, para sempre, \u00e0 margem de n\u00f3s mesmos.<\/strong><\/em><\/p>\n<p><span style=\"font-family: Verdana;\">*<\/span><\/p>\n<p><span style=\"font-family: Verdana;\"><strong>Fernando Teixeira de Andrade,<\/strong>\u00a0escritor. Foi professor de Literatura do Col\u00e9gio e Curso Pr\u00e9-Vestibular do Objetivo.<\/span><\/p>\n","protected":false},"excerpt":{"rendered":"<p>O Maior Gigante da Alma (Fernando Teixeira\u00a0 Andrade) Para quem tem medo, e a nada se atreve, tudo \u00e9 ousado [&hellip;]<\/p>\n","protected":false},"author":2,"featured_media":0,"parent":79,"menu_order":0,"comment_status":"closed","ping_status":"open","template":"","meta":{"footnotes":""},"class_list":["post-81","page","type-page","status-publish","hentry"],"jetpack_sharing_enabled":true,"jetpack_shortlink":"https:\/\/wp.me\/P4gyB8-1j","_links":{"self":[{"href":"https:\/\/biucsproject.org\/blog\/wp-json\/wp\/v2\/pages\/81","targetHints":{"allow":["GET"]}}],"collection":[{"href":"https:\/\/biucsproject.org\/blog\/wp-json\/wp\/v2\/pages"}],"about":[{"href":"https:\/\/biucsproject.org\/blog\/wp-json\/wp\/v2\/types\/page"}],"author":[{"embeddable":true,"href":"https:\/\/biucsproject.org\/blog\/wp-json\/wp\/v2\/users\/2"}],"replies":[{"embeddable":true,"href":"https:\/\/biucsproject.org\/blog\/wp-json\/wp\/v2\/comments?post=81"}],"version-history":[{"count":3,"href":"https:\/\/biucsproject.org\/blog\/wp-json\/wp\/v2\/pages\/81\/revisions"}],"predecessor-version":[{"id":83,"href":"https:\/\/biucsproject.org\/blog\/wp-json\/wp\/v2\/pages\/81\/revisions\/83"}],"up":[{"embeddable":true,"href":"https:\/\/biucsproject.org\/blog\/wp-json\/wp\/v2\/pages\/79"}],"wp:attachment":[{"href":"https:\/\/biucsproject.org\/blog\/wp-json\/wp\/v2\/media?parent=81"}],"curies":[{"name":"wp","href":"https:\/\/api.w.org\/{rel}","templated":true}]}}