{"id":53,"date":"2013-06-10T00:51:59","date_gmt":"2013-06-10T03:51:59","guid":{"rendered":"http:\/\/biucsproject.org\/blog\/?page_id=53"},"modified":"2013-06-13T23:32:46","modified_gmt":"2013-06-14T02:32:46","slug":"justica-universal","status":"publish","type":"page","link":"https:\/\/biucsproject.org\/blog\/justica-universal\/","title":{"rendered":"Justi\u00e7a Universal"},"content":{"rendered":"<p><iframe loading=\"lazy\" src=\"http:\/\/biucsproject.org\/music\/general\/general_universal_justice.htm\" height=\"41\" width=\"68\" frameborder=\"0\" scrolling=\"no\"><\/iframe><\/p>\n<p align=\"center\"><span style=\"font-size: x-large;\"><b>A b\u00fassola est\u00e1 quebrada<img decoding=\"async\" class=\"alignright\" alt=\"\" src=\"http:\/\/biucsproject.org\/images\/mv_sphere.gif\" \/><\/b><\/span><\/p>\n<p align=\"JUSTIFY\">Sempre h\u00e1 uma grande manipula\u00e7\u00e3o do conhecimento entre as pessoas e o resultado disso \u00e9 uma sociedade desajustada e sem rumo certo. H\u00e1 uma onda coletiva de loucura e desabilita\u00e7\u00e3o mental da popula\u00e7\u00e3o, acompanhado de um materialismo exagerado que tenta substituir o vazio existencial daqueles nossos porqu\u00eas que sempre ficam sem respostas.<\/p>\n<p align=\"JUSTIFY\">Muitos dos problemas come\u00e7aram a existir quando, por meio da ci\u00eancia, o homem come\u00e7ou a analisar a natureza de forma isolada, passando a\u00a0<i>picotar<\/i>\u00a0um enorme sistema em pedacinhos, deixando de observar a harmonia do todo, fracionando-o em v\u00e1rias partes. Pseudo-cientistas come\u00e7aram a tratar a natureza como se o homem n\u00e3o fizesse parte dela, ou pouca import\u00e2ncia tivesse no seu desenvolvimento. Em 1854 um ind\u00edgena norte-americano escreveu uma carta que ilustrava bem essa situa\u00e7\u00e3o.<\/p>\n<p align=\"JUSTIFY\">O vazio existencial come\u00e7a a partir da rejei\u00e7\u00e3o e do isolamento, quando perdemos a nossa identidade social, n\u00e3o fazendo parte de nenhuma comunidade. A partir da\u00ed, inicia-se uma tentativa pessoal fren\u00e9tica de romper os la\u00e7os do preconceito e da rejei\u00e7\u00e3o, ap\u00f3s o isolamento come\u00e7amos a procurar respostas e porqu\u00eas. Tentamos aprender o m\u00e1ximo para realizar uma poss\u00edvel fuga da pris\u00e3o do isolamento. Neste desenrolar, acabamos por desenvolver um grande e ecl\u00e9tico conhecimento do mundo em que vivemos. Por\u00e9m, entrar em contato com a realidade, revela toda a manipula\u00e7\u00e3o do conhecimento entre as pessoas: Percebemos as desilus\u00f5es e come\u00e7amos a nos decepcionar, pois descobrimos que praticamente tudo caminha de forma desordenada, muito diferente do mundo perfeito e linear que imaginamos como ideal, postulado pelas pessoas a nossa volta.<\/p>\n<p align=\"JUSTIFY\">A l\u00f3gica precisa ser necessariamente \u00f3bvia? A vida segue um rumo onde n\u00e3o temos todos os fatos para entend\u00ea-la, esse \u00e9 o princ\u00edpio de toda a confus\u00e3o e conflitos. Na &#8220;<a href=\"http:\/\/biucsproject.org\/general\/general_white_boss.htm\">Carta ao Grande Chefe branco<\/a>&#8221; temos um exemplo de intera\u00e7\u00e3o com a natureza de forma saud\u00e1vel, mas longe dos nossos padr\u00f5es de consumo e exig\u00eancias materiais.<\/p>\n<p align=\"JUSTIFY\">Os valores de solidariedade, amor e justi\u00e7a foram inibidos e o capital trouxe a doen\u00e7a da competi\u00e7\u00e3o, onde uns querem ser melhores que os outros, se exibindo e impondo suas vontades pela for\u00e7a ou pela maioria, n\u00e3o importando a justi\u00e7a dos atos.<\/p>\n<p align=\"JUSTIFY\">Como resgatar algumas das culturas que j\u00e1 esquecemos? Como evitar &#8220;<a href=\"http:\/\/biucsproject.org\/general\/general_city_legend.htm\">A F\u00e1bula da Cidade<\/a>&#8220;? Os corruptos e ignorantes n\u00e3o se importam com nenhum argumento. Continuam poluindo e tornando nossa vida perigosa e cheia de sofrimentos. A aquisi\u00e7\u00e3o da consci\u00eancia n\u00e3o basta para vencer os obst\u00e1culos do preconceito, da arrog\u00e2ncia e do orgulho. Como atingir a justi\u00e7a universal para os infratores e inocentes?<\/p>\n<p align=\"JUSTIFY\">Vincent \u00e9 a maneira fict\u00edcia para retificar o abuso da for\u00e7a atrav\u00e9s da for\u00e7a. Sendo dotado da maior autoridade militar sovi\u00e9tica e do mais perfeito gen\u00f3tipo do planeta, Liopard. reuni todas as caracter\u00edsticas necess\u00e1rias para fazer a justi\u00e7a pac\u00edfica ou para cortar o n\u00f3 g\u00f3rdio.<\/p>\n<p align=\"JUSTIFY\"><img decoding=\"async\" class=\"aligncenter\" alt=\"\" src=\"http:\/\/biucsproject.org\/images\/logo_justice.gif\" \/><\/p>\n<p align=\"center\"><span style=\"font-family: 'Times New Roman'; font-size: x-large;\"><b>A justi\u00e7a precisa ganhar asas<\/b><\/span><\/p>\n<p align=\"JUSTIFY\">&#8220;A justi\u00e7a consiste no respeito aos direitos de cada um. Duas coisas a determinam: a lei humana e a lei natural. Tendo os homens feito leis apropriadas aos seus costumes e ao seu car\u00e1ter, essas leis estabeleceram direitos que puderam variar com o progresso dos conhecimentos. Vede se vossas leis de hoje, sem serem perfeitas, consagram os mesmos direitos da Idade M\u00e9dia. Esses direitos antiquados, que vos parecem monstruosos, pareciam justos e naturais naquela \u00e9poca. O direito estabelecido pelos homens, portanto, n\u00e3o est\u00e1 sempre conforme a justi\u00e7a. Ali\u00e1s, ele n\u00e3o regula sen\u00e3o certas rela\u00e7\u00f5es sociais, enquanto que, na vida particular, h\u00e1 uma imensidade de atos que s\u00e3o unicamente da al\u00e7ada do tribunal da consci\u00eancia.<\/p>\n<p align=\"JUSTIFY\">A necessidade, para o homem, de viver em sociedade, ocasiona-lhe obriga\u00e7\u00f5es particulares, e a primeira de todas \u00e9 a de respeitar o direito dos seus semelhantes. Aquele que respeitar esses direitos ser\u00e1 sempre justo. No vosso mundo, onde tantos homens n\u00e3o praticam a lei de justi\u00e7a, cada um usa de repres\u00e1lias e \u00e9 isso que faz a perturba\u00e7\u00e3o e a confus\u00e3o de vossa sociedade. A vida social confere direitos e imp\u00f5em deveres rec\u00edprocos.&#8221;<\/p>\n<p>(Psicografado &#8211; O Livro dos Esp\u00edritos, Allan Kardec)<br \/>\nT\u00edtulo do original: LE LIVRE DES ESPRITS<br \/>\nEdi\u00e7\u00e3o U.S.K.B. (1954)<\/p>\n","protected":false},"excerpt":{"rendered":"<p>A b\u00fassola est\u00e1 quebrada Sempre h\u00e1 uma grande manipula\u00e7\u00e3o do conhecimento entre as pessoas e o resultado disso \u00e9 uma [&hellip;]<\/p>\n","protected":false},"author":2,"featured_media":0,"parent":0,"menu_order":0,"comment_status":"closed","ping_status":"open","template":"","meta":{"footnotes":""},"class_list":["post-53","page","type-page","status-publish","hentry"],"jetpack_sharing_enabled":true,"jetpack_shortlink":"https:\/\/wp.me\/P4gyB8-R","_links":{"self":[{"href":"https:\/\/biucsproject.org\/blog\/wp-json\/wp\/v2\/pages\/53","targetHints":{"allow":["GET"]}}],"collection":[{"href":"https:\/\/biucsproject.org\/blog\/wp-json\/wp\/v2\/pages"}],"about":[{"href":"https:\/\/biucsproject.org\/blog\/wp-json\/wp\/v2\/types\/page"}],"author":[{"embeddable":true,"href":"https:\/\/biucsproject.org\/blog\/wp-json\/wp\/v2\/users\/2"}],"replies":[{"embeddable":true,"href":"https:\/\/biucsproject.org\/blog\/wp-json\/wp\/v2\/comments?post=53"}],"version-history":[{"count":3,"href":"https:\/\/biucsproject.org\/blog\/wp-json\/wp\/v2\/pages\/53\/revisions"}],"predecessor-version":[{"id":310,"href":"https:\/\/biucsproject.org\/blog\/wp-json\/wp\/v2\/pages\/53\/revisions\/310"}],"wp:attachment":[{"href":"https:\/\/biucsproject.org\/blog\/wp-json\/wp\/v2\/media?parent=53"}],"curies":[{"name":"wp","href":"https:\/\/api.w.org\/{rel}","templated":true}]}}