{"id":445,"date":"2013-07-21T19:23:04","date_gmt":"2013-07-21T22:23:04","guid":{"rendered":"http:\/\/biucsproject.org\/blog\/?page_id=445"},"modified":"2014-12-16T09:43:03","modified_gmt":"2014-12-16T11:43:03","slug":"dissonancia-cognitiva","status":"publish","type":"page","link":"https:\/\/biucsproject.org\/blog\/justica-universal\/dissonancia-cognitiva\/","title":{"rendered":"Disson\u00e2ncia Cognitiva"},"content":{"rendered":"<p style=\"text-align: justify;\">Termo da psicologia social, que se refere ao conflito entre duas ideias, cren\u00e7as ou opini\u00f5es incompat\u00edveis. Trata-se da &#8216;percep\u00e7\u00e3o da incompatibilidade entre duas cogni\u00e7\u00f5es diferentes&#8217;, onde &#8220;cogni\u00e7\u00e3o&#8221; \u00e9 definido como um qualquer elemento do conhecimento, incluindo as atitudes, emo\u00e7\u00e3o, cren\u00e7as ou comportamentos.<\/p>\n<p style=\"text-align: justify;\">Se um indiv\u00edduo j\u00e1 possui uma cren\u00e7a (ou dogma, ou conhecimento, etc.) pr\u00e9via sobre determinado assunto e lhe \u00e9 apresentada uma argumenta\u00e7\u00e3o que v\u00e1 contra essa tese pr\u00e9via ou que demonstre alguma falta de l\u00f3gica, ocorre a\u00a0disson\u00e2ncia\u00a0cognitiva. A percep\u00e7\u00e3o dessa\u00a0disson\u00e2ncia\u00a0pelo sujeito, mesmo se n\u00e3o for consciente, pode levar a ansiedade, culpa, vergonha, f\u00faria, embara\u00e7o, stress e outros estados emocionais negativos. A teoria afirma que disson\u00e2ncias muitas vezes servem como est\u00edmulos para que a mente obtenha ou produza novos pensamentos ou cren\u00e7as, ou modifique cren\u00e7as pr\u00e9-existentes, justamente como uma forma a reduzir a quantidade de\u00a0disson\u00e2ncia\u00a0(conflito). A\u00a0disson\u00e2ncia, por\u00e9m, em muitos casos acaba por resultar em uma tend\u00eancia de nega\u00e7\u00e3o de evid\u00eancias dentre outros mecanismos de defesa do ego.<\/p>\n<p style=\"text-align: justify;\">Quanto mais enraizada nos comportamentos do indiv\u00edduo uma cren\u00e7a estiver, geralmente mais forte ser\u00e1 a rea\u00e7\u00e3o de nega\u00e7\u00e3o. Em casos patol\u00f3gicos,\u00a0<b><span style=\"text-decoration: underline;\">essa defesa do ego \u00e9 capaz mesmo de contrariar n\u00edveis b\u00e1sicos de l\u00f3gica, negar evid\u00eancias, criar falsas mem\u00f3rias, distorcer percep\u00e7\u00f5es, ignorar afirma\u00e7\u00f5es cient\u00edficas e at\u00e9 mesmo desencadear uma perda de contato com a realidade<\/span><\/b>.<\/p>\n<p style=\"text-align: justify;\">Quando se trata de cren\u00e7as enraizadas (futebol, pol\u00edtica, religi\u00e3o) as vezes a pessoa n\u00e3o v\u00ea a l\u00f3gica n\u00e3o por ser cabe\u00e7a dura, mas isso pode ocorrer inconsciente mesmo, em uma esp\u00e9cie de patologia derivada de um mecanismo de defesa do pr\u00f3prio ego contra a sensa\u00e7\u00e3o ruim causada pela\u00a0disson\u00e2ncia.<\/p>\n<p><a href=\"http:\/\/pt.wikipedia.org\/wiki\/Disson%C3%A2ncia_cognitiva\" target=\"_blank\">http:\/\/pt.wikipedia.org\/<wbr \/>wiki\/Disson%C3%A2ncia_<wbr \/>cognitiva<\/a><\/p>\n","protected":false},"excerpt":{"rendered":"<p>Termo da psicologia social, que se refere ao conflito entre duas ideias, cren\u00e7as ou opini\u00f5es incompat\u00edveis. Trata-se da &#8216;percep\u00e7\u00e3o da [&hellip;]<\/p>\n","protected":false},"author":2,"featured_media":0,"parent":53,"menu_order":7,"comment_status":"closed","ping_status":"open","template":"","meta":{"footnotes":""},"class_list":["post-445","page","type-page","status-publish","hentry"],"jetpack_sharing_enabled":true,"jetpack_shortlink":"https:\/\/wp.me\/P4gyB8-7b","_links":{"self":[{"href":"https:\/\/biucsproject.org\/blog\/wp-json\/wp\/v2\/pages\/445","targetHints":{"allow":["GET"]}}],"collection":[{"href":"https:\/\/biucsproject.org\/blog\/wp-json\/wp\/v2\/pages"}],"about":[{"href":"https:\/\/biucsproject.org\/blog\/wp-json\/wp\/v2\/types\/page"}],"author":[{"embeddable":true,"href":"https:\/\/biucsproject.org\/blog\/wp-json\/wp\/v2\/users\/2"}],"replies":[{"embeddable":true,"href":"https:\/\/biucsproject.org\/blog\/wp-json\/wp\/v2\/comments?post=445"}],"version-history":[{"count":5,"href":"https:\/\/biucsproject.org\/blog\/wp-json\/wp\/v2\/pages\/445\/revisions"}],"predecessor-version":[{"id":590,"href":"https:\/\/biucsproject.org\/blog\/wp-json\/wp\/v2\/pages\/445\/revisions\/590"}],"up":[{"embeddable":true,"href":"https:\/\/biucsproject.org\/blog\/wp-json\/wp\/v2\/pages\/53"}],"wp:attachment":[{"href":"https:\/\/biucsproject.org\/blog\/wp-json\/wp\/v2\/media?parent=445"}],"curies":[{"name":"wp","href":"https:\/\/api.w.org\/{rel}","templated":true}]}}