{"id":43,"date":"2013-06-09T20:44:38","date_gmt":"2013-06-09T23:44:38","guid":{"rendered":"http:\/\/biucsproject.org\/blog\/?page_id=43"},"modified":"2013-06-13T23:28:03","modified_gmt":"2013-06-14T02:28:03","slug":"introducao","status":"publish","type":"page","link":"https:\/\/biucsproject.org\/blog\/introducao\/","title":{"rendered":"Introdu\u00e7\u00e3o"},"content":{"rendered":"<p><iframe loading=\"lazy\" src=\"http:\/\/biucsproject.org\/music\/general\/general_social_prevention.htm\" height=\"41\" width=\"68\" frameborder=\"0\" scrolling=\"no\"><\/iframe><\/p>\n<p align=\"justify\">&#8220;N\u00e3o \u00e9 preciso ser fil\u00f3sofo para ter id\u00e9ias. A diferen\u00e7a \u00e9 que o filosofo procura construir, atrav\u00e9s do estudo e da reflex\u00e3o, um sistema mais ou menos coerente de id\u00e9ias para, a partir dele, interpretar e criticar a realidade. A maioria das pessoas, no entanto, vai formando seu conjunto de id\u00e9ias sem muita reflex\u00e3o. Esse conjunto de id\u00e9ias recebe o nome de ideologia. Todos n\u00f3s temos a nossa ideologia, mas de maneira geral n\u00e3o temos consci\u00eancia disso. Julgamos que nossas id\u00e9ias refletem sempre a realidade. N\u00e3o nos damos conta de que muitas dessas id\u00e9ias foram colocadas em nossa cabe\u00e7a pela educa\u00e7\u00e3o familiar, pela escola, televis\u00e3o, jornais, moda, cinema, etc.&#8221;<br \/>\n(Pilleti, Claudino.\u00a0<i>Filosofia da educa\u00e7\u00e3o<\/i>. 2. ed. S\u00e3o Paulo. Ed. \u00c1tica. 1991)<\/p>\n<p align=\"justify\">As listas que seguem s\u00e3o recomenda\u00e7\u00f5es introdut\u00f3rias, tendo em vista que muito dos temas abordados na compila\u00e7\u00e3o deste site est\u00e3o relacionadas com os conte\u00fados\/temas abaixo:<\/p>\n<p align=\"justify\"><strong>Livros<\/strong><\/p>\n<p><img loading=\"lazy\" decoding=\"async\" alt=\"\" src=\"http:\/\/www.biucsproject.org\/images\/dot_rgb.gif\" width=\"8\" height=\"8\" border=\"0\" \/>\u00a0A Din\u00e2mica da Mente na Vis\u00e3o Esp\u00edrita, Jos\u00e9 Marques Mesquita (1990)<br \/>\n[Filosofia];<\/p>\n<p><img loading=\"lazy\" decoding=\"async\" alt=\"\" src=\"http:\/\/www.biucsproject.org\/images\/dot_rgb.gif\" width=\"8\" height=\"8\" border=\"0\" \/>\u00a0<a href=\"http:\/\/www.biucsproject.org\/general\/general_spirit_book.htm\">O Livro dos Esp\u00edritos<\/a>, Allan Kardec (1954)<br \/>\n[Conduta];<\/p>\n<p><img loading=\"lazy\" decoding=\"async\" alt=\"\" src=\"http:\/\/www.biucsproject.org\/images\/dot_rgb.gif\" width=\"8\" height=\"8\" border=\"0\" \/>\u00a0O Pr\u00edncipe, Nicolau Maquiav\u00e9l (1550)<br \/>\n[Estrat\u00e9gia];<\/p>\n<p><img loading=\"lazy\" decoding=\"async\" alt=\"\" src=\"http:\/\/www.biucsproject.org\/images\/dot_rgb.gif\" width=\"8\" height=\"8\" border=\"0\" \/>\u00a0A Arte da Guerra, Sun Tzu (1772)<br \/>\n[Estrat\u00e9gia];<\/p>\n<p><strong>Filmes<\/strong><\/p>\n<p><img loading=\"lazy\" decoding=\"async\" alt=\"\" src=\"http:\/\/www.biucsproject.org\/images\/dot_rgb.gif\" width=\"8\" height=\"8\" border=\"0\" \/>\u00a0O Planeta dos Macacos, Planet of the Apes (1968)<br \/>\n[Relatividade] http:\/\/www.imdb.com\/title\/tt0063442;<\/p>\n<p><img loading=\"lazy\" decoding=\"async\" alt=\"\" src=\"http:\/\/www.biucsproject.org\/images\/dot_rgb.gif\" width=\"8\" height=\"8\" border=\"0\" \/>\u00a0De Volta ao Planeta dos Macacos, Beneath the Planet of the Apes (1970)<br \/>\n[Relatividade]\u00a0http:\/\/www.imdb.com\/title\/tt0065462;<\/p>\n<p><img loading=\"lazy\" decoding=\"async\" alt=\"\" src=\"http:\/\/www.biucsproject.org\/images\/dot_rgb.gif\" width=\"8\" height=\"8\" border=\"0\" \/>\u00a0Fuga do Planeta dos Macacos, Escape from the Planet of the Apes (1971)<br \/>\n[Relatividade] http:\/\/www.imdb.com\/title\/tt0067065;<\/p>\n<p><img loading=\"lazy\" decoding=\"async\" alt=\"\" src=\"http:\/\/www.biucsproject.org\/images\/dot_rgb.gif\" width=\"8\" height=\"8\" border=\"0\" \/>\u00a0A Conquista do Planeta dos Macacos, Conquest of the Planet of the Apes (1972)<br \/>\n[Relatividade] http:\/\/www.imdb.com\/title\/tt0068408;<\/p>\n<p><img loading=\"lazy\" decoding=\"async\" alt=\"\" src=\"http:\/\/www.biucsproject.org\/images\/dot_rgb.gif\" width=\"8\" height=\"8\" border=\"0\" \/>\u00a0Batalha pelo Planeta dos Macacos, Battle for the Planet of the Apes (1973)<br \/>\n[Relatividade] http:\/\/www.imdb.com\/title\/tt0069768;<\/p>\n<p><img loading=\"lazy\" decoding=\"async\" alt=\"\" src=\"http:\/\/www.biucsproject.org\/images\/dot_rgb.gif\" width=\"8\" height=\"8\" border=\"0\" \/>\u00a0Inimigo Meu, Enemy Mine (1985)<br \/>\n[Conviv\u00eancia] http:\/\/www.imdb.com\/title\/tt0089092;<\/p>\n<p><img loading=\"lazy\" decoding=\"async\" alt=\"\" src=\"http:\/\/www.biucsproject.org\/images\/dot_rgb.gif\" width=\"8\" height=\"8\" border=\"0\" \/>\u00a0O Segredo do Abismo, The Abyss (1989)<br \/>\n[Conviv\u00eancia] http:\/\/www.imdb.com\/title\/tt0096754;<\/p>\n<p><img loading=\"lazy\" decoding=\"async\" alt=\"\" src=\"http:\/\/www.biucsproject.org\/images\/dot_rgb.gif\" width=\"8\" height=\"8\" border=\"0\" \/>\u00a0G\u00eanio Indom\u00e1vel, Good Will Hunting (1997)<br \/>\n[Educa\u00e7\u00e3o] http:\/\/www.imdb.com\/title\/tt0119217;<\/p>\n<p><img loading=\"lazy\" decoding=\"async\" alt=\"\" src=\"http:\/\/www.biucsproject.org\/images\/dot_rgb.gif\" width=\"8\" height=\"8\" border=\"0\" \/>\u00a0Ao Mestre, com Carinho, To Sir, with Love (1967)<br \/>\n[Educa\u00e7\u00e3o] http:\/\/www.imdb.com\/title\/tt0062376;<\/p>\n<p><img loading=\"lazy\" decoding=\"async\" alt=\"\" src=\"http:\/\/www.biucsproject.org\/images\/dot_rgb.gif\" width=\"8\" height=\"8\" border=\"0\" \/>\u00a0Ao Mestre, com Carinho II, To Sir, With Love II (1996)<br \/>\n[Educa\u00e7\u00e3o] http:\/\/www.imdb.com\/title\/tt0117927;<\/p>\n<p><img loading=\"lazy\" decoding=\"async\" alt=\"\" src=\"http:\/\/www.biucsproject.org\/images\/dot_rgb.gif\" width=\"8\" height=\"8\" border=\"0\" \/>\u00a0Poder Al\u00e9m da Vida, Peaceful Warrior (2006)<br \/>\n[Educa\u00e7\u00e3o] http:\/\/www.imdb.com\/title\/tt0438315;<\/p>\n<p><img loading=\"lazy\" decoding=\"async\" alt=\"\" src=\"http:\/\/www.biucsproject.org\/images\/dot_rgb.gif\" width=\"8\" height=\"8\" border=\"0\" \/>\u00a0Mentes que Brilham, Little Man Tate (1991)<br \/>\n[Educa\u00e7\u00e3o] http:\/\/www.imdb.com\/title\/tt0102316;<\/p>\n<p><img loading=\"lazy\" decoding=\"async\" alt=\"\" src=\"http:\/\/www.biucsproject.org\/images\/dot_rgb.gif\" width=\"8\" height=\"8\" border=\"0\" \/>\u00a0Brazil, O Filme, Brazil the Movie (1985)<br \/>\n[Surreal] http:\/\/www.imdb.com\/title\/tt0088846;<\/p>\n<p><img loading=\"lazy\" decoding=\"async\" alt=\"\" src=\"http:\/\/www.biucsproject.org\/images\/dot_rgb.gif\" width=\"8\" height=\"8\" border=\"0\" \/>\u00a0Akira Kurosawa&#8217;s Dreams, Dreams (1990)<br \/>\n[Surreal] http:\/\/www.imdb.com\/title\/tt0100998;<\/p>\n<p><img loading=\"lazy\" decoding=\"async\" alt=\"\" src=\"http:\/\/www.biucsproject.org\/images\/dot_rgb.gif\" width=\"8\" height=\"8\" border=\"0\" \/>\u00a0Os 12 Macacos, Twelve Monkeys (1995)<br \/>\n[Surreal] http:\/\/www.imdb.com\/title\/tt0114746;<\/p>\n<p><img loading=\"lazy\" decoding=\"async\" alt=\"\" src=\"http:\/\/www.biucsproject.org\/images\/dot_rgb.gif\" width=\"8\" height=\"8\" border=\"0\" \/>\u00a0THX-1138 (1971)<br \/>\n[Futuro] http:\/\/www.imdb.com\/title\/tt0066434;<\/p>\n<p><img loading=\"lazy\" decoding=\"async\" alt=\"\" src=\"http:\/\/www.biucsproject.org\/images\/dot_rgb.gif\" width=\"8\" height=\"8\" border=\"0\" \/>\u00a0Ensaio Sobre a Cegueira, Blindness (2008)<br \/>\n[Futuro] http:\/\/www.imdb.com\/title\/tt0861689;<\/p>\n<p><img loading=\"lazy\" decoding=\"async\" alt=\"\" src=\"http:\/\/www.biucsproject.org\/images\/dot_rgb.gif\" width=\"8\" height=\"8\" border=\"0\" \/>\u00a0Laranja Mec\u00e2nica, A Clockwork Orange (1971)<br \/>\n[Futuro] http:\/\/www.imdb.com\/title\/tt0066921;<\/p>\n<p><img loading=\"lazy\" decoding=\"async\" alt=\"\" src=\"http:\/\/www.biucsproject.org\/images\/dot_rgb.gif\" width=\"8\" height=\"8\" border=\"0\" \/>\u00a0Vanila Sky (2001)<br \/>\n[Realidade] http:\/\/www.imdb.com\/title\/tt0259711;<\/p>\n<p><img loading=\"lazy\" decoding=\"async\" alt=\"\" src=\"http:\/\/www.biucsproject.org\/images\/dot_rgb.gif\" width=\"8\" height=\"8\" border=\"0\" \/>\u00a0O 13\u00ba Andar, The Thirteenth Floor (1999)<br \/>\n[Realidade] http:\/\/www.imdb.com\/title\/tt0139809;<\/p>\n<p><img loading=\"lazy\" decoding=\"async\" alt=\"\" src=\"http:\/\/www.biucsproject.org\/images\/dot_rgb.gif\" width=\"8\" height=\"8\" border=\"0\" \/>\u00a0The Matrix (1999)<br \/>\n[Realidade] http:\/\/www.imdb.com\/title\/tt0133093;<\/p>\n<p><img loading=\"lazy\" decoding=\"async\" alt=\"\" src=\"http:\/\/www.biucsproject.org\/images\/dot_rgb.gif\" width=\"8\" height=\"8\" border=\"0\" \/>\u00a0Matrix Reloaded (2003)<br \/>\n[Realidade] http:\/\/www.imdb.com\/title\/tt0234215;<\/p>\n<p><img loading=\"lazy\" decoding=\"async\" alt=\"\" src=\"http:\/\/www.biucsproject.org\/images\/dot_rgb.gif\" width=\"8\" height=\"8\" border=\"0\" \/>\u00a0Energia Pura, Powder (1995)<br \/>\n[Conduta] http:\/\/www.imdb.com\/title\/tt0114168;<\/p>\n<p><img loading=\"lazy\" decoding=\"async\" alt=\"\" src=\"http:\/\/www.biucsproject.org\/images\/dot_rgb.gif\" width=\"8\" height=\"8\" border=\"0\" \/>\u00a0Ponto de Muta\u00e7\u00e3o, Mindwalk (1990)<br \/>\n[Conduta] http:\/\/www.imdb.com\/title\/tt0100151;<\/p>\n<p><img loading=\"lazy\" decoding=\"async\" alt=\"\" src=\"http:\/\/www.biucsproject.org\/images\/dot_rgb.gif\" width=\"8\" height=\"8\" border=\"0\" \/>\u00a0Fen\u00f4meno, Phenomenon (1996)<br \/>\n[Conduta] http:\/\/www.imdb.com\/title\/tt0117333;<\/p>\n<p><img loading=\"lazy\" decoding=\"async\" alt=\"\" src=\"http:\/\/www.biucsproject.org\/images\/dot_rgb.gif\" width=\"8\" height=\"8\" border=\"0\" \/>\u00a0Feiti\u00e7o do Tempo, Groundhog Day (1993)<br \/>\n[Conduta] http:\/\/www.imdb.com\/title\/tt0107048;<\/p>\n<p><img loading=\"lazy\" decoding=\"async\" alt=\"\" src=\"http:\/\/www.biucsproject.org\/images\/dot_rgb.gif\" width=\"8\" height=\"8\" border=\"0\" \/>\u00a0Pequeno Milagre, Simon Birch (1998)<br \/>\n[Conduta] http:\/\/www.imdb.com\/title\/tt0124879;<\/p>\n<p><img loading=\"lazy\" decoding=\"async\" alt=\"\" src=\"http:\/\/www.biucsproject.org\/images\/dot_rgb.gif\" width=\"8\" height=\"8\" border=\"0\" \/>\u00a0O \u00daltimo Samurai, The Last Samurai (2003)<br \/>\n[Conduta] http:\/\/www.imdb.com\/title\/tt0325710;<\/p>\n<p><img loading=\"lazy\" decoding=\"async\" alt=\"\" src=\"http:\/\/www.biucsproject.org\/images\/dot_rgb.gif\" width=\"8\" height=\"8\" border=\"0\" \/>\u00a0Eu, Rob\u00f4, I, Robot (2004)<br \/>\n[Conduta] http:\/\/www.imdb.com\/title\/tt0343818;<\/p>\n<p><img loading=\"lazy\" decoding=\"async\" alt=\"\" src=\"http:\/\/www.biucsproject.org\/images\/dot_rgb.gif\" width=\"8\" height=\"8\" border=\"0\" \/>\u00a0Gattaca &#8211; Experi\u00eancia Gen\u00e9tica, Gattaca (1997)<br \/>\n[Conduta] http:\/\/www.imdb.com\/title\/tt0119177;<\/p>\n<p><img loading=\"lazy\" decoding=\"async\" alt=\"\" src=\"http:\/\/www.biucsproject.org\/images\/dot_rgb.gif\" width=\"8\" height=\"8\" border=\"0\" \/>\u00a0Equilibrium (2002)<br \/>\n[Conduta] http:\/\/www.imdb.com\/title\/tt0238380;<\/p>\n<p><img loading=\"lazy\" decoding=\"async\" alt=\"\" src=\"http:\/\/www.biucsproject.org\/images\/dot_rgb.gif\" width=\"8\" height=\"8\" border=\"0\" \/>\u00a0Eles Vivem, They Live (1988)<br \/>\n[Conspira\u00e7\u00e3o] http:\/\/www.imdb.com\/title\/tt0096256;<\/p>\n<p><img loading=\"lazy\" decoding=\"async\" alt=\"\" src=\"http:\/\/www.biucsproject.org\/images\/dot_rgb.gif\" width=\"8\" height=\"8\" border=\"0\" \/>\u00a0Gerra de Canudos, The Battle of Canudos (1997)<br \/>\n[Conspira\u00e7\u00e3o] http:\/\/www.imdb.com\/title\/tt0130748;<\/p>\n<p><img loading=\"lazy\" decoding=\"async\" alt=\"\" src=\"http:\/\/www.biucsproject.org\/images\/dot_rgb.gif\" width=\"8\" height=\"8\" border=\"0\" \/>\u00a0V de Vingan\u00e7a, V for Vendetta (2005)<br \/>\n[Conspira\u00e7\u00e3o] http:\/\/www.imdb.com\/title\/tt0434409;<\/p>\n<p><img loading=\"lazy\" decoding=\"async\" alt=\"\" src=\"http:\/\/www.biucsproject.org\/images\/dot_rgb.gif\" width=\"8\" height=\"8\" border=\"0\" \/>\u00a0Na Corda Bamba, Sling Blade (1996)<br \/>\n[Sanidade] http:\/\/www.imdb.com\/title\/tt0117666;<\/p>\n<p><img loading=\"lazy\" decoding=\"async\" alt=\"\" src=\"http:\/\/www.biucsproject.org\/images\/dot_rgb.gif\" width=\"8\" height=\"8\" border=\"0\" \/>\u00a0Mente Brilhante, A Beautiful Mind (2001)<br \/>\n[Sanidade] http:\/\/www.imdb.com\/title\/tt0268978;<\/p>\n<p><img loading=\"lazy\" decoding=\"async\" alt=\"\" src=\"http:\/\/www.biucsproject.org\/images\/dot_rgb.gif\" width=\"8\" height=\"8\" border=\"0\" \/>\u00a0Ilha do Medo, Shutter Island (2010)<br \/>\n[Sanidade] http:\/\/www.imdb.com\/title\/tt1130884;<\/p>\n<p><img loading=\"lazy\" decoding=\"async\" alt=\"\" src=\"http:\/\/www.biucsproject.org\/images\/dot_rgb.gif\" width=\"8\" height=\"8\" border=\"0\" \/>\u00a0Um M\u00e9todo Perigoso, Dangerous Method (2011)<br \/>\n[Sanidade] http:\/\/www.imdb.com\/title\/tt1571222;<\/p>\n<p><img loading=\"lazy\" decoding=\"async\" alt=\"\" src=\"http:\/\/www.biucsproject.org\/images\/dot_rgb.gif\" width=\"8\" height=\"8\" border=\"0\" \/>\u00a0\u00a0A Esfera, Sphere (1998) [Sanidade]<br \/>\nhttp:\/\/www.imdb.com\/title\/tt0120184;<\/p>\n<p><img loading=\"lazy\" decoding=\"async\" alt=\"\" src=\"http:\/\/www.biucsproject.org\/images\/dot_rgb.gif\" width=\"8\" height=\"8\" border=\"0\" \/>\u00a0A Emboscada, Liberty Stands Still (2002)<br \/>\n[Revolta] http:\/\/www.imdb.com\/title\/tt0280870;<\/p>\n<p><img loading=\"lazy\" decoding=\"async\" alt=\"\" src=\"http:\/\/www.biucsproject.org\/images\/dot_rgb.gif\" width=\"8\" height=\"8\" border=\"0\" \/>\u00a0C\u00f3digo de Conduta, Law Abiding Citizen (2009)<br \/>\n[Revolta] http:\/\/www.imdb.com\/title\/tt1197624;<\/p>\n<p><img loading=\"lazy\" decoding=\"async\" alt=\"\" src=\"http:\/\/www.biucsproject.org\/images\/dot_rgb.gif\" width=\"8\" height=\"8\" border=\"0\" \/>\u00a0Um Dia de F\u00faria, Falling Down (1993)<br \/>\n[Revolta] http:\/\/www.imdb.com\/title\/tt0106856;<\/p>\n<p><img loading=\"lazy\" decoding=\"async\" alt=\"\" src=\"http:\/\/www.biucsproject.org\/images\/dot_rgb.gif\" width=\"8\" height=\"8\" border=\"0\" \/>\u00a0Se7en &#8211; Os Sete Pecados Capitais, Se7en (1995)<br \/>\n[Revolta] http:\/\/www.imdb.com\/title\/tt0114369;<\/p>\n<p><img loading=\"lazy\" decoding=\"async\" alt=\"\" src=\"http:\/\/www.biucsproject.org\/images\/dot_rgb.gif\" width=\"8\" height=\"8\" border=\"0\" \/>\u00a0Fuga de Nova York, Scape from New York (1981)<br \/>\n[Julgamento] http:\/\/www.imdb.com\/title\/tt0082340;<\/p>\n<p><img loading=\"lazy\" decoding=\"async\" alt=\"\" src=\"http:\/\/www.biucsproject.org\/images\/dot_rgb.gif\" width=\"8\" height=\"8\" border=\"0\" \/>\u00a0Fuga de Los Angeles, Scape from L.A. (1996)<br \/>\n[Julgamento] http:\/\/www.imdb.com\/title\/tt0116225;<\/p>\n<p><img loading=\"lazy\" decoding=\"async\" alt=\"\" src=\"http:\/\/www.biucsproject.org\/images\/dot_rgb.gif\" width=\"8\" height=\"8\" border=\"0\" \/>\u00a0O dia em que a Terra parou, The Day the Earth Stood Still (2008)<br \/>\n[Julgamento] http:\/\/www.imdb.com\/title\/tt0970416;<\/p>\n<p><strong>Seriados<\/strong><\/p>\n<p style=\"text-align: left;\" align=\"JUSTIFY\"><img loading=\"lazy\" decoding=\"async\" alt=\"\" src=\"http:\/\/www.biucsproject.org\/images\/dot_rgb.gif\" width=\"8\" height=\"8\" border=\"0\" \/>\u00a0Star Trek, The Next Generation (1990)<br \/>\n[Conduta] http:\/\/www.imdb.com\/title\/tt0092455;<\/p>\n<p><img loading=\"lazy\" decoding=\"async\" alt=\"\" src=\"http:\/\/www.biucsproject.org\/images\/dot_rgb.gif\" width=\"8\" height=\"8\" border=\"0\" \/>\u00a0Terra &#8211; Conflito Final, Earth &#8211; Final Conflict (2000)<br \/>\n[Conviv\u00eancia] http:\/\/www.imdb.com\/title\/tt0123816;<\/p>\n<p><img loading=\"lazy\" decoding=\"async\" alt=\"\" src=\"http:\/\/www.biucsproject.org\/images\/dot_rgb.gif\" width=\"8\" height=\"8\" border=\"0\" \/>\u00a0Espa\u00e7o &#8211; A \u00daltima Fronteira, Space &#8211; Above and Beyond (1995)<br \/>\n[Conduta] http:\/\/www.imdb.com\/title\/tt0112173;<\/p>\n<p><img loading=\"lazy\" decoding=\"async\" alt=\"\" src=\"http:\/\/www.biucsproject.org\/images\/dot_rgb.gif\" width=\"8\" height=\"8\" border=\"0\" \/>\u00a0Battlestar Galatica (2004)<br \/>\n[Conspira\u00e7\u00e3o] http:\/\/www.imdb.com\/title\/tt0407362;<\/p>\n<p><img loading=\"lazy\" decoding=\"async\" alt=\"\" src=\"http:\/\/www.biucsproject.org\/images\/dot_rgb.gif\" width=\"8\" height=\"8\" border=\"0\" \/>\u00a0Eureka (2006)<br \/>\n[Ci\u00eancia] http:\/\/www.imdb.com\/title\/tt0796264;<\/p>\n<p><img loading=\"lazy\" decoding=\"async\" alt=\"\" src=\"http:\/\/www.biucsproject.org\/images\/dot_rgb.gif\" width=\"8\" height=\"8\" border=\"0\" \/>\u00a0The X Files (2000)<br \/>\n[Conspira\u00e7\u00e3o] http:\/\/www.imdb.com\/title\/tt0106179;<\/p>\n<hr \/>\n<p align=\"center\"><a href=\"http:\/\/www.thx-1138.org\/\" target=\"_blank\"><img loading=\"lazy\" decoding=\"async\" alt=\"\" src=\"http:\/\/www.biucsproject.org\/images\/pic_thx1138.gif\" width=\"468\" height=\"60\" border=\"0\" \/><\/a><\/p>\n<hr \/>\n<p align=\"justify\"><b>Pensamentos<\/b><\/p>\n<p><img loading=\"lazy\" decoding=\"async\" alt=\"\" src=\"http:\/\/www.biucsproject.org\/images\/mv_star_purple.gif\" width=\"12\" height=\"12\" \/>\u00a0&#8220;N\u00e3o concordo com uma palavra sequer do que dizeis, mas defenderei at\u00e9 a morte o vosso direito de diz\u00ea-las.&#8221;<br \/>\n(Voltaire)<\/p>\n<p><img loading=\"lazy\" decoding=\"async\" alt=\"\" src=\"http:\/\/www.biucsproject.org\/images\/mv_star_purple.gif\" width=\"12\" height=\"12\" \/>\u00a0&#8220;Muitas vezes o que se cala faz maior impacto do que o que se diz.&#8221;<br \/>\n(P\u00edndaro)<\/p>\n<p><img loading=\"lazy\" decoding=\"async\" alt=\"\" src=\"http:\/\/www.biucsproject.org\/images\/mv_star_purple.gif\" width=\"12\" height=\"12\" \/>\u00a0&#8220;O segredo de aborrecer \u00e9 dizer tudo.&#8221;<br \/>\n(Voltaire)<\/p>\n<p><img loading=\"lazy\" decoding=\"async\" alt=\"\" src=\"http:\/\/www.biucsproject.org\/images\/mv_star_purple.gif\" width=\"12\" height=\"12\" \/>\u00a0&#8220;O favor gera amigos; a verdade, \u00f3dio.&#8221;<br \/>\n(Ter\u00eancio)<\/p>\n<p><img loading=\"lazy\" decoding=\"async\" alt=\"\" src=\"http:\/\/www.biucsproject.org\/images\/mv_star_purple.gif\" width=\"12\" height=\"12\" \/>\u00a0&#8220;A verdade \u00e9 a melhor camuflagem. Ningu\u00e9m acredita nela.&#8221;<br \/>\n(Max Frisch, 1911-1991)<\/p>\n<p><img loading=\"lazy\" decoding=\"async\" alt=\"\" src=\"http:\/\/www.biucsproject.org\/images\/mv_star_purple.gif\" width=\"12\" height=\"12\" \/>\u00a0&#8220;\u00c9poca triste a nossa, em que \u00e9 mais dif\u00edcil quebrar um preconceito do que um \u00e1tomo.&#8221;<br \/>\n(Einstein, segundo Kaplan)<\/p>\n<p><img loading=\"lazy\" decoding=\"async\" alt=\"\" src=\"http:\/\/www.biucsproject.org\/images\/mv_star_purple.gif\" width=\"12\" height=\"12\" \/>\u00a0&#8220;H\u00e1 duas coisas infinitas&#8230; O universo, e a tolice dos homens&#8230;&#8221;<br \/>\n(Albert Einstein)<\/p>\n<p><img loading=\"lazy\" decoding=\"async\" alt=\"\" src=\"http:\/\/www.biucsproject.org\/images\/mv_star_purple.gif\" width=\"12\" height=\"12\" \/>\u00a0&#8220;A imagina\u00e7\u00e3o \u00e9 mais importante que o conhecimento.&#8221;<br \/>\n(Albert Einstein)<\/p>\n<p><img loading=\"lazy\" decoding=\"async\" alt=\"\" src=\"http:\/\/www.biucsproject.org\/images\/mv_star_purple.gif\" width=\"12\" height=\"12\" \/>\u00a0&#8220;O pensamento \u00e9 a presen\u00e7a do infinito na mente humana.&#8221;<br \/>\n(Em\u00edlio Castelat)<\/p>\n<p><img loading=\"lazy\" decoding=\"async\" alt=\"\" src=\"http:\/\/www.biucsproject.org\/images\/mv_star_purple.gif\" width=\"12\" height=\"12\" \/>\u00a0&#8220;Quem pensa pouco erra muito.&#8221;<br \/>\n(Leonardo da Vinci)<\/p>\n<p><img loading=\"lazy\" decoding=\"async\" alt=\"\" src=\"http:\/\/www.biucsproject.org\/images\/mv_star_purple.gif\" width=\"12\" height=\"12\" \/>\u00a0&#8220;O homem \u00e9 o que ele acredita.&#8221;<br \/>\n(Anton Tchec\u00f3v)<\/p>\n<p><img loading=\"lazy\" decoding=\"async\" alt=\"\" src=\"http:\/\/www.biucsproject.org\/images\/mv_star_purple.gif\" width=\"12\" height=\"12\" \/>\u00a0&#8220;Saber demasiado \u00e9 envelhecer precocemente.&#8221;<br \/>\n(Prov\u00e9rbio Russo)<\/p>\n<p><img loading=\"lazy\" decoding=\"async\" alt=\"\" src=\"http:\/\/www.biucsproject.org\/images\/mv_star_purple.gif\" width=\"12\" height=\"12\" \/>\u00a0&#8220;Muita luz \u00e9 como muita sombra: n\u00e3o deixa ver.&#8221;<br \/>\n(Carlos Cata\u00f1eda)<\/p>\n<p><img loading=\"lazy\" decoding=\"async\" alt=\"\" src=\"http:\/\/www.biucsproject.org\/images\/mv_star_purple.gif\" width=\"12\" height=\"12\" \/>\u00a0&#8220;Se d\u00e1s um peixe a um homem, ele poder\u00e1 se alimentar uma vez. Se o ensinas a pescar, ele se alimentar\u00e1 toda a vida.&#8221;<br \/>\n(Kuan-Tzu)<\/p>\n<p><img loading=\"lazy\" decoding=\"async\" alt=\"\" src=\"http:\/\/www.biucsproject.org\/images\/mv_star_purple.gif\" width=\"12\" height=\"12\" \/>\u00a0&#8220;Jamais se desespere em meio \u00e0s mais sombrias afli\u00e7\u00f5es de sua vida, pois das nuvens mais negras cai \u00e1gua l\u00edmpida e fecunda.&#8221;<br \/>\n(Prov\u00e9rbio chin\u00eas)<\/p>\n<p><img loading=\"lazy\" decoding=\"async\" alt=\"\" src=\"http:\/\/www.biucsproject.org\/images\/mv_star_purple.gif\" width=\"12\" height=\"12\" \/>\u00a0&#8220;A vitalidade se revela n\u00e3o apenas na capacidade de persistir, mas tamb\u00e9m na de come\u00e7ar tudo de novo.&#8221;<br \/>\n(Francis Scott Fitzgerald, 1896-1940 &#8211; Escritor americano)<\/p>\n<p><img loading=\"lazy\" decoding=\"async\" alt=\"\" src=\"http:\/\/www.biucsproject.org\/images\/mv_star_purple.gif\" width=\"12\" height=\"12\" \/>\u00a0&#8220;Cada um chama de claras as id\u00e9ias que est\u00e3o no mesmo grau de confus\u00e3o que as suas pr\u00f3prias.&#8221;<br \/>\n(Proust)<\/p>\n<p><img loading=\"lazy\" decoding=\"async\" alt=\"\" src=\"http:\/\/www.biucsproject.org\/images\/mv_star_purple.gif\" width=\"12\" height=\"12\" \/>\u00a0&#8220;Podemos dar a volta ao globo, podemos chegar \u00e0 luz, mas esta sociedade ainda n\u00e3o descobriu um meio de duas pessoas viverem juntas em harmonia durante sete dias seguidos sem quererem se estrangular.&#8221;<br \/>\n(George Leonard)<\/p>\n<p><img loading=\"lazy\" decoding=\"async\" alt=\"\" src=\"http:\/\/www.biucsproject.org\/images\/mv_star_purple.gif\" width=\"12\" height=\"12\" \/>\u00a0&#8220;\u00c0s vezes uma maioria significa apenas que todos os tolos est\u00e3o do mesmo lado.&#8221;<br \/>\n(Prov\u00e9rbio)<\/p>\n<p><img loading=\"lazy\" decoding=\"async\" alt=\"\" src=\"http:\/\/www.biucsproject.org\/images\/mv_star_purple.gif\" width=\"12\" height=\"12\" \/>\u00a0&#8220;Tenho de segu\u00ed-los, sou o l\u00edder deles.&#8221;<br \/>\n(Ledru-Rallin)<\/p>\n<p><img loading=\"lazy\" decoding=\"async\" alt=\"\" src=\"http:\/\/www.biucsproject.org\/images\/mv_star_purple.gif\" width=\"12\" height=\"12\" \/>\u00a0&#8220;Em toda discuss\u00e3o h\u00e1 tr\u00eas pontos de vista: o meu, o seu e o correto.&#8221;<br \/>\n(Prov\u00e9rbio chin\u00eas)<\/p>\n<p><img loading=\"lazy\" decoding=\"async\" alt=\"\" src=\"http:\/\/www.biucsproject.org\/images\/mv_star_purple.gif\" width=\"12\" height=\"12\" \/>\u00a0&#8220;Desejamos um mundo perfeito, e enquanto n\u00e3o se realiza, resta cant\u00e1-lo, diz\u00ea-lo, celebr\u00e1-lo, escrever-lhe poemas e transfer\u00ed-lo para esfera dos s\u00edmbolos, porque justamente no ponto onde houve fracasso \u00e9 que brota o s\u00edmbolo, testemunha das coisas ausentes, saudades de coisas que n\u00e3o nasceram.&#8221;<br \/>\n(Fernando Henrique Carneiro)<\/p>\n<p><img loading=\"lazy\" decoding=\"async\" alt=\"\" src=\"http:\/\/www.biucsproject.org\/images\/mv_star_purple.gif\" width=\"12\" height=\"12\" \/>\u00a0&#8220;Aprenda o verdadeiro significado das palavras.&#8221;<\/p>\n<hr \/>\n<p align=\"justify\">\n","protected":false},"excerpt":{"rendered":"<p>&#8220;N\u00e3o \u00e9 preciso ser fil\u00f3sofo para ter id\u00e9ias. A diferen\u00e7a \u00e9 que o filosofo procura construir, atrav\u00e9s do estudo e [&hellip;]<\/p>\n","protected":false},"author":2,"featured_media":0,"parent":0,"menu_order":0,"comment_status":"closed","ping_status":"open","template":"","meta":{"footnotes":""},"class_list":["post-43","page","type-page","status-publish","hentry"],"jetpack_sharing_enabled":true,"jetpack_shortlink":"https:\/\/wp.me\/P4gyB8-H","_links":{"self":[{"href":"https:\/\/biucsproject.org\/blog\/wp-json\/wp\/v2\/pages\/43","targetHints":{"allow":["GET"]}}],"collection":[{"href":"https:\/\/biucsproject.org\/blog\/wp-json\/wp\/v2\/pages"}],"about":[{"href":"https:\/\/biucsproject.org\/blog\/wp-json\/wp\/v2\/types\/page"}],"author":[{"embeddable":true,"href":"https:\/\/biucsproject.org\/blog\/wp-json\/wp\/v2\/users\/2"}],"replies":[{"embeddable":true,"href":"https:\/\/biucsproject.org\/blog\/wp-json\/wp\/v2\/comments?post=43"}],"version-history":[{"count":10,"href":"https:\/\/biucsproject.org\/blog\/wp-json\/wp\/v2\/pages\/43\/revisions"}],"predecessor-version":[{"id":45,"href":"https:\/\/biucsproject.org\/blog\/wp-json\/wp\/v2\/pages\/43\/revisions\/45"}],"wp:attachment":[{"href":"https:\/\/biucsproject.org\/blog\/wp-json\/wp\/v2\/media?parent=43"}],"curies":[{"name":"wp","href":"https:\/\/api.w.org\/{rel}","templated":true}]}}