{"id":211,"date":"2013-06-12T01:34:27","date_gmt":"2013-06-12T04:34:27","guid":{"rendered":"http:\/\/biucsproject.org\/blog\/?page_id=211"},"modified":"2013-06-14T00:23:48","modified_gmt":"2013-06-14T03:23:48","slug":"escrever-melhor","status":"publish","type":"page","link":"https:\/\/biucsproject.org\/blog\/escrever-melhor\/","title":{"rendered":"Escrever Melhor"},"content":{"rendered":"<p><iframe loading=\"lazy\" src=\"http:\/\/biucsproject.org\/music\/general\/writing_letter.htm\" height=\"41\" width=\"68\" frameborder=\"0\" scrolling=\"no\"><\/iframe><br \/>\n<i><span style=\"font-family: 'Times New Roman'; font-size: xx-large;\">Algumas dicas para voc\u00ea escrever melhor<\/span><\/i><\/p>\n<hr \/>\n<p align=\"justify\"><b>1. Tenha sempre em mente que o tempo do leitor \u00e9 limitado.<\/b><br \/>\nO que voc\u00ea escreve deve ser entendido na primeira leitura.<br \/>\nSe voc\u00ea quer que seu trabalho seja lido e analisado por seus superiores, seja breve. Quanto menor o texto, maior a chance de ser lido por eles. Durante a 2\u00aa Guerra mundial, nenhum documento com mais de uma p\u00e1gina chegava \u00e0 mesa de Churchill.<\/p>\n<p><b>2. Saiba onde voc\u00ea quer chegar.<br \/>\n<\/b>Antes de redigir, fa\u00e7a um esbo\u00e7o, listando e organizando suas id\u00e9ias e argumentos. Ele lhe ajudar\u00e1 a n\u00e3o se desviar da quest\u00e3o central.\u00a0<b>Comece par\u00e1grafos importantes com senten\u00e7as-chave,<\/b>\u00a0que indiquem o que vir\u00e1 em seguida. Conclua com par\u00e1grafo resumido.<\/p>\n<p><b>3. Torne a leitura f\u00e1cil e agrad\u00e1vel.<\/b><br \/>\nOs par\u00e1grafos e senten\u00e7as curtos s\u00e3o mais f\u00e1ceis de ler do que os longos. Mande telegramas, n\u00e3o romances.\u00a0<b>Para enfatizar, sublinhe senten\u00e7as e enumere os pontos principais<\/b>\u00a0(como fizemos com essas &#8220;dicas&#8221;).<\/p>\n<p><b>4. Seja Direto.<\/b><br \/>\nSempre que poss\u00edvel, use a voz ativa.<\/p>\n<p><b>Voz Passiva &#8211;<\/b>\u00a0&#8220;Estamos preocupados com que nosso projeto n\u00e3o seja aprovado, o que poderia afetar negativamente nossa fatia do mercado&#8221;.<br \/>\n<b>Voz Ativa &#8211;<\/b>\u00a0&#8220;Acreditamos que esse projeto \u00e9 necess\u00e1rio para manter nossa fatia de mercado&#8221;.<\/p>\n<p><b>5. Evite &#8220;clich\u00eas&#8221;.<\/b><br \/>\nUse suas pr\u00f3prias palavras.<\/p>\n<p><b>Clich\u00ea &#8211;<\/b>\u00a0O \u00faltimo, mas n\u00e3o menos importante&#8230;<br \/>\n<b>Direto &#8211;<\/b>\u00a0Por \u00faltimo&#8230;<\/p>\n<p><b>6. Evite o uso de adv\u00e9rbios vagos.<\/b><br \/>\nE n\u00e3o esclarecedores, como &#8220;muito&#8221;, &#8220;pouco&#8221;, &#8220;razoavelmente.&#8221;<\/p>\n<p><b>Vago &#8211;<\/b>\u00a0O projeto est\u00e1 um pouco atrasado.<br \/>\n<b>Direto &#8211;<\/b>\u00a0O projeto est\u00e1 uma semana atrasado.<\/p>\n<p><b>7. Use uma linguagem simples e direta.<\/b><br \/>\nEvite o jarg\u00e3o t\u00e9cnico e prefira as palavras conhecidas. N\u00e3o esnobe o seu portugu\u00eas.<\/p>\n<p><b>Jarg\u00e3o &#8211;<\/b>\u00a0Input, Output.<br \/>\n<b>Portugu\u00eas comum &#8211;<\/b>\u00a0Fatos\/informa\u00e7\u00f5es, resultados.<\/p>\n<p><b>8. Ache a palavra certa.<\/b><br \/>\nUse palavras de que voc\u00ea conhe\u00e7a exatamente o significado. Aprenda a consultar o dicion\u00e1rio para evitar confus\u00f5es.<\/p>\n<p><b>9. N\u00e3o cometa erros de ortografia.<\/b><br \/>\nEm caso de d\u00favida, consulte o dicion\u00e1rio ou pe\u00e7a a algu\u00e9m para revisar seu trabalho. Uma reda\u00e7\u00e3o incorreta pode indicar neglig\u00eancia de sua parte e impressionar mal o leitor.<\/p>\n<p><b>10. N\u00e3o exagere na elabora\u00e7\u00e3o da mensagem.<\/b><br \/>\nEscreva somente o necess\u00e1rio, procurando condensar a informa\u00e7\u00e3o.\u00a0<b>Seja sucinto sem excluir nenhum ponto-chave.<\/b><\/p>\n<p><b>11. Ataque o problema.<\/b><br \/>\nDiga o que voc\u00ea pensa sem rodeios. Escreva com simplicidade, naturalidade e confian\u00e7a.<\/p>\n<p><b>12. Evite palavras desnecess\u00e1rias.<\/b><br \/>\nEscreva o essencial. Revise e simplifique.<\/p>\n<table width=\"80%\" border=\"0\">\n<tbody>\n<tr>\n<td width=\"10%\"><\/td>\n<td width=\"60%\"><b>N\u00e3o Escreva<\/b><\/td>\n<td width=\"30%\"><b>Escreva<\/b><\/td>\n<\/tr>\n<tr>\n<td width=\"10%\"><\/td>\n<td width=\"60%\">Plano de a\u00e7\u00e3o<\/td>\n<td width=\"30%\">Plano<\/td>\n<\/tr>\n<tr>\n<td width=\"10%\"><\/td>\n<td width=\"60%\">Fazer um debate<\/td>\n<td width=\"30%\">Debater<\/td>\n<\/tr>\n<tr>\n<td width=\"10%\"><\/td>\n<td width=\"60%\">Estudar em profundidade<\/td>\n<td width=\"30%\">Estudar<\/td>\n<\/tr>\n<tr>\n<td width=\"10%\"><\/td>\n<td width=\"60%\">No evento de<\/td>\n<td width=\"30%\">Se<\/td>\n<\/tr>\n<tr>\n<td width=\"10%\"><\/td>\n<td width=\"60%\">Com o prop\u00f3sito de<\/td>\n<td width=\"30%\">Para<\/td>\n<\/tr>\n<tr>\n<td width=\"10%\"><\/td>\n<td width=\"60%\">A n\u00edvel de Diretoria<\/td>\n<td width=\"30%\">Pela Diretoria<\/td>\n<\/tr>\n<\/tbody>\n<\/table>\n<p align=\"justify\"><b>13. Evite abrevia\u00e7\u00f5es, siglas e s\u00edmbolos.<\/b><br \/>\nO leitor pode n\u00e3o conhec\u00ea-los.<\/p>\n<p><b>14. N\u00e3o se contente com o primeiro rascunho<\/b><br \/>\nReescreva. Revise. Acima de tudo,\u00a0<b>corte.<\/b>\u00a0Quando se tratar de um trabalho importante, fa\u00e7a uma pausa, entre o primeiro e o segundo rascunho, de pelo menos uma noite.<br \/>\nVolte a ele com um olhar cr\u00edtico e imparcial.<\/p>\n<p><b>15. Pe\u00e7a a um colega para revisar seus trabalhos mais importantes.<\/b><br \/>\nE d\u00ea total liberdade para coment\u00e1rios e sugest\u00f5es.<\/p>\n","protected":false},"excerpt":{"rendered":"<p>Algumas dicas para voc\u00ea escrever melhor 1. Tenha sempre em mente que o tempo do leitor \u00e9 limitado. O que [&hellip;]<\/p>\n","protected":false},"author":2,"featured_media":0,"parent":0,"menu_order":11,"comment_status":"closed","ping_status":"open","template":"","meta":{"footnotes":""},"class_list":["post-211","page","type-page","status-publish","hentry"],"jetpack_sharing_enabled":true,"jetpack_shortlink":"https:\/\/wp.me\/P4gyB8-3p","_links":{"self":[{"href":"https:\/\/biucsproject.org\/blog\/wp-json\/wp\/v2\/pages\/211","targetHints":{"allow":["GET"]}}],"collection":[{"href":"https:\/\/biucsproject.org\/blog\/wp-json\/wp\/v2\/pages"}],"about":[{"href":"https:\/\/biucsproject.org\/blog\/wp-json\/wp\/v2\/types\/page"}],"author":[{"embeddable":true,"href":"https:\/\/biucsproject.org\/blog\/wp-json\/wp\/v2\/users\/2"}],"replies":[{"embeddable":true,"href":"https:\/\/biucsproject.org\/blog\/wp-json\/wp\/v2\/comments?post=211"}],"version-history":[{"count":4,"href":"https:\/\/biucsproject.org\/blog\/wp-json\/wp\/v2\/pages\/211\/revisions"}],"predecessor-version":[{"id":341,"href":"https:\/\/biucsproject.org\/blog\/wp-json\/wp\/v2\/pages\/211\/revisions\/341"}],"wp:attachment":[{"href":"https:\/\/biucsproject.org\/blog\/wp-json\/wp\/v2\/media?parent=211"}],"curies":[{"name":"wp","href":"https:\/\/api.w.org\/{rel}","templated":true}]}}