{"id":196,"date":"2013-06-10T10:15:07","date_gmt":"2013-06-10T13:15:07","guid":{"rendered":"http:\/\/biucsproject.org\/blog\/?page_id=196"},"modified":"2013-06-10T10:15:07","modified_gmt":"2013-06-10T13:15:07","slug":"a-triade-do-tempo","status":"publish","type":"page","link":"https:\/\/biucsproject.org\/blog\/sobre\/a-triade-do-tempo\/","title":{"rendered":"A Tr\u00edade do Tempo"},"content":{"rendered":"<p style=\"text-align: justify;\">Em todos os Tempos o homem se deparou, e ainda se depara, com o seu maior inimigo e maior aliado. Todos os dias, em todos os lugares o Tempo passa.<\/p>\n<p style=\"text-align: justify;\">A relatividade deste protagonista nos fascina, nos aflige e nos submete. Quem nunca esperou 15 minutos por um encontro como se esperasse por 1 hora? Ou ent\u00e3o, sentiu este t\u00e3o esperado encontro, de longas horas, se esvair como se fossem apenas 15 minutos?<img decoding=\"async\" class=\"alignright\" alt=\"\" src=\"http:\/\/biucsproject.org\/images\/hourglass.gif\" \/><\/p>\n<p style=\"text-align: justify;\">Se a nossa percep\u00e7\u00e3o \u00e9 relativa sobre o tempo, o nosso controle sobre ele n\u00e3o \u00e9. Quem n\u00e3o gostaria de ter a m\u00e1quina do tempo? Voltar atr\u00e1s e corrigir os erros do passado, ou ir at\u00e9 o futuro e descobrir o que nos espera em 2100?<\/p>\n<p style=\"text-align: justify;\">O que ser\u00e1 destas palavras em 2100? Apenas papel? Existir\u00e1 papel? Este ter\u00e1 se modernizado da celulose para o sil\u00edcio? E o conte\u00fado? Continuar\u00e1 descrevendo o sentimento da realidade atual? Ou ser\u00e3o apenas id\u00e9ias do passado? O conceito de tempo estar\u00e1 ultrapassado?<\/p>\n<p style=\"text-align: justify;\">Este duelo que travamos entre o hoje, o ontem e o amanh\u00e3 sempre vai existir, assim espero&#8230; E n\u00e3o adianta querer mudar ou prever, pois neste tri\u00e2ngulo, que nos desafia, h\u00e1 um enigma que est\u00e1 al\u00e9m do nosso alcance.<\/p>\n<p style=\"text-align: justify;\">Para falar do futuro, basta falar do presente; para falar do passado, basta falar do presente, simplesmente porque o nosso presente foi e ser\u00e1 nosso.<\/p>\n<p style=\"text-align: justify;\">Quando falamos no Futuro, pensamos em tecnologia, mas ela \u00e9 apenas o \u00f3pio que nos distrai para n\u00e3o percebermos o tempo. Para n\u00e3o sofrermos com ele. Ela alivia e nos traz conforto. Sempre esteve com a gente e sempre estar\u00e1 se modernizando junto conosco: Homens atravessaram continentes, Caravelas atravessaram os Oceanos, Avi\u00f5es cruzaram os C\u00e9us, Foguetes cruzaram as Estrelas &#8211; Nos distra\u00edmos fazendo tudo isso, enquanto o Tempo passa. E apesar das supera\u00e7\u00f5es de limites, tudo continua como antes. As dist\u00e2ncias aumentaram dos continentes \u00e0 fronteira sideral. As caravelas se modernizaram em porta-avi\u00f5es, mas o resultado \u00e9 o mesmo: S\u00f3 estamos quebrando os mesmos limites, cruzando as mesmas dist\u00e2ncias, renovadas apenas com mais conforto e seguran\u00e7a.<\/p>\n<p style=\"text-align: justify;\">E isto n\u00e3o se aplica apenas aos transportes, pois as id\u00e9ias, as palavras, seguiram o mesmo caminho: Escritas no papel atravessaram continentes, faladas no r\u00e1dio ou telefone atravessaram oceanos e vistas na TV nos mostraram a superf\u00edcie da Lua.<\/p>\n<p style=\"text-align: justify;\">Mas n\u00f3s, Homens, ainda somos os mesmos. Capazes de Amar, Sofrer, Ferir, ajudar&#8230; Capazes de querer parar o Tempo, voltar no Tempo, prever o Tempo. Isso n\u00e3o muda.<\/p>\n<p style=\"text-align: justify;\">Neste trio, convivem no presente, o passado e o futuro. Mas como pode ser? \u00c9 assim porque o tempo depende de n\u00f3s para ser percebido. N\u00e3o fosse assim, sem a abstra\u00e7\u00e3o humana, o que haveria de ser em J\u00fapiter ou Marte? O que se passou por l\u00e1? O que se passar\u00e1 por l\u00e1? Monotonia.<\/p>\n<p style=\"text-align: justify;\">No nosso presente, de hoje, h\u00e1 os saudosistas que vivem congelados no ontem. Tamb\u00e9m h\u00e1 os futuristas que vivem colados no amanh\u00e3. No nosso presente h\u00e1 o choque de culturas: Pa\u00edses que vivem pr\u00e1ticas culturais que, para n\u00f3s, ficaram enterradas 500 anos atr\u00e1s. Para n\u00f3s, tamb\u00e9m h\u00e1 aqueles pa\u00edses que sinalizam o futuro, que est\u00e3o cinco, dez, cem anos \u00e0 frente de onde, talvez, queiramos chegar.<\/p>\n<p style=\"text-align: justify;\">Como ser\u00e1 2100? Muitos h\u00e1bitos ir\u00e3o mudar. Mas o nosso \u00e2mago ser\u00e1 o mesmo, de homens apaixonados pela vida, fascinados pelo Tempo, e que, apesar de entender melhor as subst\u00e2ncias que nos cercam, ainda assim estar\u00e3o cheios de desejos, sustent\u00e1veis e insustent\u00e1veis, como o Tempo, que em sua relatividade \u00e9 apenas um, apesar da sua Trindade.<\/p>\n","protected":false},"excerpt":{"rendered":"<p>Em todos os Tempos o homem se deparou, e ainda se depara, com o seu maior inimigo e maior aliado. [&hellip;]<\/p>\n","protected":false},"author":2,"featured_media":0,"parent":180,"menu_order":6,"comment_status":"closed","ping_status":"open","template":"","meta":{"footnotes":""},"class_list":["post-196","page","type-page","status-publish","hentry"],"jetpack_sharing_enabled":true,"jetpack_shortlink":"https:\/\/wp.me\/P4gyB8-3a","_links":{"self":[{"href":"https:\/\/biucsproject.org\/blog\/wp-json\/wp\/v2\/pages\/196","targetHints":{"allow":["GET"]}}],"collection":[{"href":"https:\/\/biucsproject.org\/blog\/wp-json\/wp\/v2\/pages"}],"about":[{"href":"https:\/\/biucsproject.org\/blog\/wp-json\/wp\/v2\/types\/page"}],"author":[{"embeddable":true,"href":"https:\/\/biucsproject.org\/blog\/wp-json\/wp\/v2\/users\/2"}],"replies":[{"embeddable":true,"href":"https:\/\/biucsproject.org\/blog\/wp-json\/wp\/v2\/comments?post=196"}],"version-history":[{"count":1,"href":"https:\/\/biucsproject.org\/blog\/wp-json\/wp\/v2\/pages\/196\/revisions"}],"predecessor-version":[{"id":197,"href":"https:\/\/biucsproject.org\/blog\/wp-json\/wp\/v2\/pages\/196\/revisions\/197"}],"up":[{"embeddable":true,"href":"https:\/\/biucsproject.org\/blog\/wp-json\/wp\/v2\/pages\/180"}],"wp:attachment":[{"href":"https:\/\/biucsproject.org\/blog\/wp-json\/wp\/v2\/media?parent=196"}],"curies":[{"name":"wp","href":"https:\/\/api.w.org\/{rel}","templated":true}]}}