{"id":194,"date":"2013-06-10T10:13:01","date_gmt":"2013-06-10T13:13:01","guid":{"rendered":"http:\/\/biucsproject.org\/blog\/?page_id=194"},"modified":"2013-06-14T00:40:42","modified_gmt":"2013-06-14T03:40:42","slug":"solidao","status":"publish","type":"page","link":"https:\/\/biucsproject.org\/blog\/sobre\/solidao\/","title":{"rendered":"Solid\u00e3o"},"content":{"rendered":"<p><iframe loading=\"lazy\" src=\"http:\/\/biucsproject.org\/music\/general\/about_author_alone.htm\" height=\"41\" width=\"68\" frameborder=\"0\" scrolling=\"no\"><\/iframe><\/p>\n<p style=\"text-align: justify;\">Segundo Pascal, o grande pensador cient\u00edfico-filos\u00f3fico do s\u00e9culo XVII, &#8220;a verdadeira natureza do homem, seu verdadeiro bem, sua verdadeira virtude e a verdadeira religi\u00e3o s\u00e3o coisas cujo conhecimento \u00e9 insepar\u00e1vel.&#8221;<\/p>\n<p style=\"text-align: justify;\"><img loading=\"lazy\" decoding=\"async\" alt=\"\" src=\"http:\/\/biucsproject.org\/images\/ls_paradise.jpg\" width=\"480\" height=\"313\" align=\"right\" hspace=\"3\" vspace=\"5\" \/>Nem sempre a solid\u00e3o pode ser encarada como dor ou ins\u00e2nia. \u00c9, em muitas ocasi\u00f5es, per\u00edodos de prepara\u00e7\u00e3o, tempos de crescimento, convites da vida ao amadurecimento.<\/p>\n<p style=\"text-align: justify;\">De acordo com o pensamento de Pascal, o \u00e2mago do ser est\u00e1 intimamente ligado ao bem, \u00e0 virtude e \u00e0 religi\u00e3o. \u00c9 justamente nas &#8220;\u00e9pocas de solid\u00e3o&#8221; que conseguimos a motiva\u00e7\u00e3o necess\u00e1ria para estabelecer a verdade sobre esse fato.<\/p>\n<p style=\"text-align: justify;\">Na solid\u00e3o, \u00e9 que encontramos sanidade para nosso mundo interior, respostas seguras para nossos caminhos incertos e nutri\u00e7\u00e3o vitalizante para os labores que enfrentamos em nossa viagem terrena.<\/p>\n<p style=\"text-align: justify;\">Nestes nossos apontamentos sobre a solid\u00e3o, n\u00e3o estamos nos referindo \u00e0 &#8220;tristeza de estar s\u00f3&#8221;, mas sim, necessariamente, \u00e0 &#8220;quietude \u00edntima&#8221;, t\u00e3o importante e saud\u00e1vel para que fa\u00e7amos um trabalho de autoconsci\u00eancia, valorizando as nuances de nossa vida interior.<\/p>\n<p style=\"text-align: justify;\">Muitos indiv\u00edduos vivem dentro de um ciclo di\u00e1rio estafante. Realizam suas atividades num ambiente de competitividade, agita\u00e7\u00e3o, pressa e rivalidade, vivendo em constante tens\u00e3o psicol\u00f3gica e, por conseq\u00fc\u00eancia, alterando suas fun\u00e7\u00f5es fisiol\u00f3gicas. Por viverem num estado de cansa\u00e7o e desgaste cont\u00ednuos, n\u00e3o conseguem fazer uma real intera\u00e7\u00e3o entre o meio ambiente e o seu mundo interno, o que ocasiona s\u00e9rios problemas de conviv\u00eancia e in\u00fameros conflitos pessoais.<\/p>\n<p style=\"text-align: justify;\">Nem sempre \u00e9 poss\u00edvel abandonarmos a vida alvoro\u00e7ada, os ru\u00eddos e as m\u00fasicas estridentes, talvez seja at\u00e9 mesmo invi\u00e1vel; mas \u00e9 perfeitamente realiz\u00e1vel dedicarmos algum tempo \u00e0 solid\u00e3o, retirando-nos para momentos de reflex\u00e3o.<\/p>\n<p style=\"text-align: justify;\">Nos instantes de sil\u00eancio, exercitamos o aprendizado que nos levar\u00e1 a abrir um canal receptivo \u00e0 Consci\u00eancia Divina. \u00c9 nesse momento que ficamos cientes de que realmente n\u00e3o estamos sozinhos e que podemos entrar em contato com a voz da consci\u00eancia. A voz de Deus, por assim dizer, come\u00e7ar\u00e1 a &#8220;falar em n\u00f3s&#8221;.<\/p>\n<p style=\"text-align: justify;\">In\u00fameras criaturas criam uma mente agitada por temerem que est\u00e3o vazias, pensam n\u00e3o haver nada dentro delas que lhes d\u00ea prote\u00e7\u00e3o, apoio e seguran\u00e7a. Acreditam que s\u00e3o uma casca que precisa exclusivamente de sustenta\u00e7\u00e3o exterior; por isso, continuam ocupando a casa mental ansiosamente, obstruindo seu acesso \u00e0 luz espiritual.<\/p>\n<p style=\"text-align: justify;\">A mente pode ser uma ajuda efetiva, ou mesmo um obst\u00e1culo ferrenho na escolha da melhor dire\u00e7\u00e3o para atingirmos o amadurecimento \u00edntimo. A cren\u00e7a em nossa limita\u00e7\u00e3o \u00e9 que faz com que restrinjamos nossa mente. Isso se agrava quando envolvemo-la no burburinho de vozes, no tumulto e na agita\u00e7\u00e3o do cotidiano, passando assim a n\u00e3o avaliarmos corretamente seu verdadeiro potencial.<\/p>\n<p style=\"text-align: justify;\">S\u00e3o muitos os caminhos de Deus, e a solid\u00e3o pode ser um deles. &#8220;E saindo, foi, como costumava, para o Monte das Oliveiras; e tamb\u00e9m os seus disc\u00edpulos o seguiram.&#8221;<\/p>\n<p style=\"text-align: justify;\">Jesus Cristo, constantemente, se retirava para a intimidade que o sil\u00eancio proporciona, pois entendia que a eleva\u00e7\u00e3o de alma somente \u00e9 poss\u00edvel na &#8220;privacidade da solid\u00e3o&#8221;.<\/p>\n<p style=\"text-align: justify;\">O Cristo Amoroso sabia que, quando houvesse sil\u00eancio no cora\u00e7\u00e3o e no intelecto, se estabeleceriam as bases seguras da rela\u00e7\u00e3o entre a criatura e o Criador, proporcionando a percep\u00e7\u00e3o de que somos unos com a Vida e unos com todos os seres.<\/p>\n<p style=\"text-align: justify;\">&#8220;&#8230; buscam no retiro a tranq\u00fcilidade que certos trabalhos reclamam. (&#8230;) Isso n\u00e3o \u00e9 retraimento absoluto do ego\u00edsta. Esses n\u00e3o se insulam da sociedade, porquanto para ela trabalham.&#8221;<\/p>\n<p style=\"text-align: justify;\">A Espiritualidade Maior entende que, nos retiros de tranq\u00fcilidade, criamos uma sustenta\u00e7\u00e3o interior, que nos permite sintonizar com as leis divinas e com os valores reais da consci\u00eancia crist\u00e3.<\/p>\n<p style=\"text-align: justify;\">Ou\u00e7amos com os ouvidos internos, pois ningu\u00e9m pode assimilar bem uma experi\u00eancia que n\u00e3o provenha de sua pr\u00f3pria orienta\u00e7\u00e3o interior.<\/p>\n<p style=\"text-align: justify;\">Ningu\u00e9m \u00e9 capaz de seguir sua verdadeira estrada existencial, se n\u00e3o refletir sobre sua ess\u00eancia. N\u00e3o encontraremos o caminho de que verdadeiramente necessitamos, se n\u00f3s mesmos n\u00e3o o buscarmos, usando nossos inerentes recursos da alma para perceber as inarticuladas orienta\u00e7\u00f5es divinas em n\u00f3s.<\/p>\n<p style=\"text-align: justify;\">Somente cada um pode interpretar as raz\u00f5es da Vida em si mesmo.<\/p>\n<p style=\"text-align: justify;\">Adotemos o aprendizado com o Senhor Jesus, exemplificado no Horto das Oliveiras: retiremo-nos para um lugar \u00e0 parte e cultivemos os interesses de nossa alma.<\/p>\n<p style=\"text-align: justify;\">Se n\u00e3o encontrarmos um recanto externo que facilite a medita\u00e7\u00e3o, nem alguma paisagem mais afastada junto \u00e0 Natureza, onde possamos repousar da inquieta\u00e7\u00e3o da multid\u00e3o, mesmo assim poderemos penetrar o nosso santu\u00e1rio \u00edntimo.<\/p>\n<p style=\"text-align: justify;\">Sigamos o Mestre, recolhendo-nos na solid\u00e3o e no sil\u00eancio do templo da alma, onde exclusivamente encontraremos as reais concep\u00e7\u00f5es do amor e da justi\u00e7a, da felicidade e da paz, de que todos temos direito por Paternidade Divina.<\/p>\n","protected":false},"excerpt":{"rendered":"<p>Segundo Pascal, o grande pensador cient\u00edfico-filos\u00f3fico do s\u00e9culo XVII, &#8220;a verdadeira natureza do homem, seu verdadeiro bem, sua verdadeira virtude [&hellip;]<\/p>\n","protected":false},"author":2,"featured_media":0,"parent":180,"menu_order":5,"comment_status":"closed","ping_status":"open","template":"","meta":{"footnotes":""},"class_list":["post-194","page","type-page","status-publish","hentry"],"jetpack_sharing_enabled":true,"jetpack_shortlink":"https:\/\/wp.me\/P4gyB8-38","_links":{"self":[{"href":"https:\/\/biucsproject.org\/blog\/wp-json\/wp\/v2\/pages\/194","targetHints":{"allow":["GET"]}}],"collection":[{"href":"https:\/\/biucsproject.org\/blog\/wp-json\/wp\/v2\/pages"}],"about":[{"href":"https:\/\/biucsproject.org\/blog\/wp-json\/wp\/v2\/types\/page"}],"author":[{"embeddable":true,"href":"https:\/\/biucsproject.org\/blog\/wp-json\/wp\/v2\/users\/2"}],"replies":[{"embeddable":true,"href":"https:\/\/biucsproject.org\/blog\/wp-json\/wp\/v2\/comments?post=194"}],"version-history":[{"count":3,"href":"https:\/\/biucsproject.org\/blog\/wp-json\/wp\/v2\/pages\/194\/revisions"}],"predecessor-version":[{"id":351,"href":"https:\/\/biucsproject.org\/blog\/wp-json\/wp\/v2\/pages\/194\/revisions\/351"}],"up":[{"embeddable":true,"href":"https:\/\/biucsproject.org\/blog\/wp-json\/wp\/v2\/pages\/180"}],"wp:attachment":[{"href":"https:\/\/biucsproject.org\/blog\/wp-json\/wp\/v2\/media?parent=194"}],"curies":[{"name":"wp","href":"https:\/\/api.w.org\/{rel}","templated":true}]}}