{"id":192,"date":"2013-06-10T10:11:24","date_gmt":"2013-06-10T13:11:24","guid":{"rendered":"http:\/\/biucsproject.org\/blog\/?page_id=192"},"modified":"2013-06-14T00:39:28","modified_gmt":"2013-06-14T03:39:28","slug":"somos-primitivos","status":"publish","type":"page","link":"https:\/\/biucsproject.org\/blog\/sobre\/somos-primitivos\/","title":{"rendered":"Somos Primitivos"},"content":{"rendered":"<p><iframe loading=\"lazy\" src=\"http:\/\/biucsproject.org\/music\/general\/about_author_primitivos.htm\" height=\"41\" width=\"68\" frameborder=\"0\" scrolling=\"no\"><\/iframe><\/p>\n<p style=\"text-align: justify;\">Tirar conclus\u00f5es precipitadas sempre nos fez, no presente e no passado, rever atitudes que tomamos e posi\u00e7\u00f5es que assumimos diante das interpreta\u00e7\u00f5es mal elaboradas que fazemos e fizemos do mundo.<\/p>\n<p style=\"text-align: justify;\">Se uma tribo primitiva tivesse o seu primeiro contato com nossa cultura e tecnologia, surpreendida por militares fardados e armados; ela os denominaria &#8220;sombras da selva&#8221; e se vissem as armas de fogo funcionando, diriam que os guerreiros possuem &#8220;lan\u00e7as de trov\u00e3o&#8221;.<\/p>\n<p style=\"text-align: justify;\">Devido ao fato da tribo ser &#8220;ignorante&#8221; ou n\u00e3o possuir um conhecimento cient\u00edfico refinado sobre a natureza e manipula\u00e7\u00e3o de seus elementos, ela n\u00e3o entende o funcionamento da combust\u00e3o da p\u00f3lvora que impulsiona o proj\u00e9til e tamb\u00e9m nunca vira uma farda de tecido antes. E se a an\u00e1lise for mais apurada, perceberemos que, apesar de armas de fogo e tecidos serem comuns, a maioria das pessoas n\u00e3o entende o funcionamento de ambos e n\u00e3o seriam capazes de produzir quaisquer um deles. A tecnologia \u00e9 complicada at\u00e9 para seus utilizadores leigos! Ent\u00e3o a tribo primitiva, com certeza dir\u00e1 que a tropa militar \u00e9 o Mal, o Dem\u00f4nio, o Fantasma, o Esp\u00edrito, o Possessor Maligno, Satan\u00e1s, o Capeta&#8230;<\/p>\n<p style=\"text-align: justify;\">Quem n\u00e3o \u00e9 primitivo perante as proje\u00e7\u00f5es do futuro? Somos t\u00e3o primitivos quanto qualquer tribo ind\u00edgena isolada, pois n\u00e3o seriamos capazes de reconstruir nosso mundo, devido ao fato de o conhecimento ecl\u00e9tico estar se exaurindo. Ningu\u00e9m compreende o mundo como um todo, estamos acostumados apenas a observar nossas fatias e partes que assumimos no nosso nicho. Nosso mundo est\u00e1 repleto de fen\u00f4menos completamente naturais que a ci\u00eancia ainda n\u00e3o \u00e9 capaz de descrever. Nossa natureza deixa algumas impress\u00f5es muito sublimes e ainda n\u00e3o \u00e9 de nosso poder muitos aparelhos e instrumentos que ser\u00e3o capazes de detectar a presen\u00e7a de materiais que nos escapam a percep\u00e7\u00e3o. Ent\u00e3o, apenas porque desconhecemos um planeta nos confins do universo, ele deixar\u00e1 de existir? Apenas essa condi\u00e7\u00e3o se faz suficientemente necess\u00e1ria para a afirma\u00e7\u00e3o se tornar verdadeira?<\/p>\n<p style=\"text-align: justify;\">Porque continuamos preservando e cultuando aquele pensamento medieval e manipulador? Ser\u00e1 t\u00e3o necess\u00e1rio assim viver como energia cega? Os exemplos de que o Planeta Terra era o centro do universo e que era achatado, assim como o ar e a gravidade n\u00e3o existiam, n\u00e3o foram suficientes para mostrar que o preconceito e a m\u00e1 forma\u00e7\u00e3o de um ponto de vista s\u00e3o prejudiciais ao desenvolvimento humano? Quem disse que o homem n\u00e3o voaria? Para que serve o avi\u00e3o &#8230;?<\/p>\n","protected":false},"excerpt":{"rendered":"<p>Tirar conclus\u00f5es precipitadas sempre nos fez, no presente e no passado, rever atitudes que tomamos e posi\u00e7\u00f5es que assumimos diante [&hellip;]<\/p>\n","protected":false},"author":2,"featured_media":0,"parent":180,"menu_order":4,"comment_status":"closed","ping_status":"open","template":"","meta":{"footnotes":""},"class_list":["post-192","page","type-page","status-publish","hentry"],"jetpack_sharing_enabled":true,"jetpack_shortlink":"https:\/\/wp.me\/P4gyB8-36","_links":{"self":[{"href":"https:\/\/biucsproject.org\/blog\/wp-json\/wp\/v2\/pages\/192","targetHints":{"allow":["GET"]}}],"collection":[{"href":"https:\/\/biucsproject.org\/blog\/wp-json\/wp\/v2\/pages"}],"about":[{"href":"https:\/\/biucsproject.org\/blog\/wp-json\/wp\/v2\/types\/page"}],"author":[{"embeddable":true,"href":"https:\/\/biucsproject.org\/blog\/wp-json\/wp\/v2\/users\/2"}],"replies":[{"embeddable":true,"href":"https:\/\/biucsproject.org\/blog\/wp-json\/wp\/v2\/comments?post=192"}],"version-history":[{"count":2,"href":"https:\/\/biucsproject.org\/blog\/wp-json\/wp\/v2\/pages\/192\/revisions"}],"predecessor-version":[{"id":349,"href":"https:\/\/biucsproject.org\/blog\/wp-json\/wp\/v2\/pages\/192\/revisions\/349"}],"up":[{"embeddable":true,"href":"https:\/\/biucsproject.org\/blog\/wp-json\/wp\/v2\/pages\/180"}],"wp:attachment":[{"href":"https:\/\/biucsproject.org\/blog\/wp-json\/wp\/v2\/media?parent=192"}],"curies":[{"name":"wp","href":"https:\/\/api.w.org\/{rel}","templated":true}]}}