{"id":190,"date":"2013-06-10T10:10:05","date_gmt":"2013-06-10T13:10:05","guid":{"rendered":"http:\/\/biucsproject.org\/blog\/?page_id=190"},"modified":"2013-06-14T00:38:38","modified_gmt":"2013-06-14T03:38:38","slug":"os-porques","status":"publish","type":"page","link":"https:\/\/biucsproject.org\/blog\/sobre\/os-porques\/","title":{"rendered":"Os Porqu\u00eas"},"content":{"rendered":"<p><iframe loading=\"lazy\" src=\"http:\/\/biucsproject.org\/music\/general\/about_author_why.htm\" height=\"41\" width=\"68\" frameborder=\"0\" scrolling=\"no\"><\/iframe><\/p>\n<p style=\"text-align: right;\" align=\"JUSTIFY\">&#8220;Certas derrotas preparam-nos para grandes vit\u00f3rias.&#8221;<br \/>\n(Prov\u00e9rbio)<\/p>\n<p align=\"JUSTIFY\">Enquanto as rela\u00e7\u00f5es s\u00e3o superficiais tudo \u00e9 maravilha e muito interessante, mas depois, quando voc\u00ea come\u00e7a a fazer parte da vida do outro, tudo se torna muito diferente, voc\u00ea come\u00e7a a enxergar as diferen\u00e7as ideol\u00f3gicas e comportamentais.<\/p>\n<p align=\"JUSTIFY\">Quem dera fazer com que isso seja entendido. Pior; dera algu\u00e9m querer entender. \u00c9 f\u00e1cil resolver nossos pr\u00f3prios problemas, mas n\u00e3o se faz esfor\u00e7o algum para isso. Gostamos das nossas dificuldades e n\u00e3o queremos nos largar delas. Somos e queremos continuar sendo exatamente aquilo que somos.<\/p>\n<p align=\"JUSTIFY\">N\u00e3o estou sendo literal, n\u00e3o h\u00e1 fatalidades na natureza e dentro da maioria das regras e produ\u00e7\u00f5es humanas sempre encontraremos exce\u00e7\u00f5es. Voc\u00ea pode n\u00e3o concordar com o que eu escrevo, pois possui argumentos e fatos que indicam possibilidades contr\u00e1rias, as quais eu n\u00e3o pude perceber. Nada do que dizemos \u00e9 realmente correto, \u00e9 apenas pura filosofia e eu considero a hip\u00f3tese de eu estar errado! Afinal, o comportamento c\u00e9tico, talvez, seja o mais seguro em um mundo complexo e multifacetado, onde nada \u00e9 certo e tudo passa a ser uma quest\u00e3o de ponto de vista dependendo da dire\u00e7\u00e3o para onde se olha.<\/p>\n<blockquote>\n<blockquote>\n<p align=\"JUSTIFY\">&#8220;Sempre que ensinares, ensina tamb\u00e9m a duvidares do que ensina.&#8221;<br \/>\n(Prov\u00e9rbio)<\/p>\n<p>&#8220;O relativismo \u00e9 v\u00e1lido enquanto combate o dogmatismo, mas se levado ao extremo pode tornar-se ceticismo.&#8221;<br \/>\n(Prov\u00e9rbio)<\/p><\/blockquote>\n<\/blockquote>\n<p style=\"text-align: justify;\" align=\"JUSTIFY\">Mas, voltando ao assunto dos relacionamentos, Leo Busc\u00e1glia escreveu: &#8220;(&#8230;) relacionamentos rituais: uma intera\u00e7\u00e3o ritual, como quando voc\u00ea est\u00e1 andando pela rua e diz: &#8220;Ol\u00e1, Mary, como vai?&#8221; Ela responde: &#8220;Bem&#8221;. (Ela est\u00e1 morrendo de lepra, mas diz &#8220;bem&#8221;.) Aquilo cai maquinalmente. (Voc\u00ea tamb\u00e9m n\u00e3o se importa se ela vai bem ou n\u00e3o!) &#8220;Como vai, Min?&#8221; Ela diz: &#8220;Ah, o meu lumbago, est\u00e1 me matando&#8230;&#8221; Voc\u00ea n\u00e3o quer saber. Para que pergunta? N\u00e3o seria maravilhoso dizer &#8220;Ol\u00e1, Mary&#8221;, e olhar nos olhos dela, para mostrar que voc\u00ea se interessa? N\u00e3o pergunte, se n\u00e3o quiser saber de verdade. A\u00ed, se ela disser, sente-se, acenda uma fogueira e escute.<\/p>\n<p style=\"text-align: justify;\" align=\"JUSTIFY\">Um n\u00edvel mais alto, mas assim mesmo bem estranho, \u00e9 o que chamo de &#8220;conversa de coquetel&#8221;, e isso \u00e9 realmente um material estranho. Falamos sobre todas as coisas seguras, que n\u00e3o interessa de verdade. Voc\u00ea algum dia j\u00e1 foi a um coquetel e disse: &#8220;Vamos falar de peito aberto. Vamos falar sobre religi\u00e3o, pol\u00edtica, amor. Deus morreu?&#8221; Voc\u00ea nunca mais seria convidado!&#8221;<\/p>\n<p>Extra\u00eddo de: (Vivendo, Amando &amp; Aprendendo, Editora Record, Leo Buscaglia &#8211; Living, Loving &amp; Learning, 1892.)<\/p>\n","protected":false},"excerpt":{"rendered":"<p>&#8220;Certas derrotas preparam-nos para grandes vit\u00f3rias.&#8221; (Prov\u00e9rbio) Enquanto as rela\u00e7\u00f5es s\u00e3o superficiais tudo \u00e9 maravilha e muito interessante, mas depois, [&hellip;]<\/p>\n","protected":false},"author":2,"featured_media":0,"parent":180,"menu_order":3,"comment_status":"closed","ping_status":"open","template":"","meta":{"footnotes":""},"class_list":["post-190","page","type-page","status-publish","hentry"],"jetpack_sharing_enabled":true,"jetpack_shortlink":"https:\/\/wp.me\/P4gyB8-34","_links":{"self":[{"href":"https:\/\/biucsproject.org\/blog\/wp-json\/wp\/v2\/pages\/190","targetHints":{"allow":["GET"]}}],"collection":[{"href":"https:\/\/biucsproject.org\/blog\/wp-json\/wp\/v2\/pages"}],"about":[{"href":"https:\/\/biucsproject.org\/blog\/wp-json\/wp\/v2\/types\/page"}],"author":[{"embeddable":true,"href":"https:\/\/biucsproject.org\/blog\/wp-json\/wp\/v2\/users\/2"}],"replies":[{"embeddable":true,"href":"https:\/\/biucsproject.org\/blog\/wp-json\/wp\/v2\/comments?post=190"}],"version-history":[{"count":2,"href":"https:\/\/biucsproject.org\/blog\/wp-json\/wp\/v2\/pages\/190\/revisions"}],"predecessor-version":[{"id":348,"href":"https:\/\/biucsproject.org\/blog\/wp-json\/wp\/v2\/pages\/190\/revisions\/348"}],"up":[{"embeddable":true,"href":"https:\/\/biucsproject.org\/blog\/wp-json\/wp\/v2\/pages\/180"}],"wp:attachment":[{"href":"https:\/\/biucsproject.org\/blog\/wp-json\/wp\/v2\/media?parent=190"}],"curies":[{"name":"wp","href":"https:\/\/api.w.org\/{rel}","templated":true}]}}