{"id":182,"date":"2013-06-10T10:01:33","date_gmt":"2013-06-10T13:01:33","guid":{"rendered":"http:\/\/biucsproject.org\/blog\/?page_id=182"},"modified":"2013-06-14T00:32:20","modified_gmt":"2013-06-14T03:32:20","slug":"projeto-biucs","status":"publish","type":"page","link":"https:\/\/biucsproject.org\/blog\/sobre\/projeto-biucs\/","title":{"rendered":"Projeto BIUCS"},"content":{"rendered":"<p><iframe loading=\"lazy\" src=\"http:\/\/biucsproject.org\/music\/biucs_project.htm\" height=\"41\" width=\"68\" frameborder=\"0\" scrolling=\"no\"><\/iframe><br \/>\n<img loading=\"lazy\" decoding=\"async\" alt=\"\" src=\"http:\/\/biucsproject.org\/images\/logo_comunist.gif\" width=\"152\" height=\"213\" align=\"left\" \/><span style=\"font-size: 300%;\">BIUCS Project &#8211; CCCP<\/span><br \/>\n<b>Projeto BIUCS.<br \/>\n(Bio-Implante para Unidade de Combate Superior)<\/b><\/p>\n<p><img loading=\"lazy\" decoding=\"async\" alt=\"\" src=\"http:\/\/biucsproject.org\/images\/vincent_liopard.jpg\" width=\"154\" height=\"300\" align=\"right\" \/><\/p>\n<p align=\"JUSTIFY\">O Centro Militar Sovi\u00e9tico de Pesquisas Gen\u00e9ticas desenvolveu um embri\u00e3o pela sele\u00e7\u00e3o de genes de animais predadores usando o m\u00e9todo de bio-implante, criando e purificando os genes de diversos animais, e aglomerando as melhores e principais caracter\u00edsticas. O projeto visou desenvolver um soldado com qualidades adequadas para o combate desarmado em diferentes situa\u00e7\u00f5es e circunst\u00e2ncias.<\/p>\n<p align=\"JUSTIFY\">Os melhores, dominantes e mais puros genes homozig\u00f3ticos de alguns animais mam\u00edferos foram mapeados, comparados e agrupados, mudando as seq\u00fc\u00eancias dos componentes dos \u00e1cidos desoxirribonucl\u00e9icos de um humano normal. O resultado planejado foi o de obter um embri\u00e3o, que ao se desenvolver com per\u00edodo de gesta\u00e7\u00e3o de 12 meses resultasse em uma esp\u00e9cie nova de human\u00f3ide.<\/p>\n<p align=\"JUSTIFY\">Antes de iniciar o projeto foram tomados todos os cuidados necess\u00e1rios para a preven\u00e7\u00e3o de falhas na cria\u00e7\u00e3o mental do novo indiv\u00edduo, que seguramente teria faculdades mentais da ra\u00e7a humana. Um laborat\u00f3rio foi constru\u00eddo em uma regi\u00e3o estrat\u00e9gica da Sib\u00e9ria. Dotado de toda tecnologia dispon\u00edvel e de in\u00fameras equipes de assist\u00eancia psicol\u00f3gica, m\u00e9dica e educacional.<\/p>\n<p align=\"JUSTIFY\">Ap\u00f3s diversas tentativas fracassadas no dia oito de agosto de 1971 em um domingo as oito horas da manh\u00e3 nasceu Vincent Liopard. Uma crian\u00e7a praticamente normal, mas diferente de uma crian\u00e7a comum: Vincent j\u00e1 era semi-independente. Na primeira semana de vida j\u00e1 andava e em alguns meses j\u00e1 se comunicava. Possu\u00eda um c\u00e9rebro de faculdades superlativas, autodidata e ambidestro, era capaz de ler e escrever com seis meses. Sua idade mental crescia progressivamente, com sete anos j\u00e1 era adulto e poliglota. Dono de uma incr\u00edvel capacidade de memoriza\u00e7\u00e3o, aprendeu e desenvolveu o conte\u00fado de diversas e qualificadas enciclop\u00e9dias, gram\u00e1ticas e dicion\u00e1rios.<\/p>\n<p align=\"JUSTIFY\">Seu corpo possu\u00eda uma anatomia nova, um esqueleto semi-cartilaginoso, \u00f3rg\u00e3os aprimorados e mais resistentes, musculatura especial, suas unhas eram garras afiadas e retrateis como a dos felinos e sua arcada dent\u00e1ria possu\u00eda presas caninas maiores, simetricamente proporcionais aos seus outros dentes como nos felinos. O tempo de cicatriza\u00e7\u00e3o foi reduzido em 20% e os choques suportados pelo esqueleto aumentaram em 70% em rela\u00e7\u00e3o a um humano. Sua musculatura era extremamente flex\u00edvel assim como os ossos, al\u00e9m de possuir enorme for\u00e7a, agilidade e velocidade, eram necess\u00e1rios oito homens para empurrar o que Vincent empurrava.<\/p>\n<p align=\"JUSTIFY\">Vincent foi privado da conviv\u00eancia com o mundo exterior para n\u00e3o assimilar nenhuma cultura ou preconceito que pudessem afetar seu treinamento e seu bem estar psicol\u00f3gico. At\u00e9 assumir o cargo de coronel, Vincent conviveu somente com a equipe do laborat\u00f3rio siberiano. Profissionais volunt\u00e1rios e rigidamente treinados pelos mais altos padr\u00f5es cient\u00edficos e filos\u00f3ficos racionais compunham a equipe, mostrando para Vincent como era a realidade do mundo exterior, para que ele n\u00e3o se perdesse de seu caminho ao deixar o laborat\u00f3rio.<\/p>\n<hr \/>\n<p><a href=\"mailto:vliopard@biucsproject.org\"><img loading=\"lazy\" decoding=\"async\" alt=\"\" src=\"http:\/\/biucsproject.org\/images\/mv_email_box.gif\" width=\"86\" height=\"34\" align=\"left\" border=\"0\" \/><\/a>(Esta \u00e9 uma obra de fic\u00e7\u00e3o cient\u00edfica, quaisquer d\u00favidas ou sugest\u00f5es, utilizem o endere\u00e7o eletr\u00f4nico\u00a0<span style=\"color: #0000ff;\"><a href=\"mailto:vliopard@biucsproject.org\">vliopard@biucsproject.org<\/a><\/span>.)<\/p>\n","protected":false},"excerpt":{"rendered":"<p>BIUCS Project &#8211; CCCP Projeto BIUCS. (Bio-Implante para Unidade de Combate Superior) O Centro Militar Sovi\u00e9tico de Pesquisas Gen\u00e9ticas desenvolveu [&hellip;]<\/p>\n","protected":false},"author":2,"featured_media":0,"parent":180,"menu_order":0,"comment_status":"closed","ping_status":"open","template":"","meta":{"footnotes":""},"class_list":["post-182","page","type-page","status-publish","hentry"],"jetpack_sharing_enabled":true,"jetpack_shortlink":"https:\/\/wp.me\/P4gyB8-2W","_links":{"self":[{"href":"https:\/\/biucsproject.org\/blog\/wp-json\/wp\/v2\/pages\/182","targetHints":{"allow":["GET"]}}],"collection":[{"href":"https:\/\/biucsproject.org\/blog\/wp-json\/wp\/v2\/pages"}],"about":[{"href":"https:\/\/biucsproject.org\/blog\/wp-json\/wp\/v2\/types\/page"}],"author":[{"embeddable":true,"href":"https:\/\/biucsproject.org\/blog\/wp-json\/wp\/v2\/users\/2"}],"replies":[{"embeddable":true,"href":"https:\/\/biucsproject.org\/blog\/wp-json\/wp\/v2\/comments?post=182"}],"version-history":[{"count":3,"href":"https:\/\/biucsproject.org\/blog\/wp-json\/wp\/v2\/pages\/182\/revisions"}],"predecessor-version":[{"id":343,"href":"https:\/\/biucsproject.org\/blog\/wp-json\/wp\/v2\/pages\/182\/revisions\/343"}],"up":[{"embeddable":true,"href":"https:\/\/biucsproject.org\/blog\/wp-json\/wp\/v2\/pages\/180"}],"wp:attachment":[{"href":"https:\/\/biucsproject.org\/blog\/wp-json\/wp\/v2\/media?parent=182"}],"curies":[{"name":"wp","href":"https:\/\/api.w.org\/{rel}","templated":true}]}}