{"id":165,"date":"2013-06-10T02:57:50","date_gmt":"2013-06-10T05:57:50","guid":{"rendered":"http:\/\/biucsproject.org\/blog\/?page_id=165"},"modified":"2013-06-14T00:14:15","modified_gmt":"2013-06-14T03:14:15","slug":"maquinas-x-humanos","status":"publish","type":"page","link":"https:\/\/biucsproject.org\/blog\/ciencia-da-computacao\/maquinas-x-humanos\/","title":{"rendered":"Maquinas x Humanos"},"content":{"rendered":"<p><iframe loading=\"lazy\" src=\"http:\/\/biucsproject.org\/music\/general\/computer_science_machines.htm\" height=\"41\" width=\"68\" frameborder=\"0\" scrolling=\"no\"><\/iframe><\/p>\n<p align=\"JUSTIFY\">Embora o computador seja seguidamente personificado, h\u00e1 uma importante distin\u00e7\u00e3o entre suas caracter\u00edsticas e as da mente humana. M\u00e1quinas algor\u00edtmicas s\u00e3o projetadas para executarem tarefas precisamente definidas, com velocidade e exatid\u00e3o, e fazem isso extremamente bem. Todavia, m\u00e1quinas s\u00e3o desprovidas de bom senso. Quando diante de uma situa\u00e7\u00e3o n\u00e3o prevista pelo programador, \u00e9 prov\u00e1vel que o seu desempenho caia sensivelmente. A mente humana, embora, em geral, tenha dificuldades com c\u00e1lculos complexos, \u00e9 capaz de compreender e deduzir. Por conseguinte, embora a m\u00e1quina consiga ultrapassar o ser humano no c\u00e1lculo das solu\u00e7\u00f5es de problemas de f\u00edsica nuclear, por exemplo, o ser humano, provavelmente, est\u00e1 muito mais apto a compreender os resultados e a determinar qual deve ser o pr\u00f3ximo c\u00e1lculo a ser realizado.<\/p>\n<p align=\"JUSTIFY\">Se desejarmos construir m\u00e1quinas capazes de avan\u00e7ar mesmo ao se defrontarem com situa\u00e7\u00f5es inimagin\u00e1veis ou imprevis\u00edveis, elas ter\u00e3o de tornar-se mais parecidas com o ser humano; isto \u00e9, dever\u00e3o possuir (ou pelo menos simular) a capacidade de deduzir. Conscientes desta necessidade, os cientistas da computa\u00e7\u00e3o dirigiram suas aten\u00e7\u00f5es para os psic\u00f3logos e seus modelos acerca da mente humana, na esperan\u00e7a de descobrir os princ\u00edpios que poderiam ser aplicados \u00e0 constru\u00e7\u00e3o de m\u00e1quinas e programas mais flex\u00edveis. O resultado indicou uma constante dificuldade de distin\u00e7\u00e3o entre as pesquisas de um psic\u00f3logo e as de um cientista da computa\u00e7\u00e3o. A diferen\u00e7a n\u00e3o est\u00e1 no que eles fazem, mas, sobretudo, nos seus objetivos. O psic\u00f3logo procura aprender mais sobre a mente humana, enquanto que o cientista da computa\u00e7\u00e3o busca a constru\u00e7\u00e3o de m\u00e1quinas mais \u00fateis.<\/p>\n","protected":false},"excerpt":{"rendered":"<p>Embora o computador seja seguidamente personificado, h\u00e1 uma importante distin\u00e7\u00e3o entre suas caracter\u00edsticas e as da mente humana. M\u00e1quinas algor\u00edtmicas [&hellip;]<\/p>\n","protected":false},"author":2,"featured_media":0,"parent":159,"menu_order":2,"comment_status":"closed","ping_status":"open","template":"","meta":{"footnotes":""},"class_list":["post-165","page","type-page","status-publish","hentry"],"jetpack_sharing_enabled":true,"jetpack_shortlink":"https:\/\/wp.me\/P4gyB8-2F","_links":{"self":[{"href":"https:\/\/biucsproject.org\/blog\/wp-json\/wp\/v2\/pages\/165","targetHints":{"allow":["GET"]}}],"collection":[{"href":"https:\/\/biucsproject.org\/blog\/wp-json\/wp\/v2\/pages"}],"about":[{"href":"https:\/\/biucsproject.org\/blog\/wp-json\/wp\/v2\/types\/page"}],"author":[{"embeddable":true,"href":"https:\/\/biucsproject.org\/blog\/wp-json\/wp\/v2\/users\/2"}],"replies":[{"embeddable":true,"href":"https:\/\/biucsproject.org\/blog\/wp-json\/wp\/v2\/comments?post=165"}],"version-history":[{"count":2,"href":"https:\/\/biucsproject.org\/blog\/wp-json\/wp\/v2\/pages\/165\/revisions"}],"predecessor-version":[{"id":336,"href":"https:\/\/biucsproject.org\/blog\/wp-json\/wp\/v2\/pages\/165\/revisions\/336"}],"up":[{"embeddable":true,"href":"https:\/\/biucsproject.org\/blog\/wp-json\/wp\/v2\/pages\/159"}],"wp:attachment":[{"href":"https:\/\/biucsproject.org\/blog\/wp-json\/wp\/v2\/media?parent=165"}],"curies":[{"name":"wp","href":"https:\/\/api.w.org\/{rel}","templated":true}]}}