{"id":161,"date":"2013-06-10T02:56:05","date_gmt":"2013-06-10T05:56:05","guid":{"rendered":"http:\/\/biucsproject.org\/blog\/?page_id=161"},"modified":"2013-06-14T00:04:02","modified_gmt":"2013-06-14T03:04:02","slug":"inteligencia-artificial","status":"publish","type":"page","link":"https:\/\/biucsproject.org\/blog\/ciencia-da-computacao\/inteligencia-artificial\/","title":{"rendered":"Intelig\u00eancia Artificial"},"content":{"rendered":"<p><iframe loading=\"lazy\" src=\"http:\/\/biucsproject.org\/music\/general\/computer_science_ia.htm\" height=\"41\" width=\"68\" frameborder=\"0\" scrolling=\"no\"><\/iframe><\/p>\n<p align=\"right\"><b><span style=\"font-size: xx-large;\">Cap\u00edtulo 10<\/span><\/b><\/p>\n<p align=\"right\"><b><span style=\"font-size: large;\">P\u00e1gina 373<\/span><\/b><\/p>\n<p align=\"justify\">Um dos principais objetivos dos cientistas da computa\u00e7\u00e3o \u00e9 o desenvolvimento de m\u00e1quinas que interajam com os seus ambientes \u00e0 maneira sensorial que tradicionalmente caracteriza os humanos, e que desempenhem suas fun\u00e7\u00f5es, de forma inteligente, sem a necessidade da interven\u00e7\u00e3o humana. A concretiza\u00e7\u00e3o deste objetivo exige que a m\u00e1quina &#8220;entenda&#8221; ou perceba o est\u00edmulo recebido e seja capaz de tirar conclus\u00f5es mediante alguma forma de processo de racioc\u00ednio.<\/p>\n<p align=\"justify\">Tanto a percep\u00e7\u00e3o quanto a dedu\u00e7\u00e3o se enquadram na categoria das atividades corriqueiras que, embora naturais para a mente humana, representam intensas dificuldades para as m\u00e1quinas. O resultado disto tudo \u00e9 que a \u00e1rea de pesquisa relacionada com esse objetivo, a intelig\u00eancia artificial, esteja numa fase muito primitiva em compara\u00e7\u00e3o com seus alvos e expectativas.<\/p>\n<p align=\"justify\">O tema da intelig\u00eancia artificial pode ser discutido em dois contextos. O primeiro \u00e9 de ordem filos\u00f3fica, no qual s\u00e3o consideradas quest\u00f5es relativas \u00e0 intelig\u00eancia propriamente dita, e se m\u00e1quinas s\u00e3o capazes de processar intelig\u00eancia real, ou somente simular a sua presen\u00e7a. O outro, de ordem mais cient\u00edfica, no qual se questiona de que maneira a tecnologia pode ser empregada na produ\u00e7\u00e3o de m\u00e1quinas que se comportem de forma inteligente.<\/p>\n","protected":false},"excerpt":{"rendered":"<p>Cap\u00edtulo 10 P\u00e1gina 373 Um dos principais objetivos dos cientistas da computa\u00e7\u00e3o \u00e9 o desenvolvimento de m\u00e1quinas que interajam com [&hellip;]<\/p>\n","protected":false},"author":2,"featured_media":0,"parent":159,"menu_order":0,"comment_status":"closed","ping_status":"open","template":"","meta":{"footnotes":""},"class_list":["post-161","page","type-page","status-publish","hentry"],"jetpack_sharing_enabled":true,"jetpack_shortlink":"https:\/\/wp.me\/P4gyB8-2B","_links":{"self":[{"href":"https:\/\/biucsproject.org\/blog\/wp-json\/wp\/v2\/pages\/161","targetHints":{"allow":["GET"]}}],"collection":[{"href":"https:\/\/biucsproject.org\/blog\/wp-json\/wp\/v2\/pages"}],"about":[{"href":"https:\/\/biucsproject.org\/blog\/wp-json\/wp\/v2\/types\/page"}],"author":[{"embeddable":true,"href":"https:\/\/biucsproject.org\/blog\/wp-json\/wp\/v2\/users\/2"}],"replies":[{"embeddable":true,"href":"https:\/\/biucsproject.org\/blog\/wp-json\/wp\/v2\/comments?post=161"}],"version-history":[{"count":2,"href":"https:\/\/biucsproject.org\/blog\/wp-json\/wp\/v2\/pages\/161\/revisions"}],"predecessor-version":[{"id":334,"href":"https:\/\/biucsproject.org\/blog\/wp-json\/wp\/v2\/pages\/161\/revisions\/334"}],"up":[{"embeddable":true,"href":"https:\/\/biucsproject.org\/blog\/wp-json\/wp\/v2\/pages\/159"}],"wp:attachment":[{"href":"https:\/\/biucsproject.org\/blog\/wp-json\/wp\/v2\/media?parent=161"}],"curies":[{"name":"wp","href":"https:\/\/api.w.org\/{rel}","templated":true}]}}