{"id":152,"date":"2013-06-10T02:48:00","date_gmt":"2013-06-10T05:48:00","guid":{"rendered":"http:\/\/biucsproject.org\/blog\/?page_id=152"},"modified":"2013-06-13T23:53:58","modified_gmt":"2013-06-14T02:53:58","slug":"previsoes-erradas","status":"publish","type":"page","link":"https:\/\/biucsproject.org\/blog\/o-desconhecido\/previsoes-erradas\/","title":{"rendered":"Previs\u00f5es Erradas"},"content":{"rendered":"<p><iframe loading=\"lazy\" src=\"http:\/\/biucsproject.org\/music\/general\/unknowledgement_errado.htm\" height=\"41\" width=\"68\" frameborder=\"0\" scrolling=\"no\"><\/iframe><\/p>\n<p align=\"justify\">A arrog\u00e2ncia tecnol\u00f3gica \u00e9 uma doen\u00e7a de fim de s\u00e9culo. J\u00e1 famoso pela inven\u00e7\u00e3o da l\u00e2mpada el\u00e9trica e do fon\u00f3grafo, o americano Thomas Edison ao anunciar, em 1891, a patentea\u00e7\u00e3o do projetor de imagens, precursor do cinema, previu: &#8220;Muito pouco ainda falta para ser inventado&#8221;. Pouco antes da virada do s\u00e9culo, um historiador chegou a propor o fechamento do escrit\u00f3rio de registro de patentes dos Estados Unidos. Na sua opini\u00e3o, o servi\u00e7o se tornara obsoleto porque simplesmente n\u00e3o haveria mais o que inventar. O mais interessante \u00e9 o que os cidad\u00e3os do s\u00e9culo passado tinham raz\u00f5es mais s\u00f3lidas de orgulho do que as que movem alguns estudiosos apressados de hoje a decretar o fim da Hist\u00f3ria, da economia e at\u00e9 da ci\u00eancia. Perto das brutais transforma\u00e7\u00f5es do final do s\u00e9culo XIX, vive-se atualmente uma calmaria. O mundo experimenta hoje um per\u00edodo de evolu\u00e7\u00e3o muito r\u00e1pida de tecnologias j\u00e1 dominadas anteriormente. Em contraste, na mesma \u00e9poca do s\u00e9culo passado, a humanidade estava sendo posta ideologicamente de cabe\u00e7a para baixo por Sigmund Freud, Karl Marx e Charles Darwin, ao mesmo tempo que experimentava revolu\u00e7\u00f5es tecnol\u00f3gicas e sem precedentes na Hist\u00f3ria.<\/p>\n<p align=\"justify\">Em poucas d\u00e9cadas surgiram a locomotiva (1825), a fotografia (1839), o transatl\u00e2ntico (1843), a eletricidade de uso comercial (1886) e o motor de combust\u00e3o interna (1876). Nas comunica\u00e7\u00f5es, o salto foi enorme. Apareceram o tel\u00e9grafo (1844) e o telefone (1876), cujo impacto sobre o cotidiano das pessoas foi incomparavelmente maior que o da Internet nos dias de hoje. Na medicina, o salto de qualidade foi dramaticamente superior ao proporcionado por qualquer droga ou terapia moderna. Em 1846 foi inventada a anestesia e, menos de vinte anos depois, a assepsia (1865) &#8211; o simples procedimento de esterilizar as m\u00e3os e os instrumentos cir\u00fargicos evitou mais mortes do que os antibi\u00f3ticos ou a tomografia computadorizada. Diante do al\u00edvio real proporcionado pela anestesia, a promessa miraculosa das terapias gen\u00e9ticas de nossos dias parece p\u00e1lida e distante. Vale lembrar tamb\u00e9m que muitas das mais vitais tecnologias e id\u00e9ias cient\u00edficas de nossos dias est\u00e3o assentadas em conceitos formulados por pensadores do s\u00e9culo passado, entre elas o computador, o foguete e a teoria geral da relatividade.<\/p>\n<hr \/>\n<p align=\"JUSTIFY\"><img loading=\"lazy\" decoding=\"async\" alt=\"\" src=\"http:\/\/biucsproject.org\/images\/dot_dna.gif\" width=\"8\" height=\"8\" \/>\u00a0&#8220;Quando um velho e reputado cientista disser que alguma coisa \u00e9 poss\u00edvel, ele quase sempre estar\u00e1 certo. Quando ele disser que \u00e9 imposs\u00edvel, muito provavelmente ele estar\u00e1 errado.&#8221;<br \/>\n(Artur Clarke)<\/p>\n<p align=\"JUSTIFY\"><img loading=\"lazy\" decoding=\"async\" alt=\"\" src=\"http:\/\/biucsproject.org\/images\/dot_dna.gif\" width=\"8\" height=\"8\" \/>\u00a0&#8220;Restringir nossa aten\u00e7\u00e3o aos assuntos terrestres seria limitar o esp\u00edrito humano.&#8221;<br \/>\n(Stephen Hawking)<\/p>\n<p align=\"JUSTIFY\"><img loading=\"lazy\" decoding=\"async\" alt=\"\" src=\"http:\/\/biucsproject.org\/images\/dot_dna.gif\" width=\"8\" height=\"8\" \/>\u00a0&#8220;Deus n\u00e3o joga dados com o universo.&#8221;<br \/>\n(Albert Einstein)<\/p>\n<p align=\"JUSTIFY\"><img loading=\"lazy\" decoding=\"async\" alt=\"\" src=\"http:\/\/biucsproject.org\/images\/dot_dna.gif\" width=\"8\" height=\"8\" \/>\u00a0&#8220;Deus n\u00e3o s\u00f3 joga dados com universo, mas os joga onde n\u00e3o possamos ver.&#8221;<br \/>\n(Steven Hawking)<\/p>\n<p align=\"JUSTIFY\"><img loading=\"lazy\" decoding=\"async\" alt=\"\" src=\"http:\/\/biucsproject.org\/images\/dot_dna.gif\" width=\"8\" height=\"8\" \/>\u00a0&#8220;A mente cr\u00e9dula [&#8230;] experimenta um grande prazer em acreditar em coisas estranhas, e quando mais estranhas forem, mais facilmente ser\u00e3o aceitas; mas nunca leva em considera\u00e7\u00e3o as coisas simples e plaus\u00edveis, pois todo mundo pode acreditar nelas.&#8221;<br \/>\n(Samuel Butler, Characters)<\/p>\n<p align=\"JUSTIFY\"><img loading=\"lazy\" decoding=\"async\" alt=\"\" src=\"http:\/\/biucsproject.org\/images\/dot_dna.gif\" width=\"8\" height=\"8\" \/>\u00a0&#8220;Tempo vir\u00e1 em que uma pesquisa diligente e cont\u00ednua esclarecer\u00e1 aspectos que agora permanecem escondidos. O espa\u00e7o de tempo de uma vida, mesmo se inteiramente devotada ao estudo do c\u00e9u, n\u00e3o seria suficiente para investigar um objetivo t\u00e3o vasto&#8230; Este conhecimento ser\u00e1 conseguido somente atrav\u00e9s de gera\u00e7\u00f5es sucessivas. Tempo vir\u00e1 em que os nossos descendentes ficar\u00e3o admirados de que n\u00e3o soub\u00e9ssemos particularidades t\u00e3o evidentes a eles&#8230; Muitas descobertas est\u00e3o reservadas para os que vir\u00e3o, quando a lembran\u00e7a de n\u00f3s estar\u00e1 apagada. O nosso universo ser\u00e1 um assunto sem import\u00e2ncia, a menos que haja alguma coisa nele a ser investigada a cada gera\u00e7\u00e3o&#8230; A natureza n\u00e3o revela seus mist\u00e9rios de uma s\u00f3 vez.&#8221;<br \/>\n(S\u00eaneca, s\u00e9culo I)<\/p>\n","protected":false},"excerpt":{"rendered":"<p>A arrog\u00e2ncia tecnol\u00f3gica \u00e9 uma doen\u00e7a de fim de s\u00e9culo. J\u00e1 famoso pela inven\u00e7\u00e3o da l\u00e2mpada el\u00e9trica e do fon\u00f3grafo, [&hellip;]<\/p>\n","protected":false},"author":2,"featured_media":0,"parent":135,"menu_order":5,"comment_status":"closed","ping_status":"open","template":"","meta":{"footnotes":""},"class_list":["post-152","page","type-page","status-publish","hentry"],"jetpack_sharing_enabled":true,"jetpack_shortlink":"https:\/\/wp.me\/P4gyB8-2s","_links":{"self":[{"href":"https:\/\/biucsproject.org\/blog\/wp-json\/wp\/v2\/pages\/152","targetHints":{"allow":["GET"]}}],"collection":[{"href":"https:\/\/biucsproject.org\/blog\/wp-json\/wp\/v2\/pages"}],"about":[{"href":"https:\/\/biucsproject.org\/blog\/wp-json\/wp\/v2\/types\/page"}],"author":[{"embeddable":true,"href":"https:\/\/biucsproject.org\/blog\/wp-json\/wp\/v2\/users\/2"}],"replies":[{"embeddable":true,"href":"https:\/\/biucsproject.org\/blog\/wp-json\/wp\/v2\/comments?post=152"}],"version-history":[{"count":4,"href":"https:\/\/biucsproject.org\/blog\/wp-json\/wp\/v2\/pages\/152\/revisions"}],"predecessor-version":[{"id":331,"href":"https:\/\/biucsproject.org\/blog\/wp-json\/wp\/v2\/pages\/152\/revisions\/331"}],"up":[{"embeddable":true,"href":"https:\/\/biucsproject.org\/blog\/wp-json\/wp\/v2\/pages\/135"}],"wp:attachment":[{"href":"https:\/\/biucsproject.org\/blog\/wp-json\/wp\/v2\/media?parent=152"}],"curies":[{"name":"wp","href":"https:\/\/api.w.org\/{rel}","templated":true}]}}