{"id":150,"date":"2013-06-10T02:46:56","date_gmt":"2013-06-10T05:46:56","guid":{"rendered":"http:\/\/biucsproject.org\/blog\/?page_id=150"},"modified":"2013-06-13T23:53:13","modified_gmt":"2013-06-14T02:53:13","slug":"questoes-desafiadoras","status":"publish","type":"page","link":"https:\/\/biucsproject.org\/blog\/o-desconhecido\/questoes-desafiadoras\/","title":{"rendered":"Quest\u00f5es Desafiadoras"},"content":{"rendered":"<p><iframe loading=\"lazy\" src=\"http:\/\/biucsproject.org\/music\/general\/unknowledgement_desafio.htm\" height=\"41\" width=\"68\" frameborder=\"0\" scrolling=\"no\"><\/iframe><\/p>\n<p align=\"JUSTIFY\"><b><span style=\"font-size: x-large;\">Quest\u00f5es desafiadoras<\/span><\/b>\u00a0&#8211; A terapia gen\u00e9tica vai estar logo nos consult\u00f3rios m\u00e9dicos, mas muito de seu fundamento te\u00f3rico ainda permanecera no campo da especula\u00e7\u00e3o. O s\u00e9culo se encerrar\u00e1 sem que muitas das quest\u00f5es mais desafiadoras do mundo biol\u00f3gico tenham obtido respostas satisfat\u00f3rias. Um exemplo: os cientistas ainda n\u00e3o sabem como de uma \u00fanica c\u00e9lula fecundada pode surgir um indiv\u00edduo complexo. O mist\u00e9rio \u00e9 que n\u00e3o existem informa\u00e7\u00f5es suficientes nos genes para, a partir de algumas prote\u00ednas e outras subst\u00e2ncias nutritivas, produzir um ser humano. S\u00f3 o c\u00e9rebro \u00e9 dezenas de vezes mais complexo do que o DNA, a mol\u00e9cula que transmite os caracteres heredit\u00e1rios. Como pode o DNA produzir o c\u00e9rebro? Os cientistas simplesmente n\u00e3o sabem. A embriologia \u00e9 ainda um mist\u00e9rio insond\u00e1vel. Depois de d\u00e9cadas estudando em v\u00e3o como as c\u00e9lulas nascem, se reproduzem e se diferenciam no embri\u00e3o, os cientistas chegaram \u00e0 conclus\u00e3o de que a resposta deve estar em outro lugar. Hoje, o campo mais promissor da embriologia \u00e9 o estudo de como e por que as c\u00e9lulas embrion\u00e1rias morrem. &#8220;Todas as cavidades, protuber\u00e2ncias e complexidades do embri\u00e3o, como os dedos, o globo ocular e as conex\u00f5es cerebrais, s\u00e3o produzidas por c\u00e9lulas que sabem exatamente a hora de morrer&#8221;, diz o pesquisador americano Herbert Shirer.\u00a0 &#8220;Porque e como essas c\u00e9lulas decidem o instante exato em que precisam se suicidar \u00e9 um dos maiores mist\u00e9rios da embriologia.&#8221;<a href=\"http:\/\/biucsproject.org\/oraculo.htm\" target=\"_top\"><img loading=\"lazy\" decoding=\"async\" alt=\"\" src=\"http:\/\/biucsproject.org\/images\/mv_purplehole.gif\" width=\"75\" height=\"75\" align=\"right\" border=\"0\" \/><\/a><\/p>\n<p align=\"JUSTIFY\">Esse e outros mist\u00e9rios ser\u00e3o decifrados? Algum dia a ci\u00eancia meteorol\u00f3gica saber\u00e1 afirmar com certeza se vai chover na semana que vem? Ser\u00e1 poss\u00edvel prever as erup\u00e7\u00f5es dos vulc\u00f5es ou os terremotos? Previs\u00f5es s\u00f3 podem ser feitas quando se conhecem todas as vari\u00e1veis envolvidas num fen\u00f4meno e exatamente como elas interagem. \u00e9 um trabalho incrivelmente complexo que os cientistas chamam de &#8220;modelagem&#8221;. O mais certo \u00e9 que o ser humano desembarcar\u00e1 em Marte antes de poder saber com certeza se vai dar praia no fim de semana &#8211; ou se Los Angeles ou a Cidade do M\u00e9xico ser\u00e3o destru\u00eddas por um terremoto em determinado dia. Mas \u00e9 reconfortante saber que os mist\u00e9rios fazem parte da boa ci\u00eancia. Antes de serem obst\u00e1culos, as grandes interroga\u00e7\u00f5es s\u00e3o a luz no caminho dos pesquisadores. Mais poderoso do que a d\u00favida no campo da ci\u00eancia talvez s\u00f3 o otimismo, como o que transborda da chamada primeira lei de Clarke, promulgada pelo fabuloso escritor de fic\u00e7\u00e3o cient\u00edfica Arthur Clarke: &#8220;Quando um velho e reputado cientista disser que alguma coisa \u00e9 poss\u00edvel, ele quase sempre estar\u00e1 certo. Quando ele disser que \u00e9 imposs\u00edvel, muito provavelmente ele estar\u00e1 errado&#8221;.<\/p>\n","protected":false},"excerpt":{"rendered":"<p>Quest\u00f5es desafiadoras\u00a0&#8211; A terapia gen\u00e9tica vai estar logo nos consult\u00f3rios m\u00e9dicos, mas muito de seu fundamento te\u00f3rico ainda permanecera no [&hellip;]<\/p>\n","protected":false},"author":2,"featured_media":0,"parent":135,"menu_order":4,"comment_status":"closed","ping_status":"open","template":"","meta":{"footnotes":""},"class_list":["post-150","page","type-page","status-publish","hentry"],"jetpack_sharing_enabled":true,"jetpack_shortlink":"https:\/\/wp.me\/P4gyB8-2q","_links":{"self":[{"href":"https:\/\/biucsproject.org\/blog\/wp-json\/wp\/v2\/pages\/150","targetHints":{"allow":["GET"]}}],"collection":[{"href":"https:\/\/biucsproject.org\/blog\/wp-json\/wp\/v2\/pages"}],"about":[{"href":"https:\/\/biucsproject.org\/blog\/wp-json\/wp\/v2\/types\/page"}],"author":[{"embeddable":true,"href":"https:\/\/biucsproject.org\/blog\/wp-json\/wp\/v2\/users\/2"}],"replies":[{"embeddable":true,"href":"https:\/\/biucsproject.org\/blog\/wp-json\/wp\/v2\/comments?post=150"}],"version-history":[{"count":2,"href":"https:\/\/biucsproject.org\/blog\/wp-json\/wp\/v2\/pages\/150\/revisions"}],"predecessor-version":[{"id":330,"href":"https:\/\/biucsproject.org\/blog\/wp-json\/wp\/v2\/pages\/150\/revisions\/330"}],"up":[{"embeddable":true,"href":"https:\/\/biucsproject.org\/blog\/wp-json\/wp\/v2\/pages\/135"}],"wp:attachment":[{"href":"https:\/\/biucsproject.org\/blog\/wp-json\/wp\/v2\/media?parent=150"}],"curies":[{"name":"wp","href":"https:\/\/api.w.org\/{rel}","templated":true}]}}