{"id":145,"date":"2013-06-10T02:44:30","date_gmt":"2013-06-10T05:44:30","guid":{"rendered":"http:\/\/biucsproject.org\/blog\/?page_id=145"},"modified":"2013-06-13T23:52:21","modified_gmt":"2013-06-14T02:52:21","slug":"cura-das-doencas","status":"publish","type":"page","link":"https:\/\/biucsproject.org\/blog\/o-desconhecido\/cura-das-doencas\/","title":{"rendered":"Cura das Doen\u00e7as"},"content":{"rendered":"<p><iframe loading=\"lazy\" src=\"http:\/\/biucsproject.org\/music\/general\/unknowledgement_a_cura.htm\" height=\"41\" width=\"68\" frameborder=\"0\" scrolling=\"no\"><\/iframe><br \/>\n<img loading=\"lazy\" decoding=\"async\" alt=\"\" src=\"http:\/\/biucsproject.org\/images\/mv_flash_bolt.gif\" width=\"64\" height=\"64\" align=\"left\" \/><img loading=\"lazy\" decoding=\"async\" alt=\"\" src=\"http:\/\/biucsproject.org\/images\/mv_flash_bolt.gif\" width=\"64\" height=\"64\" align=\"right\" \/><\/p>\n<p align=\"JUSTIFY\"><b><span style=\"font-size: x-large;\">A cura das doen\u00e7as<\/span><\/b>\u00a0&#8211; Se n\u00e3o s\u00e3o os computadores os carros-chefes do progresso cient\u00edfico atual, que campo da investiga\u00e7\u00e3o humana tem mais subst\u00e2ncia a oferecer num curto prazo? &#8220;Sem d\u00favida a biologia&#8221;, aposta o brasileiro Jos\u00e9 Alexandre Scheinkman, diretor do departamento de economia da Universidade de Chicago. &#8220;Os melhores resultados, as respostas mais fecundas estar\u00e3o brotando nos pr\u00f3ximos anos dos laborat\u00f3rios biol\u00f3gicos&#8221;, diz Scheinkman. O americano Trefil concorda: &#8220;A biologia, especialmente a molecular, \u00e9 o que a f\u00edsica foi no come\u00e7o do s\u00e9culo, uma f\u00e1brica de novidades pr\u00e1ticas de impacto imediato sobre a vida da maioria das pessoas&#8221;. Como? Em grande parte a medicina moderna consiste em tratar os sintomas at\u00e9 que o organismo tenha tempo para curar a si mesmo. De fato, em apenas tr\u00eas \u00e1reas os avan\u00e7os m\u00e9dicos conseguiram efetivamente eliminar doen\u00e7as. A primeira \u00e9 a da sa\u00fade p\u00fablica, com suas vacinas e medidas sanit\u00e1rias. A segunda, a da vit\u00f3ria contra os micr\u00f3bios. A terceira \u00e1rea, a mais badalada de todas, \u00e9 a das grandes interven\u00e7\u00f5es cir\u00fargicas. A quarta dimens\u00e3o que se abre nesse quadro \u00e9 a da terapia gen\u00e9tica. A ci\u00eancia m\u00e9dica do s\u00e9culo XX entrega esse campo a seus sucessores do pr\u00f3ximo s\u00e9culo ainda como uma formid\u00e1vel promessa. Que chances tem a terapia gen\u00e9tica de se transformar numa salvadora de vidas humanas? &#8220;As chances s\u00e3o boas, e isso deve come\u00e7ar a ocorrer de modo mais intensivo muito em breve, nos pr\u00f3ximo anos&#8221;, comenta Fernando Reinach, bi\u00f3logo molecular brasileiro da Universidade de S\u00e3o Paulo e da Cornell University, recentemente agraciado pela Hughes Foundation com a maior bolsa de pesquisa j\u00e1 concedida a um laborat\u00f3rio na Am\u00e9rica do Sul.<\/p>\n<p align=\"JUSTIFY\">A grande d\u00favida dos bi\u00f3logos moleculares \u00e9 descobrir uma maneira mais eficiente de injetar genes benfeitores nas c\u00e9lulas do organismo de pessoas doentes. Inocular um gene capaz de consertar um problema heredit\u00e1rio ou destruir um processo cancer\u00edgeno \u00e9 bem mais complicado do que uma transfus\u00e3o de sangue ou abrir um buraco no cr\u00e2nio de um paciente. O maior aliado dos bi\u00f3logos nessa luta, ironicamente, s\u00e3o os menores e mais poderosos inimigos da sa\u00fade humana, os v\u00edrus. &#8220;Brevemente estaremos assistindo a terapias muito eficientes em que v\u00edrus modificados no laborat\u00f3rio v\u00e3o ser injetados no corpo humano para destruir doen\u00e7as antes intrat\u00e1veis por outros m\u00e9todos&#8221;, prev\u00ea Trefil. A id\u00e9ia \u00e9 utilizar o potencial invasivo que os v\u00edrus j\u00e1 provaram possuir e transform\u00e1-los em mensageiros de genes, que , uma vez dentro das c\u00e9lulas doentes, possam consert\u00e1-las. Um painel do Instituto Nacional de Sa\u00fade dos Estados Unidos, o reputado NIH, realizado h\u00e1 dois anos, recomendou que os laborat\u00f3rios invistam pesado na &#8220;virusterapia&#8221; em detrimento de outras abordagens gen\u00e9ticas.<\/p>\n","protected":false},"excerpt":{"rendered":"<p>A cura das doen\u00e7as\u00a0&#8211; Se n\u00e3o s\u00e3o os computadores os carros-chefes do progresso cient\u00edfico atual, que campo da investiga\u00e7\u00e3o humana [&hellip;]<\/p>\n","protected":false},"author":2,"featured_media":0,"parent":135,"menu_order":3,"comment_status":"closed","ping_status":"open","template":"","meta":{"footnotes":""},"class_list":["post-145","page","type-page","status-publish","hentry"],"jetpack_sharing_enabled":true,"jetpack_shortlink":"https:\/\/wp.me\/P4gyB8-2l","_links":{"self":[{"href":"https:\/\/biucsproject.org\/blog\/wp-json\/wp\/v2\/pages\/145","targetHints":{"allow":["GET"]}}],"collection":[{"href":"https:\/\/biucsproject.org\/blog\/wp-json\/wp\/v2\/pages"}],"about":[{"href":"https:\/\/biucsproject.org\/blog\/wp-json\/wp\/v2\/types\/page"}],"author":[{"embeddable":true,"href":"https:\/\/biucsproject.org\/blog\/wp-json\/wp\/v2\/users\/2"}],"replies":[{"embeddable":true,"href":"https:\/\/biucsproject.org\/blog\/wp-json\/wp\/v2\/comments?post=145"}],"version-history":[{"count":2,"href":"https:\/\/biucsproject.org\/blog\/wp-json\/wp\/v2\/pages\/145\/revisions"}],"predecessor-version":[{"id":329,"href":"https:\/\/biucsproject.org\/blog\/wp-json\/wp\/v2\/pages\/145\/revisions\/329"}],"up":[{"embeddable":true,"href":"https:\/\/biucsproject.org\/blog\/wp-json\/wp\/v2\/pages\/135"}],"wp:attachment":[{"href":"https:\/\/biucsproject.org\/blog\/wp-json\/wp\/v2\/media?parent=145"}],"curies":[{"name":"wp","href":"https:\/\/api.w.org\/{rel}","templated":true}]}}