{"id":143,"date":"2013-06-10T02:43:29","date_gmt":"2013-06-10T05:43:29","guid":{"rendered":"http:\/\/biucsproject.org\/blog\/?page_id=143"},"modified":"2013-06-13T23:51:37","modified_gmt":"2013-06-14T02:51:37","slug":"o-cerebro","status":"publish","type":"page","link":"https:\/\/biucsproject.org\/blog\/o-desconhecido\/o-cerebro\/","title":{"rendered":"O C\u00e9rebro"},"content":{"rendered":"<p><iframe loading=\"lazy\" src=\"http:\/\/biucsproject.org\/music\/general\/unknowledgement_cerebro.htm\" height=\"41\" width=\"68\" frameborder=\"0\" scrolling=\"no\"><\/iframe><\/p>\n<p align=\"JUSTIFY\"><b><span style=\"font-size: x-large;\">Como funciona o c\u00e9rebro<\/span><\/b><span style=\"font-size: medium;\">\u00a0<\/span>&#8211; Saber o que n\u00e3o se sabe \u00e9 \u00f3timo ponto de partida. Nesse particular, os estudiosos do universo est\u00e3o em posi\u00e7\u00e3o privilegiada se comparados aos neurofisiologistas, cientistas devotados a entender o mecanismo de funcionamento do c\u00e9rebro humano. &#8220;Os neurofisiologistas s\u00e3o talvez os pesquisadores mais brilhantes de nosso tempo. Paradoxalmente, s\u00e3o os que menos respostas t\u00eam para dar e menos perguntas significativas conseguem formular&#8221;, diz Trefil. Tentar entender os mecanismos f\u00edsicos da consci\u00eancia humana ser\u00e1, sem d\u00favida, uma das mais espetaculares empreitadas cient\u00edficas do pr\u00f3ximo s\u00e9culo. Essa \u00e1rea de pesquisa est\u00e1 ainda engatinhando. Uma das raz\u00f5es do atraso \u00e9 que , para muitos te\u00f3ricos, o c\u00e9rebro n\u00e3o tem capacidade de entender a si mesmo.\u00a0<img loading=\"lazy\" decoding=\"async\" alt=\"\" src=\"http:\/\/biucsproject.org\/images\/pic_electronicviral.gif\" width=\"224\" height=\"266\" align=\"right\" hspace=\"10\" vspace=\"\" \/>&#8220;\u00c9 um ardil. quando o c\u00e9rebro humano se aperfei\u00e7oar a ponto de entender a si pr\u00f3prio ele se ter\u00e1 modificado de tal forma que ser\u00e1 preciso iniciar o estudo de novo do ponto de partida&#8221;, comenta o matem\u00e1tico ingl\u00eas Robert Penrose. Segundo ele, o mist\u00e9rio do c\u00e9rebro humano poder\u00e1 um dia ser revelado, mas isso ocorrer\u00e1 por meio de estudos indiretos. &#8220;N\u00e3o decifraremos a complexidade da atividade cerebral enquanto n\u00e3o descobrirmos exatamente como funciona a mat\u00e9ria no n\u00edvel at\u00f4mico&#8221;, diz Penrose. Em outras palavras, no fundo ningu\u00e9m sabe onde termina o c\u00e9rebro e come\u00e7a a mente &#8211; ou exatamente como os pensamentos imaterias podem ser estocados fisicamente no c\u00e9rebro por meio de intera\u00e7\u00f5es biol\u00f3gicas e qu\u00edmicas num processo que chamamos de mem\u00f3ria. Num ambiente de tanta incerteza, imagine o que aconteceria se algu\u00e9m perguntasse &#8220;onde fica a alma?&#8221; ou &#8220;o que \u00e9 o esp\u00edrito?&#8221; Responde Trefil, com humildade: &#8220;Nem todas as indaga\u00e7\u00f5es humanas pertencem ao universo da ci\u00eancia&#8221;.<\/p>\n<p align=\"JUSTIFY\">Num mundo mergulhado em computadores e badulaques eletr\u00f4nicos, tem-se a impress\u00e3o de que esse \u00e9 o campo das atividades cient\u00edficas que mais evolu\u00e7\u00e3o experimentou &#8211; e um futuro mais brilhante tem pela frente. Sem duvida, a miniaturiza\u00e7\u00e3o dos componentes eletr\u00f4nicos e a expans\u00e3o da capacidade de processamento dos chips foram um processo estrondoso. Um computador dom\u00e9stico custa hoje um mil\u00e9simo do que um modelo cient\u00edfico de alguns anos atr\u00e1s &#8211; e \u00e9 100 vezes mais poderoso. Toda essa revolu\u00e7\u00e3o, no entanto, pode estar j\u00e1 beliscando seus limites. &#8220;O computador como o conhecemos \u00e9 uma m\u00e1quina do passado&#8221;, diz o americano Michael Dertouzos, diretor do laborat\u00f3rio de ci\u00eancia da computa\u00e7\u00e3o do Instituto de Tecnologia de Massachusetts, MIT. &#8220;O computador do futuro ter\u00e1 de ser reinventado, Ele ser\u00e1 uma coisa bem diferente do que conhecemos hoje e, muito provavelmente, n\u00e3o ser\u00e1 derivado da estrutura das m\u00e1quinas atuais.&#8221; Dertouzos, em duas d\u00e9cadas como professor e diretor do MIT, ajudou a criar muitas das tecnologias que agora crit\u00edca. No livro\u00a0<i>What Will Be<\/i>\u00a0(O que Ser\u00e1), que acaba de ser publicado nos Estados Unidos, Dertouzos prev\u00ea que os computadores ter\u00e3o de ser simplificados se quiserem sobreviver. &#8220;\u00c9 inaceit\u00e1vel que em alguns anos de uso o dono de um PC acumule tantos manuais quantos s\u00e3o os volumes da\u00a0<i>Enciclop\u00e9dia Brit\u00e2nica<\/i>&#8220;. diz Dertouzos. &#8220;O computador precisa evoluir, e r\u00e1pido. S\u00f3 que quem os fabrica n\u00e3o sabe em que dire\u00e7\u00e3o.&#8221;<\/p>\n","protected":false},"excerpt":{"rendered":"<p>Como funciona o c\u00e9rebro\u00a0&#8211; Saber o que n\u00e3o se sabe \u00e9 \u00f3timo ponto de partida. Nesse particular, os estudiosos do [&hellip;]<\/p>\n","protected":false},"author":2,"featured_media":0,"parent":135,"menu_order":2,"comment_status":"closed","ping_status":"open","template":"","meta":{"footnotes":""},"class_list":["post-143","page","type-page","status-publish","hentry"],"jetpack_sharing_enabled":true,"jetpack_shortlink":"https:\/\/wp.me\/P4gyB8-2j","_links":{"self":[{"href":"https:\/\/biucsproject.org\/blog\/wp-json\/wp\/v2\/pages\/143","targetHints":{"allow":["GET"]}}],"collection":[{"href":"https:\/\/biucsproject.org\/blog\/wp-json\/wp\/v2\/pages"}],"about":[{"href":"https:\/\/biucsproject.org\/blog\/wp-json\/wp\/v2\/types\/page"}],"author":[{"embeddable":true,"href":"https:\/\/biucsproject.org\/blog\/wp-json\/wp\/v2\/users\/2"}],"replies":[{"embeddable":true,"href":"https:\/\/biucsproject.org\/blog\/wp-json\/wp\/v2\/comments?post=143"}],"version-history":[{"count":2,"href":"https:\/\/biucsproject.org\/blog\/wp-json\/wp\/v2\/pages\/143\/revisions"}],"predecessor-version":[{"id":328,"href":"https:\/\/biucsproject.org\/blog\/wp-json\/wp\/v2\/pages\/143\/revisions\/328"}],"up":[{"embeddable":true,"href":"https:\/\/biucsproject.org\/blog\/wp-json\/wp\/v2\/pages\/135"}],"wp:attachment":[{"href":"https:\/\/biucsproject.org\/blog\/wp-json\/wp\/v2\/media?parent=143"}],"curies":[{"name":"wp","href":"https:\/\/api.w.org\/{rel}","templated":true}]}}