{"id":141,"date":"2013-06-10T02:42:03","date_gmt":"2013-06-10T05:42:03","guid":{"rendered":"http:\/\/biucsproject.org\/blog\/?page_id=141"},"modified":"2013-06-13T23:50:35","modified_gmt":"2013-06-14T02:50:35","slug":"origem-do-universo","status":"publish","type":"page","link":"https:\/\/biucsproject.org\/blog\/o-desconhecido\/origem-do-universo\/","title":{"rendered":"Origem do Universo"},"content":{"rendered":"<p><iframe loading=\"lazy\" src=\"http:\/\/biucsproject.org\/music\/general\/unknowledgement_universo.htm\" height=\"41\" width=\"68\" frameborder=\"0\" scrolling=\"no\"><\/iframe><\/p>\n<p align=\"JUSTIFY\"><b><span style=\"font-size: x-large;\">A origem do universo<\/span><\/b>\u00a0&#8211; Das perguntas sem respostas nessa \u00e1rea, duas s\u00e3o consideradas fundamentais pelos investigadores. A primeira, simples e assustadora, \u00e9: &#8220;Por que o universo existe?&#8221;. Ou, de outra forma: &#8220;Por que existe alguma coisa no lugar do nada?&#8221;. A melhor resposta, altamente insatisfat\u00f3ria, vem de um grupo de pesquisadores liderados pelo cosmologista americano Alan Guth. Segundo ele, o universo nasceu por acaso de um mau funcionamento do v\u00e1cuo que o precedeu. O nada que existia antes do universo, sustenta Guth, era um ambiente em que part\u00edculas energ\u00e9ticas de cargas opostas passavam os dias anulando-se mutuamente, como um jogo de futebol que sempre termine em zero a zero porque todos os jogadores possuem exatamente as mesmas qualidades. Um dia, n\u00e3o se sabe bem por qu\u00ea, um tipo de part\u00edcula desempatou o jogo e predominou sobre as demais, criando a massa original que resultou na grande explos\u00e3o primordial conhecida como Big Bang. Mais f\u00e1cil acreditar no G\u00eanesis b\u00edblico? Talvez. &#8220;Melhor pensar no fen\u00f4meno da cria\u00e7\u00e3o do universo como um evento at\u00edpico, uma perturba\u00e7\u00e3o dessas que ocorrem mesmo nos sistemas mais equilibrados e ningu\u00e9m sabe bem por qu\u00ea&#8221;, resume o f\u00edsico Edward Tyron.<\/p>\n<p align=\"JUSTIFY\">A segunda pergunta cosmol\u00f3gica que tira os cientistas do s\u00e9rio \u00e9 sobre a origem e natureza de uma grande confus\u00e3o cient\u00edfica chamada &#8220;mat\u00e9ria escura&#8221;. as modernas teorias sobre nascimento, vida e morte do universo s\u00f3 ficam de p\u00e9 apoiadas na id\u00e9ia da exist\u00eancia dessa misteriosa subst\u00e2ncia. &#8220;N\u00e3o bastassem os mist\u00e9rios do mundo vis\u00edvel e tang\u00edvel, ainda temos de conviver com o fato de que 99% do universo \u00e9 feito de mat\u00e9ria escura, uma subst\u00e2ncia absolutamente misteriosa sobre a qual nada sabemos&#8221;, afirma Robert Hazen. Bota mist\u00e9rio nisso. Apesar de onipresente, a &#8220;mat\u00e9ria escura&#8221; \u00e9 invis\u00edvel mesmo aos mais poderosos telesc\u00f3pios da Terra. As certezas dos cientistas, por enquanto, se limitam ao que n\u00e3o \u00e9 a &#8220;mat\u00e9ria escura&#8221;. Em resumo, nada do que \u00e9 observ\u00e1vel por meios \u00f3ticos ou detect\u00e1vel pelos instrumentos terrestres pode fazer parte desta mat\u00e9ria. Atualmente, a maioria dos cientistas acredita que o candidato favorito para ser o recheio da massa escura do universo \u00e9 o neutrino, uma part\u00edcula subat\u00f4mica sem carga el\u00e9trica que \u00e9 a mais abundante no cosmo. O problema \u00e9 que nenhuma equipe de astrof\u00edsicos conseguiu determinar se o neutrino tem massa. Dificilmente isso ser\u00e1 feito nas pr\u00f3ximas duas d\u00e9cadas. &#8220;Enquanto n\u00e3o se puder medir a massa do neutrino, a macarronada da cosmologia moderna ficar\u00e1 esfriando sobre a mesa, cada vez mais insossa e dif\u00edcil de engolir&#8221;, diz James Trefil, f\u00edsico da Universidade George Mason e autor do livro\u00a0<i>Fronteiras do Desconhecido<\/i>, que inspirou esta reportagem.<\/p>\n<p align=\"JUSTIFY\"><em id=\"__mceDel\"><br \/>\n<img loading=\"lazy\" decoding=\"async\" alt=\"\" src=\"http:\/\/biucsproject.org\/images\/dot_planet.gif\" width=\"8\" height=\"8\" \/>\u00a0Existe temperatura mais fria que o zero absoluto?<br \/>\n<img loading=\"lazy\" decoding=\"async\" alt=\"\" src=\"http:\/\/biucsproject.org\/images\/dot_planet.gif\" width=\"8\" height=\"8\" \/>\u00a0Por que centenas de milh\u00f5es de toneladas de carbono somem na atmosfera todos os anos?<br \/>\n<img loading=\"lazy\" decoding=\"async\" alt=\"\" src=\"http:\/\/biucsproject.org\/images\/dot_planet.gif\" width=\"8\" height=\"8\" \/>\u00a0Como os genes s\u00e3o controlados?<br \/>\n<img loading=\"lazy\" decoding=\"async\" alt=\"\" src=\"http:\/\/biucsproject.org\/images\/dot_planet.gif\" width=\"8\" height=\"8\" \/>\u00a0Como uma c\u00e9lula d\u00e1 origem a um organismo complexo?<br \/>\n<img loading=\"lazy\" decoding=\"async\" alt=\"\" src=\"http:\/\/biucsproject.org\/images\/dot_planet.gif\" width=\"8\" height=\"8\" \/>\u00a0Como o DNA consegue se auto-consertar?<br \/>\n<img loading=\"lazy\" decoding=\"async\" alt=\"\" src=\"http:\/\/biucsproject.org\/images\/dot_planet.gif\" width=\"8\" height=\"8\" \/>\u00a0Por que o DNA humano tem largas por\u00e7\u00f5es in\u00fateis?<br \/>\n<img loading=\"lazy\" decoding=\"async\" alt=\"\" src=\"http:\/\/biucsproject.org\/images\/dot_planet.gif\" width=\"8\" height=\"8\" \/>\u00a0A mente pode existir separada do c\u00e9rebro?<br \/>\n<img loading=\"lazy\" decoding=\"async\" alt=\"\" src=\"http:\/\/biucsproject.org\/images\/dot_planet.gif\" width=\"8\" height=\"8\" \/>\u00a0Quantas esp\u00e9cies de vida existem na Terra?<br \/>\n<img loading=\"lazy\" decoding=\"async\" alt=\"\" src=\"http:\/\/biucsproject.org\/images\/dot_planet.gif\" width=\"8\" height=\"8\" \/>\u00a0\u00c9 poss\u00edvel entender a consci\u00eancia?<\/em><\/p>\n","protected":false},"excerpt":{"rendered":"<p>A origem do universo\u00a0&#8211; Das perguntas sem respostas nessa \u00e1rea, duas s\u00e3o consideradas fundamentais pelos investigadores. A primeira, simples e [&hellip;]<\/p>\n","protected":false},"author":2,"featured_media":0,"parent":135,"menu_order":1,"comment_status":"closed","ping_status":"open","template":"","meta":{"footnotes":""},"class_list":["post-141","page","type-page","status-publish","hentry"],"jetpack_sharing_enabled":true,"jetpack_shortlink":"https:\/\/wp.me\/P4gyB8-2h","_links":{"self":[{"href":"https:\/\/biucsproject.org\/blog\/wp-json\/wp\/v2\/pages\/141","targetHints":{"allow":["GET"]}}],"collection":[{"href":"https:\/\/biucsproject.org\/blog\/wp-json\/wp\/v2\/pages"}],"about":[{"href":"https:\/\/biucsproject.org\/blog\/wp-json\/wp\/v2\/types\/page"}],"author":[{"embeddable":true,"href":"https:\/\/biucsproject.org\/blog\/wp-json\/wp\/v2\/users\/2"}],"replies":[{"embeddable":true,"href":"https:\/\/biucsproject.org\/blog\/wp-json\/wp\/v2\/comments?post=141"}],"version-history":[{"count":2,"href":"https:\/\/biucsproject.org\/blog\/wp-json\/wp\/v2\/pages\/141\/revisions"}],"predecessor-version":[{"id":327,"href":"https:\/\/biucsproject.org\/blog\/wp-json\/wp\/v2\/pages\/141\/revisions\/327"}],"up":[{"embeddable":true,"href":"https:\/\/biucsproject.org\/blog\/wp-json\/wp\/v2\/pages\/135"}],"wp:attachment":[{"href":"https:\/\/biucsproject.org\/blog\/wp-json\/wp\/v2\/media?parent=141"}],"curies":[{"name":"wp","href":"https:\/\/api.w.org\/{rel}","templated":true}]}}