{"id":137,"date":"2013-06-10T02:39:39","date_gmt":"2013-06-10T05:39:39","guid":{"rendered":"http:\/\/biucsproject.org\/blog\/?page_id=137"},"modified":"2013-06-13T23:49:46","modified_gmt":"2013-06-14T02:49:46","slug":"triunfalismo","status":"publish","type":"page","link":"https:\/\/biucsproject.org\/blog\/o-desconhecido\/triunfalismo\/","title":{"rendered":"Triunfalismo"},"content":{"rendered":"<p><iframe loading=\"lazy\" src=\"http:\/\/biucsproject.org\/music\/general\/unknowledgement_triunfalismo.htm\" height=\"41\" width=\"68\" frameborder=\"0\" scrolling=\"no\"><\/iframe><br \/>\n<img loading=\"lazy\" decoding=\"async\" alt=\"\" src=\"http:\/\/biucsproject.org\/images\/mv_flash_tunnel.gif\" width=\"64\" height=\"64\" align=\"left\" \/><img loading=\"lazy\" decoding=\"async\" alt=\"\" src=\"http:\/\/biucsproject.org\/images\/mv_flash_tunnel.gif\" width=\"64\" height=\"64\" align=\"right\" \/><\/p>\n<p align=\"JUSTIFY\"><b><span style=\"font-size: x-large;\">Triunfalismo<\/span><\/b>\u00a0&#8211; Hazen foi a primeira voz a se levantar contra o triunfalismo da ci\u00eancia americana vocalizado por autores como John Horgan, cujo livro\u00a0<i>O Fim da Ci\u00eancia<\/i>\u00a0resumiu o pensamento reinante: a humanidade est\u00e1 chegando ao fim de sua capacidade de aprendizado, uma \u00e9poca gloriosa em que todas as leis da natureza foram descobertas e tudo que se materializar de agora em diante nas pesquisas \u00e9 acess\u00f3rio. Basta um pouco de humildade e conhecimento da Hist\u00f3ria para perceber que essa atitude \u00e9 uma besteira. No final do s\u00e9culo XIX, muitos cientistas de elite, inclusive um que posava de guru de sua \u00e9poca, o ingl\u00eas William Thomson. o lorde Kelvin, decretaram que a f\u00edsica j\u00e1 havia descoberto tudo de mais importante (<i>veja logo abaixo em P<\/i>revis\u00f5es erradas). Kelvin, por ironia, morreu em 1907, dois anos depois que Albert Einstein revolucionou a ci\u00eancia com sua teoria da relatividade. Os mist\u00e9rios est\u00e3o soltos no campo da ci\u00eancia. Mesmo quest\u00f5es simples como &#8220;o que \u00e9 eletricidade?&#8221; ou &#8220;por que a noite \u00e9 escura?&#8221; n\u00e3o tem respostas de todo incontroversas.<\/p>\n<p align=\"JUSTIFY\">Inteiramente domada e colocada a servi\u00e7o do homem, a eletricidade \u00e9 originada por uma part\u00edcula subat\u00f4mica, o el\u00e9tron, sobre cuja natureza restam mais d\u00favidas do que sobre a sanidade mental de Mike Tyson. Quem acha que a noite \u00e9 escura porque n\u00e3o tem sol est\u00e1 de posse de apenas metade da resposta. A verdadeira quest\u00e3o cient\u00edfica que desafia os pesquisadores h\u00e1 s\u00e9culos \u00e9 outra: &#8220;Se o universo \u00e9 uniformemente preenchido por bilh\u00f5es e bilh\u00f5es de estrelas, algumas centenas de vezes mais brilhantes do que o Sol, por que a luz delas n\u00e3o ilumina a noite?&#8221;. Esse problema, conhecido como paradoxo de Olbers, foi proposto em 1823 pelo astr\u00f4nomo alem\u00e3o Heinrich Wilhelm Olbers. Atualmente, os f\u00edsicos acreditam ter resolvido o paradoxo com a explica\u00e7\u00e3o de que o universo \u00e9 muito jovem e, portanto, a luz da maioria das estrelas n\u00e3o teve tempo suficiente para chegar a Terra. Simples? Nada disso. A quest\u00e3o da idade do universo \u00e9 uma embrulhada sem tamanho. Recentemente, um grupo de astrof\u00edsicos da Ag\u00eancia Espacial Europ\u00e9ia mediu a idade de algumas estrelas e chegou \u00e0 conclus\u00e3o de que elas s\u00e3o mais velhas do que o universo. Pode um filho ser mais velho do que o pai? Certamente n\u00e3o. Mas a medi\u00e7\u00e3o \u00e9 uma mostra do grau de incertezas dos pesquisadores nesse campo da investiga\u00e7\u00e3o astron\u00f4mica e cosmol\u00f3gica.<\/p>\n<p><em id=\"__mceDel\"><br \/>\n<img loading=\"lazy\" decoding=\"async\" alt=\"\" src=\"http:\/\/biucsproject.org\/images\/dot_star_silver.gif\" width=\"8\" height=\"8\" \/>\u00a0Por que o universo existe?<br \/>\n<img loading=\"lazy\" decoding=\"async\" alt=\"\" src=\"http:\/\/biucsproject.org\/images\/dot_star_gold.gif\" width=\"8\" height=\"8\" \/>\u00a0De que \u00e9 feita a &#8220;mat\u00e9ria escura&#8221; do universo?<br \/>\n<img loading=\"lazy\" decoding=\"async\" alt=\"\" src=\"http:\/\/biucsproject.org\/images\/dot_star_green.gif\" width=\"8\" height=\"8\" \/>\u00a0Por que as estrelas se agrupam em gal\u00e1xias?<br \/>\n<img loading=\"lazy\" decoding=\"async\" alt=\"\" src=\"http:\/\/biucsproject.org\/images\/dot_star_blue.gif\" width=\"8\" height=\"8\" \/>\u00a0Qual \u00e9 a idade do universo?<br \/>\n<img loading=\"lazy\" decoding=\"async\" alt=\"\" src=\"http:\/\/biucsproject.org\/images\/dot_star_silver.gif\" width=\"8\" height=\"8\" \/>\u00a0Por que os buracos negros do universo nunca foram vistos?<br \/>\n<img loading=\"lazy\" decoding=\"async\" alt=\"\" src=\"http:\/\/biucsproject.org\/images\/dot_star_gold.gif\" width=\"8\" height=\"8\" \/>\u00a0Nosso universo \u00e9 \u00fanico ou apenas um entre milh\u00f5es?<br \/>\n<img loading=\"lazy\" decoding=\"async\" alt=\"\" src=\"http:\/\/biucsproject.org\/images\/dot_star_green.gif\" width=\"8\" height=\"8\" \/>\u00a0Pode uma \u00fanica teoria explicar todos os fen\u00f4menos f\u00edsicos?<br \/>\n<img loading=\"lazy\" decoding=\"async\" alt=\"\" src=\"http:\/\/biucsproject.org\/images\/dot_star_blue.gif\" width=\"8\" height=\"8\" \/>\u00a0Como e quando o universo vai acabar?<br \/>\n<img loading=\"lazy\" decoding=\"async\" alt=\"\" src=\"http:\/\/biucsproject.org\/images\/dot_star_silver.gif\" width=\"8\" height=\"8\" \/>\u00a0Plut\u00e3o \u00e9 mesmo um planeta?<\/em><\/p>\n","protected":false},"excerpt":{"rendered":"<p>Triunfalismo\u00a0&#8211; Hazen foi a primeira voz a se levantar contra o triunfalismo da ci\u00eancia americana vocalizado por autores como John [&hellip;]<\/p>\n","protected":false},"author":2,"featured_media":0,"parent":135,"menu_order":0,"comment_status":"closed","ping_status":"open","template":"","meta":{"footnotes":""},"class_list":["post-137","page","type-page","status-publish","hentry"],"jetpack_sharing_enabled":true,"jetpack_shortlink":"https:\/\/wp.me\/P4gyB8-2d","_links":{"self":[{"href":"https:\/\/biucsproject.org\/blog\/wp-json\/wp\/v2\/pages\/137","targetHints":{"allow":["GET"]}}],"collection":[{"href":"https:\/\/biucsproject.org\/blog\/wp-json\/wp\/v2\/pages"}],"about":[{"href":"https:\/\/biucsproject.org\/blog\/wp-json\/wp\/v2\/types\/page"}],"author":[{"embeddable":true,"href":"https:\/\/biucsproject.org\/blog\/wp-json\/wp\/v2\/users\/2"}],"replies":[{"embeddable":true,"href":"https:\/\/biucsproject.org\/blog\/wp-json\/wp\/v2\/comments?post=137"}],"version-history":[{"count":4,"href":"https:\/\/biucsproject.org\/blog\/wp-json\/wp\/v2\/pages\/137\/revisions"}],"predecessor-version":[{"id":326,"href":"https:\/\/biucsproject.org\/blog\/wp-json\/wp\/v2\/pages\/137\/revisions\/326"}],"up":[{"embeddable":true,"href":"https:\/\/biucsproject.org\/blog\/wp-json\/wp\/v2\/pages\/135"}],"wp:attachment":[{"href":"https:\/\/biucsproject.org\/blog\/wp-json\/wp\/v2\/media?parent=137"}],"curies":[{"name":"wp","href":"https:\/\/api.w.org\/{rel}","templated":true}]}}