{"id":135,"date":"2013-06-10T02:38:44","date_gmt":"2013-06-10T05:38:44","guid":{"rendered":"http:\/\/biucsproject.org\/blog\/?page_id=135"},"modified":"2013-09-14T03:25:50","modified_gmt":"2013-09-14T06:25:50","slug":"o-desconhecido","status":"publish","type":"page","link":"https:\/\/biucsproject.org\/blog\/o-desconhecido\/","title":{"rendered":"O Desconhecido"},"content":{"rendered":"<p><iframe loading=\"lazy\" src=\"http:\/\/biucsproject.org\/music\/general\/unknowledgement_intro.htm\" height=\"41\" width=\"68\" frameborder=\"0\" scrolling=\"no\"><\/iframe><\/p>\n<p align=\"right\"><i><b><span style=\"font-size: xx-large;\">Especial Fronteiras do Desconhecido<\/span><\/b><\/i><br \/>\n<img loading=\"lazy\" decoding=\"async\" alt=\"\" src=\"http:\/\/biucsproject.org\/images\/pic_lunarstation.gif\" width=\"291\" height=\"220\" align=\"right\" \/>(Eur\u00edpedes Alc\u00e2ntara)<\/p>\n<p align=\"JUSTIFY\">Quando as baterias da sonda Pathfinder se esgotarem, dentro de um m\u00eas, e as emiss\u00f5es de r\u00e1dio vindas de Marte silenciarem para sempre, os cientistas ter\u00e3o em m\u00e3os uma montanha de dados para analisar. Para alegria deles, as informa\u00e7\u00f5es recolhidas pelos sensores da sonda v\u00e3o servir para responder a algumas indaga\u00e7\u00f5es, mas, principalmente, v\u00e3o ajud\u00e1-los a formular uma batelada de novas perguntas. &#8220;Marte continuar\u00e1 sendo um mist\u00e9rio que manter\u00e1 nossa curiosidade acesa pelo pr\u00f3ximo s\u00e9culo&#8221;, disse Mattew Glombek, chefe do projeto cient\u00edfico que colocou a formid\u00e1vel geringon\u00e7a na superf\u00edcie do planeta vermelho. &#8220;Ainda n\u00e3o sabemos se existe ou existiu vida por l\u00e1.&#8221; \u00c9 assim que a boa ci\u00eancia caminha, assentando um pouco de poeira ao mesmo tempo que semeia um vendaval de d\u00favidas.<\/p>\n<p align=\"JUSTIFY\">Ao contr\u00e1rio do que sugere o despudor de alguns pesquisadores e do crescente sensacionalismo das publica\u00e7\u00f5es especializadas, a ci\u00eancia continua produzindo mais d\u00favidas do que certezas absolutas. O que \u00e9 muito bom. A verdadeira medida do progresso cient\u00edfico n\u00e3o est\u00e1 na quantidade de respostas que os pesquisadores podem produzir, mas na qualidade das indaga\u00e7\u00f5es que eles aprendem a formular. Como se ver\u00e1 nas seis p\u00e1ginas desta reportagem, a atual gera\u00e7\u00e3o de cientistas legar\u00e1 a seus pares do pr\u00f3ximo mil\u00eanio uma pauta variada de quest\u00f5es sem resposta. &#8220;N\u00e3o acredite quando lhe disserem que desvendamos os grandes segredos da natureza e que n\u00e3o h\u00e1 mais nada de importante para ser descoberto&#8221;, alerta Robert Hazen, geof\u00edsico da Carnegie Institution, de Washington, e autor do livro<i>Porque os Buracos Negros N\u00e3o S\u00e3o Negros?<\/i>.<\/p>\n","protected":false},"excerpt":{"rendered":"<p>Especial Fronteiras do Desconhecido (Eur\u00edpedes Alc\u00e2ntara) Quando as baterias da sonda Pathfinder se esgotarem, dentro de um m\u00eas, e as [&hellip;]<\/p>\n","protected":false},"author":2,"featured_media":0,"parent":0,"menu_order":10,"comment_status":"closed","ping_status":"open","template":"","meta":{"footnotes":""},"class_list":["post-135","page","type-page","status-publish","hentry"],"jetpack_sharing_enabled":true,"jetpack_shortlink":"https:\/\/wp.me\/P4gyB8-2b","_links":{"self":[{"href":"https:\/\/biucsproject.org\/blog\/wp-json\/wp\/v2\/pages\/135","targetHints":{"allow":["GET"]}}],"collection":[{"href":"https:\/\/biucsproject.org\/blog\/wp-json\/wp\/v2\/pages"}],"about":[{"href":"https:\/\/biucsproject.org\/blog\/wp-json\/wp\/v2\/types\/page"}],"author":[{"embeddable":true,"href":"https:\/\/biucsproject.org\/blog\/wp-json\/wp\/v2\/users\/2"}],"replies":[{"embeddable":true,"href":"https:\/\/biucsproject.org\/blog\/wp-json\/wp\/v2\/comments?post=135"}],"version-history":[{"count":4,"href":"https:\/\/biucsproject.org\/blog\/wp-json\/wp\/v2\/pages\/135\/revisions"}],"predecessor-version":[{"id":512,"href":"https:\/\/biucsproject.org\/blog\/wp-json\/wp\/v2\/pages\/135\/revisions\/512"}],"wp:attachment":[{"href":"https:\/\/biucsproject.org\/blog\/wp-json\/wp\/v2\/media?parent=135"}],"curies":[{"name":"wp","href":"https:\/\/api.w.org\/{rel}","templated":true}]}}