{"id":130,"date":"2013-06-10T02:27:05","date_gmt":"2013-06-10T05:27:05","guid":{"rendered":"http:\/\/biucsproject.org\/blog\/?page_id=130"},"modified":"2013-06-10T02:27:05","modified_gmt":"2013-06-10T05:27:05","slug":"sindrome-do-lazer","status":"publish","type":"page","link":"https:\/\/biucsproject.org\/blog\/reforma-educacional\/sindrome-do-lazer\/","title":{"rendered":"S\u00edndrome do Lazer"},"content":{"rendered":"<p align=\"center\"><b><span style=\"font-size: x-large;\">F\u00e9rias: Psiquiatra apresenta os sintomas da s\u00edndrome do lazer<\/span><\/b><\/p>\n<p align=\"justify\">Da reda\u00e7\u00e3o\u00a0<i>Por Ana Beatriz Silva<\/i><\/p>\n<p align=\"justify\">A s\u00edndrome do lazer pode ser definida pela presen\u00e7a de crises de ansiedade, ang\u00fastia, dores de cabe\u00e7a e\/ou musculares, n\u00e1useas e fadiga em indiv\u00edduos que encontram-se fora de suas atividades. O problema afeta homens e mulheres que apresentam um comportamento compulsivo pelo trabalho e por isso mesmo manifesta-se nos finais de semana, feriados prolongados e principalmente em per\u00edodos destinados \u00e0s f\u00e9rias. Estima-se que tal comportamento afeta at\u00e9 5% da popula\u00e7\u00e3o economicamente ativa.<img decoding=\"async\" class=\"alignright\" alt=\"\" src=\"http:\/\/biucsproject.org\/images\/pic_job.jpg\" \/><\/p>\n<p align=\"justify\">Na realidade, a s\u00edndrome do lazer nada mais \u00e9 do que a conseq\u00fc\u00eancia adoecida de um comportamento socialmente aceito e estimulado que \u00e9 leigamente chamado de &#8216;workaholic&#8217; ou &#8216;viciado em trabalho&#8217;.<\/p>\n<p align=\"justify\">Como toda compuls\u00e3o, a compuls\u00e3o por trabalho \u00e9 estabelecida atrav\u00e9s de uma combina\u00e7\u00e3o de diversos aspectos. Entre eles destacamos:<\/p>\n<p align=\"justify\">&#8211; Biol\u00f3gico: responde pelo tipo de personalidade do indiv\u00edduo<\/p>\n<p align=\"justify\">&#8211; Psicol\u00f3gico: responde pelo gatilho que ir\u00e1 acionar a repeti\u00e7\u00e3o do comportamento<\/p>\n<p align=\"justify\">&#8211; Social\/cultural: responde pela forma, conte\u00fado e intensidade que o comportamento compulsivo ir\u00e1 adquirir<\/p>\n<p align=\"justify\">O perfil do &#8216;workaholic&#8217; e, conseq\u00fcentemente, do candidato \u00e0 s\u00edndrome do lazer \u00e9 bem estabelecido: trata-se de indiv\u00edduos perfeccionistas, controladores e inseguros que costumam trabalhar mais de 10 horas por dia e vivem sob stress constante.<\/p>\n<p align=\"justify\">O &#8216;workaholic&#8217; ou viciado em trabalho tende a ter uma grande aceita\u00e7\u00e3o social, uma vez que este tipo de compuls\u00e3o costuma ser associada a n\u00edveis de produtividade fora do comum. Esta associa\u00e7\u00e3o, no entanto, n\u00e3o corresponde \u00e0 realidade, pelo menos em sua plenitude. Afinal o &#8216;workaholic&#8217; \u00e9 t\u00e3o obcecado em agir no trabalho que ele pode, na verdade, estender suas tarefas retardando suas conclus\u00f5es e prejudicando com isso a sua produtividade final. Al\u00e9m disso, ele tende a atrofiar todos os demais setores de sua vida (pessoal, afetiva, social e familiar), o que costuma lhe render muita culpa e remorso.<\/p>\n<p align=\"justify\">O comportamento &#8216;workaholic&#8217; tender\u00e1 com o passar do tempo a ser cada vez mais considerado um funcionamento patol\u00f3gico. Afinal, a automa\u00e7\u00e3o industrial tem nos levado a uma sociedade onde os empregados s\u00e3o em sua maioria trabalhadores intelectuais, aos quais s\u00e3o solicitadas id\u00e9ias e n\u00e3o &#8216;parafusos&#8217;. E a quantidade total de id\u00e9ias produzidas n\u00e3o \u00e9 diretamente proporcional \u00e0 quantidade de horas de perman\u00eancia no interior de uma empresa. Quanto mais tempo se passa trancafiado numa empresa, menos est\u00edmulos criativos s\u00e3o captados por um empregado. Al\u00e9m disso, pessoas que costumam permanecer muito tempo em seus locais de trabalho tendem a &#8216;matar&#8217; o tempo elaborando novos procedimentos para impor aos outros. E assim, com o tempo a empresa se reduz a um amontoado de regulamentos in\u00fateis \u00e0 sua efici\u00eancia, danosos \u00e0 sua produtividade e letais \u00e0 sua criatividade.<\/p>\n<p align=\"justify\">O trabalhador do futuro dividir\u00e1 seu tempo livre, que tende a ser maior, em tr\u00eas partes:<\/p>\n<p align=\"justify\">&#8211; Cuidado com o corpo e a mente<br \/>\n&#8211; Cuidado com fam\u00edlia e amigos<br \/>\n&#8211; Cuidado \u00e0 sua coletividade<\/p>\n<p align=\"justify\"><b>Fonte:<\/b>\u00a0Ana Beatriz Silva \u00e9 psiquiatra<\/p>\n<p align=\"justify\"><b>Original:<\/b>\u00a0<a href=\"http:\/\/www2.uol.com.br\/vyaestelar\/sindrome_lazer.htm\" target=\"_blank\">http:\/\/www2.uol.com.br\/vyaestelar\/sindrome_lazer.htm<\/a><\/p>\n","protected":false},"excerpt":{"rendered":"<p>F\u00e9rias: Psiquiatra apresenta os sintomas da s\u00edndrome do lazer Da reda\u00e7\u00e3o\u00a0Por Ana Beatriz Silva A s\u00edndrome do lazer pode ser [&hellip;]<\/p>\n","protected":false},"author":2,"featured_media":0,"parent":116,"menu_order":4,"comment_status":"closed","ping_status":"open","template":"","meta":{"footnotes":""},"class_list":["post-130","page","type-page","status-publish","hentry"],"jetpack_sharing_enabled":true,"jetpack_shortlink":"https:\/\/wp.me\/P4gyB8-26","_links":{"self":[{"href":"https:\/\/biucsproject.org\/blog\/wp-json\/wp\/v2\/pages\/130","targetHints":{"allow":["GET"]}}],"collection":[{"href":"https:\/\/biucsproject.org\/blog\/wp-json\/wp\/v2\/pages"}],"about":[{"href":"https:\/\/biucsproject.org\/blog\/wp-json\/wp\/v2\/types\/page"}],"author":[{"embeddable":true,"href":"https:\/\/biucsproject.org\/blog\/wp-json\/wp\/v2\/users\/2"}],"replies":[{"embeddable":true,"href":"https:\/\/biucsproject.org\/blog\/wp-json\/wp\/v2\/comments?post=130"}],"version-history":[{"count":1,"href":"https:\/\/biucsproject.org\/blog\/wp-json\/wp\/v2\/pages\/130\/revisions"}],"predecessor-version":[{"id":131,"href":"https:\/\/biucsproject.org\/blog\/wp-json\/wp\/v2\/pages\/130\/revisions\/131"}],"up":[{"embeddable":true,"href":"https:\/\/biucsproject.org\/blog\/wp-json\/wp\/v2\/pages\/116"}],"wp:attachment":[{"href":"https:\/\/biucsproject.org\/blog\/wp-json\/wp\/v2\/media?parent=130"}],"curies":[{"name":"wp","href":"https:\/\/api.w.org\/{rel}","templated":true}]}}